{"id":85,"date":"2012-09-07T15:36:43","date_gmt":"2012-09-07T13:36:43","guid":{"rendered":"https:\/\/www.funiculart.fr\/ressources\/?page_id=85"},"modified":"2022-06-14T10:12:29","modified_gmt":"2022-06-14T08:12:29","slug":"tribunal-de-commerce-de-saint-valery","status":"publish","type":"page","link":"https:\/\/www.funiculart.fr\/ressources\/tribunal-de-commerce-de-saint-valery\/","title":{"rendered":"Tribunal de Commerce de Saint-Valery."},"content":{"rendered":"<p>Un lieu d&rsquo;exposition qui par son contexte est plut\u00f4t r\u00e9serv\u00e9 aux peintres et sculpteurs de la r\u00e9gion (Somme), mais qui peut facilement accueillir toutes sortes d&rsquo;artistes. le Tribunal de Commerce de Saint-Valery est situ\u00e9 en plein centre ville, avec vue sur Baie, pr\u00e8s des restaurants et des commerces&#8230;<\/p>\n<div><strong>Location du Tribunal de Commerce de Saint-Valery<\/strong> :<\/div>\n<div><\/div>\n<div><strong>A la semaine \/ 2 fois l&rsquo;an : 1 en haute et 1 en basse saison.<\/strong><\/div>\n<div>du <span style=\"text-decoration: underline;\">vendredi matin<\/span> (clefs remises la veille avec un \u00e9tat des lieux)<\/div>\n<div>au <span style=\"text-decoration: underline;\">jeudi apr\u00e8s-midi<\/span> (avec \u00e9tat des lieux)<\/div>\n<div><strong>Attention : Les r\u00e9servations se font en Ao\u00fbt pour l&rsquo;ann\u00e9e suivante.<\/strong><\/div>\n<p>Endroit refait \u00e0 neuf, tr\u00e8s bons \u00e9clairages.<br \/>\nContact : le Service Culturel de Saint-Val\u00e9ry, Magali Blondel au 03 22 60 39 29 :<\/p>\n<p><span style=\"color: #000000;\"><span style=\"font-size: medium;\"><span style=\"font-family: Arial;\">Service culturel et animations &#8211; <\/span><\/span><span style=\"font-size: medium;\"><span style=\"font-family: Arial;\">Mairie<\/span><\/span><\/span><\/p>\n<p><span style=\"font-size: medium;\"><span style=\"font-family: Arial;\"><span style=\"color: #000000;\">19, Place St Martin<\/span><\/span><\/span><\/p>\n<p><span style=\"font-size: medium;\"><span style=\"font-family: Arial;\"><span style=\"color: #000000;\">80230 Saint-Valery-sur-Somme<\/span><\/span><\/span><\/p>\n<p><a href=\"mailto:office.culturel@saint-valery-sur-somme.fr\">office.culturel@saint-valery-sur-somme.fr<\/a><\/p>\nGallery is empty!\n<p>Un lieu conseill\u00e9 par <a title=\"peintre de la baie de somme\" href=\"https:\/\/www.kassape-sanson.com\/actualite\/\" target=\"_blank\" rel=\"noopener\">Kassape Sanson<\/a>.<\/p>\n","protected":false},"excerpt":{"rendered":"<p>Un lieu d&rsquo;exposition qui par son contexte est plut\u00f4t r\u00e9serv\u00e9 aux peintres et sculpteurs de la r\u00e9gion (Somme), mais qui peut facilement accueillir toutes sortes d&rsquo;artistes. le Tribunal de Commerce de Saint-Valery est situ\u00e9 en plein centre ville, avec vue sur Baie, pr\u00e8s des restaurants et des commerces&#8230; Location du Tribunal de Commerce de Saint-Valery [&hellip;]<\/p>\n","protected":false},"author":1,"featured_media":0,"parent":0,"menu_order":0,"comment_status":"open","ping_status":"open","template":"","meta":{"footnotes":""},"class_list":["post-85","page","type-page","status-publish","hentry"],"aioseo_notices":[],"_links":{"self":[{"href":"https:\/\/www.funiculart.fr\/ressources\/wp-json\/wp\/v2\/pages\/85","targetHints":{"allow":["GET"]}}],"collection":[{"href":"https:\/\/www.funiculart.fr\/ressources\/wp-json\/wp\/v2\/pages"}],"about":[{"href":"https:\/\/www.funiculart.fr\/ressources\/wp-json\/wp\/v2\/types\/page"}],"author":[{"embeddable":true,"href":"https:\/\/www.funiculart.fr\/ressources\/wp-json\/wp\/v2\/users\/1"}],"replies":[{"embeddable":true,"href":"https:\/\/www.funiculart.fr\/ressources\/wp-json\/wp\/v2\/comments?post=85"}],"version-history":[{"count":1,"href":"https:\/\/www.funiculart.fr\/ressources\/wp-json\/wp\/v2\/pages\/85\/revisions"}],"predecessor-version":[{"id":3876,"href":"https:\/\/www.funiculart.fr\/ressources\/wp-json\/wp\/v2\/pages\/85\/revisions\/3876"}],"wp:attachment":[{"href":"https:\/\/www.funiculart.fr\/ressources\/wp-json\/wp\/v2\/media?parent=85"}],"curies":[{"name":"wp","href":"https:\/\/api.w.org\/{rel}","templated":true}]}}