{"id":823,"date":"2013-10-11T11:22:27","date_gmt":"2013-10-11T09:22:27","guid":{"rendered":"https:\/\/www.funiculart.fr\/ressources\/?page_id=823"},"modified":"2013-10-11T11:22:27","modified_gmt":"2013-10-11T09:22:27","slug":"patricia-gulyas-cours-de-dessin-et-peinture-a-lautrec","status":"publish","type":"page","link":"https:\/\/www.funiculart.fr\/ressources\/patricia-gulyas-cours-de-dessin-et-peinture-a-lautrec\/","title":{"rendered":"Patricia Gulyas cours de dessin et peinture \u00e0 Lautrec"},"content":{"rendered":"<p><span style=\"font-family: Times New Roman; font-size: medium;\">Patricia Gulyas<\/span> \/ <span style=\"font-family: Times New Roman;\"><a href=\"mailto:patriciagulyas@hotamail.com\" target=\"_blank\">patriciagulyas@hotamail.com<\/a><\/span><\/p>\n<p><span style=\"font-family: Times New Roman;\">Cours de peinture acrylique en studio :<\/span> <span style=\"font-family: Times New Roman;\">20 euros\/2 heures (mat\u00e9riel non fournis mais possibilit\u00e9s de prix de groupe renseignez-vous).<\/span><br \/>\n<span style=\"font-family: Times New Roman;\">Cours de peinture a domicile et <\/span><span style=\"font-family: Times New Roman;\">Atelier de faux finis (faux marbre sur meuble)<\/span><br \/>\n<span style=\"font-family: Times New Roman;\">Cours de Dessin<\/span> : <span style=\"font-family: Times New Roman;\">8 euros de l&rsquo;heure (groupe).<\/span><\/p>\n<p><span style=\"font-family: Times New Roman;\">Horaires et compl\u00e9ment d&rsquo;information au 07-80-03-30-39 (cell) ou par email (voir ci-dessus)<\/span>. <span style=\"font-family: Times New Roman;\">L&rsquo;atelier-Galerie est situ\u00e9 : 6 place du Mercadial, 81440 Lautrec, France<\/span><br \/>\n<span style=\"font-family: Times New Roman;\">Les cours sont offerts en Fran\u00e7ais et en anglais,\u00a0 \u00e0 la demande.<\/span> <span style=\"font-family: Times New Roman;\">Cours possible a l&rsquo;ext\u00e9rieur de Lautrec sur demande (tarifs a ajust\u00e9 si n\u00e9cessaire).<\/span><\/p>\n<!-- Rendered by FancyBox without labels BEGIN -->\n\n\t<style type=\"text\/css\">\n\t\t\t\t\t#gallery-0 {\n\t\t\t\t\t\tmargin: auto;\n\t\t\t\t\t}\n\t\t\t\t\t#gallery-0 .gallery-item {\n\t\t\t\t\t\tfloat: left;\n\t\t\t\t\t\tmargin-top: 10px;\n\t\t\t\t\t\ttext-align: center;\n\t\t\t\t\t\twidth: 32%;\n\t\t\t\t\t}\n\t\t\t\t\t#gallery-0 img {\n\t\t\t\t\t\tborder: 2px solid #cfcfcf;\n\t\t\t\t\t}\n\t\t\t\t\t#gallery-0 .gallery-caption {\n\t\t\t\t\t\tmargin-left: 0;\n\t\t\t\t\t}\n\t<\/style>\n<script type=\"text\/javascript\">\n$(document).ready(function() {\n\t\/*\n\t *  Simple image gallery. Uses default settings\n\t *\/\n\n\t$(\".fancybox\").fancybox({\n\t\t\"transitionIn\"\t\t: \"none\",\n\t\t\"transitionOut\"\t\t: \"none\",\n\t\t\"titlePosition\" \t: \"over\"\n\n\t});\n});\n<\/script>\n\n\t<div id=\"gallery-0\" class=\"gallery galleryid-0 gallery-size-thumbnail\" style=\"\"><dl class=\"gallery-item\"><dt class=\"gallery-icon\">\n\t\t<a class=\"fancybox\" href=\"https:\/\/www.funiculart.fr\/ressources\/wp-content\/uploads\/2013\/10\/atelier1-1024x768.jpg\" rel=\"gallery-0\"><img loading=\"lazy\" decoding=\"async\" width=\"150\" height=\"300\" class=\"attachment-thumbnail\" alt=\"\" src=\"https:\/\/www.funiculart.fr\/ressources\/wp-content\/uploads\/2013\/10\/atelier1-150x300.jpg\" \/><\/a><\/dt><\/dl>\n\n<dl class=\"gallery-item\"><dt class=\"gallery-icon\">\n\t\t<a class=\"fancybox\" href=\"https:\/\/www.funiculart.fr\/ressources\/wp-content\/uploads\/2013\/10\/eleve1-1024x768.jpg\" rel=\"gallery-0\"><img loading=\"lazy\" decoding=\"async\" width=\"150\" height=\"300\" class=\"attachment-thumbnail\" alt=\"\" src=\"https:\/\/www.funiculart.fr\/ressources\/wp-content\/uploads\/2013\/10\/eleve1-150x300.jpg\" \/><\/a><\/dt><\/dl>\n\n<dl class=\"gallery-item\"><dt class=\"gallery-icon\">\n\t\t<a class=\"fancybox\" href=\"https:\/\/www.funiculart.fr\/ressources\/wp-content\/uploads\/2013\/10\/faux-finis.jpg\" rel=\"gallery-0\"><img loading=\"lazy\" decoding=\"async\" width=\"150\" height=\"300\" class=\"attachment-thumbnail\" alt=\"\" src=\"https:\/\/www.funiculart.fr\/ressources\/wp-content\/uploads\/2013\/10\/faux-finis-150x300.jpg\" \/><\/a><\/dt><\/dl>\n\n<\/div><br clear=\"all\" \/><!-- Rendered by FancyBox without labels END -->\n\n","protected":false},"excerpt":{"rendered":"<p>Patricia Gulyas \/ patriciagulyas@hotamail.com Cours de peinture acrylique en studio : 20 euros\/2 heures (mat\u00e9riel non fournis mais possibilit\u00e9s de prix de groupe renseignez-vous). Cours de peinture a domicile et Atelier de faux finis (faux marbre sur meuble) Cours de Dessin : 8 euros de l&rsquo;heure (groupe). Horaires et compl\u00e9ment d&rsquo;information au 07-80-03-30-39 (cell) ou [&hellip;]<\/p>\n","protected":false},"author":1,"featured_media":0,"parent":0,"menu_order":0,"comment_status":"open","ping_status":"open","template":"","meta":{"footnotes":""},"class_list":["post-823","page","type-page","status-publish","hentry"],"aioseo_notices":[],"_links":{"self":[{"href":"https:\/\/www.funiculart.fr\/ressources\/wp-json\/wp\/v2\/pages\/823","targetHints":{"allow":["GET"]}}],"collection":[{"href":"https:\/\/www.funiculart.fr\/ressources\/wp-json\/wp\/v2\/pages"}],"about":[{"href":"https:\/\/www.funiculart.fr\/ressources\/wp-json\/wp\/v2\/types\/page"}],"author":[{"embeddable":true,"href":"https:\/\/www.funiculart.fr\/ressources\/wp-json\/wp\/v2\/users\/1"}],"replies":[{"embeddable":true,"href":"https:\/\/www.funiculart.fr\/ressources\/wp-json\/wp\/v2\/comments?post=823"}],"version-history":[{"count":0,"href":"https:\/\/www.funiculart.fr\/ressources\/wp-json\/wp\/v2\/pages\/823\/revisions"}],"wp:attachment":[{"href":"https:\/\/www.funiculart.fr\/ressources\/wp-json\/wp\/v2\/media?parent=823"}],"curies":[{"name":"wp","href":"https:\/\/api.w.org\/{rel}","templated":true}]}}