{"id":745,"date":"2013-08-20T13:00:33","date_gmt":"2013-08-20T11:00:33","guid":{"rendered":"https:\/\/www.funiculart.fr\/ressources\/?page_id=745"},"modified":"2015-09-22T07:19:07","modified_gmt":"2015-09-22T05:19:07","slug":"john-men-modele-experimente-pour-artistes","status":"publish","type":"page","link":"https:\/\/www.funiculart.fr\/ressources\/john-men-modele-experimente-pour-artistes\/","title":{"rendered":"John Men mod\u00e8le exp\u00e9riment\u00e9 pour artistes"},"content":{"rendered":"<p>John Men &lt;<a href=\"mailto:john.men@hotmail.fr\">john.men@hotmail.fr<\/a>&gt;<\/p>\n<p>Je suis mod\u00e8le homme exp\u00e9riment\u00e9 et je pose essentiellement pour du nu artistique en arts graphiques, sculpture, modelage, body-art, arts plastiques, vid\u00e9o et photographie.<br \/>\nVoici \u00a0mon book : je l\u2019ai construit sous la forme d\u2019un site \u00ab Regards de femmes \u00bb\u00a0  d\u00e9di\u00e9 aux artistes femmes afin qu\u2019elles puissent exprimer leurs regards sur le nu masculin.<br \/>\nSi vous avez un projet artistique n\u00e9cessitant un mod\u00e8le, ou si vous \u00eates int\u00e9ress\u00e9e \u00e0 contribuer \u00e0 mon site, je serai ravi d\u2019en parler avec vous.<br \/>\nCette activit\u00e9 \u00e9tant pour moi un loisir et une opportunit\u00e9 de partager avec des artistes, je ne demande aucune r\u00e9mun\u00e9ration. Je travaille sur le principe de l\u2019\u00e9change.<\/p>\n<p>Mon secteur est le suivant : Ile de France, Normandie, Nord Picardie sans aucun probl\u00e8me. Axe Paris\/ Bordeaux et Lyon\u00a0avec d\u00e9lai. N\u2019h\u00e9sitez surtout pas \u00e0 me contacter.<\/p>\n<p><a href=\"https:\/\/www.funiculart.fr\/ressources\/wp-content\/uploads\/2013\/08\/John-Mod\u00e8le.jpg\"><img loading=\"lazy\" decoding=\"async\" class=\"aligncenter size-full wp-image-746\" alt=\"John-Mod\u00e8le\" src=\"https:\/\/www.funiculart.fr\/ressources\/wp-content\/uploads\/2013\/08\/John-Mod\u00e8le.jpg\" width=\"192\" height=\"301\" \/><\/a><\/p>\n","protected":false},"excerpt":{"rendered":"<p>John Men &lt;john.men@hotmail.fr&gt; Je suis mod\u00e8le homme exp\u00e9riment\u00e9 et je pose essentiellement pour du nu artistique en arts graphiques, sculpture, modelage, body-art, arts plastiques, vid\u00e9o et photographie. Voici \u00a0mon book : je l\u2019ai construit sous la forme d\u2019un site \u00ab Regards de femmes \u00bb\u00a0 d\u00e9di\u00e9 aux artistes femmes afin qu\u2019elles puissent exprimer leurs regards sur [&hellip;]<\/p>\n","protected":false},"author":1,"featured_media":0,"parent":0,"menu_order":0,"comment_status":"open","ping_status":"open","template":"","meta":{"footnotes":""},"class_list":["post-745","page","type-page","status-publish","hentry"],"aioseo_notices":[],"_links":{"self":[{"href":"https:\/\/www.funiculart.fr\/ressources\/wp-json\/wp\/v2\/pages\/745","targetHints":{"allow":["GET"]}}],"collection":[{"href":"https:\/\/www.funiculart.fr\/ressources\/wp-json\/wp\/v2\/pages"}],"about":[{"href":"https:\/\/www.funiculart.fr\/ressources\/wp-json\/wp\/v2\/types\/page"}],"author":[{"embeddable":true,"href":"https:\/\/www.funiculart.fr\/ressources\/wp-json\/wp\/v2\/users\/1"}],"replies":[{"embeddable":true,"href":"https:\/\/www.funiculart.fr\/ressources\/wp-json\/wp\/v2\/comments?post=745"}],"version-history":[{"count":0,"href":"https:\/\/www.funiculart.fr\/ressources\/wp-json\/wp\/v2\/pages\/745\/revisions"}],"wp:attachment":[{"href":"https:\/\/www.funiculart.fr\/ressources\/wp-json\/wp\/v2\/media?parent=745"}],"curies":[{"name":"wp","href":"https:\/\/api.w.org\/{rel}","templated":true}]}}