{"id":720,"date":"2013-07-22T06:50:14","date_gmt":"2013-07-22T04:50:14","guid":{"rendered":"https:\/\/www.funiculart.fr\/ressources\/?page_id=720"},"modified":"2023-10-17T09:26:57","modified_gmt":"2023-10-17T07:26:57","slug":"cours-dessin-peinture-aquarelle-modelage-et-bande-dessinee","status":"publish","type":"page","link":"https:\/\/www.funiculart.fr\/ressources\/cours-dessin-peinture-aquarelle-modelage-et-bande-dessinee\/","title":{"rendered":"Cours dessin peinture aquarelle modelage et bande dessin\u00e9e : Atelier 47"},"content":{"rendered":"<p>ELISABETH HALLOO JOYE &lt;<a href=\"mailto:artgarage47@gmail.com\">artgarage47@gmail.com<\/a><\/p>\n<p><strong>L&rsquo;Atelier 47<\/strong> bas\u00e9 \u00e0 villeneuve d&rsquo;Ascq, propose des cours d&rsquo;arts plastiques pour d\u00e9butants et personnes exp\u00e9riment\u00e9s, le tout dans une ambiance d\u00e9tendue. Afin d&rsquo;\u00eatre \u00e0 l&rsquo;\u00e9coute de toutes et tous, les ateliers sont limit\u00e9s \u00e0 8 personnes et se divisent comme suit :<\/p>\n<ul>\n<li>Dessin\/peinture acrylique lundi et mardi 18H15\/20H15 et lundi 14H\/16H<\/li>\n<li>Aquarelle mardi 14H\/16H<\/li>\n<li>Modelage ( argile) jeudi 14H\/16H<\/li>\n<li>Bande dessin\u00e9e mercredi 18H15\/19H45<\/li>\n<li>Le mercredi est r\u00e9serv\u00e9 aux enfants.<\/li>\n<\/ul>\n<p>Dessin aquarelle et B.D. 250 euros\/an payable en 3 fois mat\u00e9riel non compris<br \/>\nModelage 290 euros terre et cuisson comprise payable en 3 fois.<\/p>\n<hr \/>\n<div>\n<div class=\"gmail_attr\" dir=\"ltr\">Je vous propose un stage de 3 soirs avec 3 mod\u00e8les diff\u00e9rents : le lundi 7, mardi 8 et mercredi 9 f\u00e9vrier 2022 de 18h30 \u00e0 20h30.<\/div>\n<div dir=\"ltr\">\n<div>Il vous faut un carnet de croquis, des crayons et des fusains.<\/div>\n<div>Les places sont limit\u00e9es pour un meilleur conseil sur les techniques de dessin ( tous les niveaux sont accept\u00e9s ).<\/div>\n<div>\u00a0Vous pouvez r\u00e9server en remplissant le bulletin ci joint par mail avec un virement ( le stage est au tarif de 50 euros) ou par courrier avec un ch\u00e8que \u00e0 l&rsquo;ordre du Garage 47, 47 rue Colpin 59650 Villeneuve d&rsquo;Ascq.<\/div>\n<\/div>\n<\/div>\n<div>Bulletin d&rsquo;Inscription Atelier 47 2021 2022<\/div>\n<div><a href=\"https:\/\/www.funiculart.fr\/ressources\/wp-content\/uploads\/2022\/01\/RIB-GARAGE-47.pdf\">RIB GARAGE 47<\/a><\/div>\n<div>\n<div id=\"attachment_3776\" style=\"width: 640px\" class=\"wp-caption aligncenter\"><img loading=\"lazy\" decoding=\"async\" aria-describedby=\"caption-attachment-3776\" class=\"size-large wp-image-3776\" src=\"https:\/\/www.funiculart.fr\/ressources\/wp-content\/uploads\/2022\/01\/modele-vivant-21-22-Atelier-47-977x1024.jpg\" alt=\"\" width=\"630\" height=\"660\" srcset=\"https:\/\/www.funiculart.fr\/ressources\/wp-content\/uploads\/2022\/01\/modele-vivant-21-22-Atelier-47-977x1024.jpg 977w, https:\/\/www.funiculart.fr\/ressources\/wp-content\/uploads\/2022\/01\/modele-vivant-21-22-Atelier-47-382x400.jpg 382w, https:\/\/www.funiculart.fr\/ressources\/wp-content\/uploads\/2022\/01\/modele-vivant-21-22-Atelier-47-768x805.jpg 768w, https:\/\/www.funiculart.fr\/ressources\/wp-content\/uploads\/2022\/01\/modele-vivant-21-22-Atelier-47.jpg 1182w\" sizes=\"auto, (max-width: 630px) 100vw, 630px\" \/><p id=\"caption-attachment-3776\" class=\"wp-caption-text\">SONY DSC<\/p><\/div>\n<\/div>\n<div>\n<hr \/>\n<\/div>\n<div>Mercredi 22 septembre 2021 l&rsquo;Atelier 47 ouvre ses portes pour les inscriptions au cours de dessin, peinture et modelage et les stages de l&rsquo;ann\u00e9e 2021\/2022. C&rsquo;est aussi l&rsquo;occasion de visiter l&rsquo;exposition du Garage 47, Peintures, sculptures et aquarelles de Fran\u00e7oise Joye et Elisabeth Halloo Joye.<\/div>\n<div>Nous vous attendons de 13h \u00e0 19h, vous trouverez en pi\u00e8ces jointes les informations des cours et des stages.<\/div>\n<div><\/div>\n<div>\n<!-- Rendered by FancyBox without labels BEGIN -->\n\n\t<style type=\"text\/css\">\n\t\t\t\t\t#gallery-0 {\n\t\t\t\t\t\tmargin: auto;\n\t\t\t\t\t}\n\t\t\t\t\t#gallery-0 .gallery-item {\n\t\t\t\t\t\tfloat: left;\n\t\t\t\t\t\tmargin-top: 10px;\n\t\t\t\t\t\ttext-align: center;\n\t\t\t\t\t\twidth: 32%;\n\t\t\t\t\t}\n\t\t\t\t\t#gallery-0 img {\n\t\t\t\t\t\tborder: 2px solid #cfcfcf;\n\t\t\t\t\t}\n\t\t\t\t\t#gallery-0 .gallery-caption {\n\t\t\t\t\t\tmargin-left: 0;\n\t\t\t\t\t}\n\t<\/style>\n<script type=\"text\/javascript\">\n$(document).ready(function() {\n\t\/*\n\t *  Simple image gallery. Uses default settings\n\t *\/\n\n\t$(\".fancybox\").fancybox({\n\t\t\"transitionIn\"\t\t: \"none\",\n\t\t\"transitionOut\"\t\t: \"none\",\n\t\t\"titlePosition\" \t: \"over\"\n\n\t});\n});\n<\/script>\n\n\t<div id=\"gallery-0\" class=\"gallery galleryid-0 gallery-size-thumbnail\" style=\"\"><dl class=\"gallery-item\"><dt class=\"gallery-icon\">\n\t\t<a class=\"fancybox\" href=\"https:\/\/www.funiculart.fr\/ressources\/wp-content\/uploads\/2021\/09\/raku-21-22-Atelier-47.jpg\" rel=\"gallery-0\"><img loading=\"lazy\" decoding=\"async\" width=\"150\" height=\"300\" class=\"attachment-thumbnail\" alt=\"\" src=\"https:\/\/www.funiculart.fr\/ressources\/wp-content\/uploads\/2021\/09\/raku-21-22-Atelier-47-150x300.jpg\" \/><\/a><\/dt><\/dl>\n\n<dl class=\"gallery-item\"><dt class=\"gallery-icon\">\n\t\t<a class=\"fancybox\" href=\"https:\/\/www.funiculart.fr\/ressources\/wp-content\/uploads\/2021\/09\/modele-vivant-21-22-Atelier-47-977x1024.jpg\" rel=\"gallery-0\"><img loading=\"lazy\" decoding=\"async\" width=\"150\" height=\"300\" class=\"attachment-thumbnail\" alt=\"\" src=\"https:\/\/www.funiculart.fr\/ressources\/wp-content\/uploads\/2021\/09\/modele-vivant-21-22-Atelier-47-150x300.jpg\" \/><\/a><\/dt><\/dl>\n\n<dl class=\"gallery-item\"><dt class=\"gallery-icon\">\n\t\t<a class=\"fancybox\" href=\"https:\/\/www.funiculart.fr\/ressources\/wp-content\/uploads\/2021\/09\/MODELAGE-samedi-ovh-1024x830.jpg\" rel=\"gallery-0\"><img loading=\"lazy\" decoding=\"async\" width=\"150\" height=\"300\" class=\"attachment-thumbnail\" alt=\"\" src=\"https:\/\/www.funiculart.fr\/ressources\/wp-content\/uploads\/2021\/09\/MODELAGE-samedi-ovh-150x300.jpg\" \/><\/a><\/dt><\/dl>\n\n<dl class=\"gallery-item\"><dt class=\"gallery-icon\">\n\t\t<a class=\"fancybox\" href=\"https:\/\/www.funiculart.fr\/ressources\/wp-content\/uploads\/2021\/09\/dessin-peinture-atelier-47-mardi-2021-2022-685x1024.jpg\" rel=\"gallery-0\"><img loading=\"lazy\" decoding=\"async\" width=\"150\" height=\"300\" class=\"attachment-thumbnail\" alt=\"\" src=\"https:\/\/www.funiculart.fr\/ressources\/wp-content\/uploads\/2021\/09\/dessin-peinture-atelier-47-mardi-2021-2022-150x300.jpg\" \/><\/a><\/dt><\/dl>\n\n<dl class=\"gallery-item\"><dt class=\"gallery-icon\">\n\t\t<a class=\"fancybox\" href=\"https:\/\/www.funiculart.fr\/ressources\/wp-content\/uploads\/2021\/09\/dessin-couleurs-mercredi-jeudi-ovh-724x1024.jpg\" rel=\"gallery-0\"><img loading=\"lazy\" decoding=\"async\" width=\"150\" height=\"300\" class=\"attachment-thumbnail\" alt=\"\" src=\"https:\/\/www.funiculart.fr\/ressources\/wp-content\/uploads\/2021\/09\/dessin-couleurs-mercredi-jeudi-ovh-150x300.jpg\" \/><\/a><\/dt><\/dl>\n\n<dl class=\"gallery-item\"><dt class=\"gallery-icon\">\n\t\t<a class=\"fancybox\" href=\"https:\/\/www.funiculart.fr\/ressources\/wp-content\/uploads\/2021\/09\/Ceramique-Raku-Atelier-47-724x1024.jpg\" rel=\"gallery-0\"><img loading=\"lazy\" decoding=\"async\" width=\"150\" height=\"300\" class=\"attachment-thumbnail\" alt=\"\" src=\"https:\/\/www.funiculart.fr\/ressources\/wp-content\/uploads\/2021\/09\/Ceramique-Raku-Atelier-47-150x300.jpg\" \/><\/a><\/dt><\/dl>\n\n<dl class=\"gallery-item\"><dt class=\"gallery-icon\">\n\t\t<a class=\"fancybox\" href=\"https:\/\/www.funiculart.fr\/ressources\/wp-content\/uploads\/2021\/09\/carnet-de-voyage-2022-Atelier-47-744x1024.jpg\" rel=\"gallery-0\"><img loading=\"lazy\" decoding=\"async\" width=\"150\" height=\"300\" class=\"attachment-thumbnail\" alt=\"\" src=\"https:\/\/www.funiculart.fr\/ressources\/wp-content\/uploads\/2021\/09\/carnet-de-voyage-2022-Atelier-47-150x300.jpg\" \/><\/a><\/dt><\/dl>\n\n<dl class=\"gallery-item\"><dt class=\"gallery-icon\">\n\t\t<a class=\"fancybox\" href=\"https:\/\/www.funiculart.fr\/ressources\/wp-content\/uploads\/2021\/09\/atelier-47-2021-2022-768x1024.jpg\" rel=\"gallery-0\"><img loading=\"lazy\" decoding=\"async\" width=\"150\" height=\"300\" class=\"attachment-thumbnail\" alt=\"\" src=\"https:\/\/www.funiculart.fr\/ressources\/wp-content\/uploads\/2021\/09\/atelier-47-2021-2022-150x300.jpg\" \/><\/a><\/dt><\/dl>\n\n<\/div><br clear=\"all\" \/><!-- Rendered by FancyBox without labels END -->\n\n<\/div>\n<p>&#8212;&#8212;&#8212;&#8212;&#8212;-<\/p>\n<p lang=\"\" style=\"margin-bottom: 0.35cm; line-height: 115%;\"><span style=\"font-size: 11pt;\">Je vous propose un samedi par mois de nous retrouver pour un<b> atelier adulte \u00ab\u00a0Exp\u00e9rimentation Plastique\u00a0\u00bb de 15h \u00e0 17h.<\/b><\/span><\/p>\n<p lang=\"\" style=\"margin-bottom: 0.35cm; line-height: 115%;\"><span style=\"font-size: 11pt;\">Vous venez peindre, dessiner, faire de la sculpture ou de l&rsquo;aquarelle avec votre projet en t\u00eate ou en suivant une inspiration propos\u00e9e. <\/span><\/p>\n<p lang=\"\" style=\"margin-bottom: 0.35cm; line-height: 115%;\"><span style=\"font-size: 11pt;\">Tarif 15 euros la s\u00e9ance (adh\u00e9sion comprise) mat\u00e9riel non compris.<\/span><\/p>\n<h2 style=\"margin-bottom: 0.35cm; line-height: 115%;\"><span style=\"font-size: 11pt;\">Prochains stages :<\/span><\/h2>\n<div>\n<p>L&rsquo;Atelier 47 organise le lundi 9, mardi 10 et mercredi 11 juillet de 18h30 \u00e0 20h30, un stage de bases et techniques du dessin.<br \/>\nUn stage pour apprendre ou revoir les bases du dessin, proportions, portrait, perspective, ombres et lumi\u00e8res, nature morte&#8230; Fusain, crayon, sanguine, pastels&#8230; En petit nombre, nous abordons tous les sujets pour progresser et se faire plaisir.<\/p>\n<p>Tarif : 70 euros<\/p>\n<\/div>\n<div>\n<hr \/>\n<\/div>\n<div>\u00ab\u00a0L&rsquo;Atelier 47 ouvrent 3 cours de modelage terre en octobre 2018.<\/div>\n<div>\n<p lang=\"\">Venez d\u00e9couvrir ou approfondir les techniques de modelage de la terre ( plaque, colombins, dans la masse&#8230;), Le travail de la mati\u00e8re, de la forme, l\u2019espace et de l\u2019imaginaire.<\/p>\n<p lang=\"\">Diff\u00e9rents th\u00e8mes sont abord\u00e9s, selon inspiration, de sculpteurs, de c\u00e9ramistes ou de designers, ce qui permet de varier les techniques et de trouver une v\u00e9ritable expression personnelle dans l&rsquo;argile.<\/p>\n<p lang=\"\">Argile et cuissons sont fournis par l&rsquo;Atelier 47<\/p>\n<p lang=\"\">\u00a0Tous les niveaux sont accept\u00e9s.<\/p>\n<p lang=\"\">Mercredi 18H15\/20H15, Vendredi et Samedi 9H15\/11H15<\/p>\n<p lang=\"\">Tarif : 360 euros\/an<\/p>\n<\/div>\n<div>\n<!-- Rendered by FancyBox without labels BEGIN -->\n\n\t<style type=\"text\/css\">\n\t\t\t\t\t#gallery-1 {\n\t\t\t\t\t\tmargin: auto;\n\t\t\t\t\t}\n\t\t\t\t\t#gallery-1 .gallery-item {\n\t\t\t\t\t\tfloat: left;\n\t\t\t\t\t\tmargin-top: 10px;\n\t\t\t\t\t\ttext-align: center;\n\t\t\t\t\t\twidth: 24%;\n\t\t\t\t\t}\n\t\t\t\t\t#gallery-1 img {\n\t\t\t\t\t\tborder: 2px solid #cfcfcf;\n\t\t\t\t\t}\n\t\t\t\t\t#gallery-1 .gallery-caption {\n\t\t\t\t\t\tmargin-left: 0;\n\t\t\t\t\t}\n\t<\/style>\n<script type=\"text\/javascript\">\n$(document).ready(function() {\n\t\/*\n\t *  Simple image gallery. Uses default settings\n\t *\/\n\n\t$(\".fancybox\").fancybox({\n\t\t\"transitionIn\"\t\t: \"none\",\n\t\t\"transitionOut\"\t\t: \"none\",\n\t\t\"titlePosition\" \t: \"over\"\n\n\t});\n});\n<\/script>\n\n\t<div id=\"gallery-1\" class=\"gallery galleryid-1 gallery-size-thumbnail\" style=\"\"><dl class=\"gallery-item\"><dt class=\"gallery-icon\">\n\t\t<a class=\"fancybox\" href=\"https:\/\/www.funiculart.fr\/ressources\/wp-content\/uploads\/2013\/07\/raku-juillet-2017-1024x724.jpg\" rel=\"gallery-1\"><img loading=\"lazy\" decoding=\"async\" width=\"150\" height=\"300\" class=\"attachment-thumbnail\" alt=\"\" src=\"https:\/\/www.funiculart.fr\/ressources\/wp-content\/uploads\/2013\/07\/raku-juillet-2017-150x300.jpg\" \/><\/a><\/dt><\/dl>\n\n<dl class=\"gallery-item\"><dt class=\"gallery-icon\">\n\t\t<a class=\"fancybox\" href=\"https:\/\/www.funiculart.fr\/ressources\/wp-content\/uploads\/2013\/07\/shibori.jpg\" rel=\"gallery-1\"><img loading=\"lazy\" decoding=\"async\" width=\"150\" height=\"300\" class=\"attachment-thumbnail\" alt=\"\" src=\"https:\/\/www.funiculart.fr\/ressources\/wp-content\/uploads\/2013\/07\/shibori-150x300.jpg\" \/><\/a><\/dt><\/dl>\n\n<dl class=\"gallery-item\"><dt class=\"gallery-icon\">\n\t\t<a class=\"fancybox\" href=\"https:\/\/www.funiculart.fr\/ressources\/wp-content\/uploads\/2013\/07\/soiree-modele-vivant-2016-17-977x1024.jpg\" rel=\"gallery-1\"><img loading=\"lazy\" decoding=\"async\" width=\"150\" height=\"300\" class=\"attachment-thumbnail\" alt=\"SONY DSC\" src=\"https:\/\/www.funiculart.fr\/ressources\/wp-content\/uploads\/2013\/07\/soiree-modele-vivant-2016-17-150x300.jpg\" \/><\/a><\/dt><\/dl>\n\n<dl class=\"gallery-item\"><dt class=\"gallery-icon\">\n\t\t<a class=\"fancybox\" href=\"https:\/\/www.funiculart.fr\/ressources\/wp-content\/uploads\/2013\/07\/stage-dessin-juillet-1012x1024.jpg\" rel=\"gallery-1\"><img loading=\"lazy\" decoding=\"async\" width=\"150\" height=\"300\" class=\"attachment-thumbnail\" alt=\"SONY DSC\" src=\"https:\/\/www.funiculart.fr\/ressources\/wp-content\/uploads\/2013\/07\/stage-dessin-juillet-150x300.jpg\" \/><\/a><\/dt><\/dl>\n\n<\/div><br clear=\"all\" \/><!-- Rendered by FancyBox without labels END -->\n\n<\/div>\n","protected":false},"excerpt":{"rendered":"<p>ELISABETH HALLOO JOYE &lt;artgarage47@gmail.com L&rsquo;Atelier 47 bas\u00e9 \u00e0 villeneuve d&rsquo;Ascq, propose des cours d&rsquo;arts plastiques pour d\u00e9butants et personnes exp\u00e9riment\u00e9s, le tout dans une ambiance d\u00e9tendue. Afin d&rsquo;\u00eatre \u00e0 l&rsquo;\u00e9coute de toutes et tous, les ateliers sont limit\u00e9s \u00e0 8 personnes et se divisent comme suit : Dessin\/peinture acrylique lundi et mardi 18H15\/20H15 et lundi [&hellip;]<\/p>\n","protected":false},"author":1,"featured_media":0,"parent":0,"menu_order":0,"comment_status":"open","ping_status":"open","template":"","meta":{"footnotes":""},"class_list":["post-720","page","type-page","status-publish","hentry"],"aioseo_notices":[],"_links":{"self":[{"href":"https:\/\/www.funiculart.fr\/ressources\/wp-json\/wp\/v2\/pages\/720","targetHints":{"allow":["GET"]}}],"collection":[{"href":"https:\/\/www.funiculart.fr\/ressources\/wp-json\/wp\/v2\/pages"}],"about":[{"href":"https:\/\/www.funiculart.fr\/ressources\/wp-json\/wp\/v2\/types\/page"}],"author":[{"embeddable":true,"href":"https:\/\/www.funiculart.fr\/ressources\/wp-json\/wp\/v2\/users\/1"}],"replies":[{"embeddable":true,"href":"https:\/\/www.funiculart.fr\/ressources\/wp-json\/wp\/v2\/comments?post=720"}],"version-history":[{"count":3,"href":"https:\/\/www.funiculart.fr\/ressources\/wp-json\/wp\/v2\/pages\/720\/revisions"}],"predecessor-version":[{"id":4111,"href":"https:\/\/www.funiculart.fr\/ressources\/wp-json\/wp\/v2\/pages\/720\/revisions\/4111"}],"wp:attachment":[{"href":"https:\/\/www.funiculart.fr\/ressources\/wp-json\/wp\/v2\/media?parent=720"}],"curies":[{"name":"wp","href":"https:\/\/api.w.org\/{rel}","templated":true}]}}