{"id":681,"date":"2013-06-30T09:14:00","date_gmt":"2013-06-30T07:14:00","guid":{"rendered":"https:\/\/www.funiculart.fr\/ressources\/?page_id=681"},"modified":"2013-06-30T09:15:46","modified_gmt":"2013-06-30T07:15:46","slug":"stage-creation-audio-book-a-dury","status":"publish","type":"page","link":"https:\/\/www.funiculart.fr\/ressources\/stage-creation-audio-book-a-dury\/","title":{"rendered":"Stage cr\u00e9ation Audio-book \u00e0 Dury"},"content":{"rendered":"<p>Carlu Roxane &lt;<a href=\"mailto:roxane.carlu@wanadoo.fr\">roxane.carlu@wanadoo.fr<\/a>&gt;<br \/>\nStage cr\u00e9ation d&rsquo;un audio-book sur une semaine. Peinture, recherche de bruitage, enregistrement des voix pour r\u00e9alisation du CD. Elaboration du livret.<\/p>\n<p>Le lundi, mardi, mercredi, jeudi de 10 h \u00e0 12 h et le vendredi de 14 h \u00e0 16 h. 90 \u20ac par enfants fournitures comprises. renseignements au 06.07.02.66.34. Lieu : 32 route nationale, 80480 DURY. A l&rsquo;atelier<\/p>\n<p><a href=\"https:\/\/www.funiculart.fr\/ressources\/wp-content\/uploads\/2013\/06\/affiche-SON-DES-TOILES.pdf\">affiche-SON-DES-TOILES<\/a><\/p>\n","protected":false},"excerpt":{"rendered":"<p>Carlu Roxane &lt;roxane.carlu@wanadoo.fr&gt; Stage cr\u00e9ation d&rsquo;un audio-book sur une semaine. Peinture, recherche de bruitage, enregistrement des voix pour r\u00e9alisation du CD. Elaboration du livret. Le lundi, mardi, mercredi, jeudi de 10 h \u00e0 12 h et le vendredi de 14 h \u00e0 16 h. 90 \u20ac par enfants fournitures comprises. renseignements au 06.07.02.66.34. Lieu : [&hellip;]<\/p>\n","protected":false},"author":1,"featured_media":0,"parent":0,"menu_order":0,"comment_status":"open","ping_status":"open","template":"","meta":{"footnotes":""},"class_list":["post-681","page","type-page","status-publish","hentry"],"aioseo_notices":[],"_links":{"self":[{"href":"https:\/\/www.funiculart.fr\/ressources\/wp-json\/wp\/v2\/pages\/681","targetHints":{"allow":["GET"]}}],"collection":[{"href":"https:\/\/www.funiculart.fr\/ressources\/wp-json\/wp\/v2\/pages"}],"about":[{"href":"https:\/\/www.funiculart.fr\/ressources\/wp-json\/wp\/v2\/types\/page"}],"author":[{"embeddable":true,"href":"https:\/\/www.funiculart.fr\/ressources\/wp-json\/wp\/v2\/users\/1"}],"replies":[{"embeddable":true,"href":"https:\/\/www.funiculart.fr\/ressources\/wp-json\/wp\/v2\/comments?post=681"}],"version-history":[{"count":0,"href":"https:\/\/www.funiculart.fr\/ressources\/wp-json\/wp\/v2\/pages\/681\/revisions"}],"wp:attachment":[{"href":"https:\/\/www.funiculart.fr\/ressources\/wp-json\/wp\/v2\/media?parent=681"}],"curies":[{"name":"wp","href":"https:\/\/api.w.org\/{rel}","templated":true}]}}