{"id":666,"date":"2013-06-30T08:49:00","date_gmt":"2013-06-30T06:49:00","guid":{"rendered":"https:\/\/www.funiculart.fr\/ressources\/?page_id=666"},"modified":"2024-11-21T08:31:15","modified_gmt":"2024-11-21T06:31:15","slug":"cours-de-sculpture-saint-andre-lez-lille","status":"publish","type":"page","link":"https:\/\/www.funiculart.fr\/ressources\/cours-de-sculpture-saint-andre-lez-lille\/","title":{"rendered":"cours de sculpture saint andr\u00e9 lez lille"},"content":{"rendered":"<p>Caroline Chopin &lt;<a href=\"mailto:carolinechopin@hotmail.com\" target=\"_blank\" rel=\"noopener\">carolinechopin@hotmail.com<\/a>&gt;<br \/>\nSujet : Cours de sculpture<\/p>\n<p>Je propose des cours de modelage tous niveaux dans mon atelier de Saint-Andr\u00e9-lez-Lille sur le site de l&rsquo;ancienne filature<\/p>\n<p>Le lundi de 11h \u00e0 13h et le mardi de 18h30 \u00e0 20h30. Les sujets sont libres,copie d&rsquo;oeuvres, projets<br \/>\npersonnels, perfectionnement ou simple d\u00e9tente ; quelque soit votre objectif vous \u00eates les bienvenus et je vous accompagnerai au mieux.<\/p>\n<p>Vous trouverez tous les renseignements sur ce site\u00a0<a href=\"http:\/\/www.caroline-chopin.com\/\" target=\"_blank\" rel=\"noopener\" data-saferedirecturl=\"https:\/\/www.google.com\/url?q=http:\/\/www.caroline-chopin.com&amp;source=gmail&amp;ust=1732256759573000&amp;usg=AOvVaw3j7rNQBIE3DiQIn3wWGOjy\">www.caroline-chopin.com<\/a>\u00a0ou par t\u00e9l\u00e9phone au 06 24 69 12 76<\/p>\n<p><img loading=\"lazy\" decoding=\"async\" class=\"aligncenter wp-image-4169 size-large\" src=\"https:\/\/www.funiculart.fr\/ressources\/wp-content\/uploads\/2024\/11\/cours-de-sculpture-lille-1024x1024.jpg\" alt=\"\" width=\"630\" height=\"630\" srcset=\"https:\/\/www.funiculart.fr\/ressources\/wp-content\/uploads\/2024\/11\/cours-de-sculpture-lille-1024x1024.jpg 1024w, https:\/\/www.funiculart.fr\/ressources\/wp-content\/uploads\/2024\/11\/cours-de-sculpture-lille-400x400.jpg 400w, https:\/\/www.funiculart.fr\/ressources\/wp-content\/uploads\/2024\/11\/cours-de-sculpture-lille-768x768.jpg 768w, https:\/\/www.funiculart.fr\/ressources\/wp-content\/uploads\/2024\/11\/cours-de-sculpture-lille-1536x1536.jpg 1536w, https:\/\/www.funiculart.fr\/ressources\/wp-content\/uploads\/2024\/11\/cours-de-sculpture-lille-2048x2048.jpg 2048w, https:\/\/www.funiculart.fr\/ressources\/wp-content\/uploads\/2024\/11\/cours-de-sculpture-lille-150x150.jpg 150w, https:\/\/www.funiculart.fr\/ressources\/wp-content\/uploads\/2024\/11\/cours-de-sculpture-lille-1320x1320.jpg 1320w\" sizes=\"auto, (max-width: 630px) 100vw, 630px\" \/><\/p>\n<p><img loading=\"lazy\" decoding=\"async\" class=\"aligncenter wp-image-4170 size-large\" src=\"https:\/\/www.funiculart.fr\/ressources\/wp-content\/uploads\/2024\/11\/cours-de-sculpture-st-andre-lille-1024x1024.jpg\" alt=\"\" width=\"630\" height=\"630\" srcset=\"https:\/\/www.funiculart.fr\/ressources\/wp-content\/uploads\/2024\/11\/cours-de-sculpture-st-andre-lille-1024x1024.jpg 1024w, https:\/\/www.funiculart.fr\/ressources\/wp-content\/uploads\/2024\/11\/cours-de-sculpture-st-andre-lille-400x400.jpg 400w, https:\/\/www.funiculart.fr\/ressources\/wp-content\/uploads\/2024\/11\/cours-de-sculpture-st-andre-lille-768x768.jpg 768w, https:\/\/www.funiculart.fr\/ressources\/wp-content\/uploads\/2024\/11\/cours-de-sculpture-st-andre-lille-1536x1536.jpg 1536w, https:\/\/www.funiculart.fr\/ressources\/wp-content\/uploads\/2024\/11\/cours-de-sculpture-st-andre-lille-2048x2048.jpg 2048w, https:\/\/www.funiculart.fr\/ressources\/wp-content\/uploads\/2024\/11\/cours-de-sculpture-st-andre-lille-150x150.jpg 150w, https:\/\/www.funiculart.fr\/ressources\/wp-content\/uploads\/2024\/11\/cours-de-sculpture-st-andre-lille-1320x1320.jpg 1320w\" sizes=\"auto, (max-width: 630px) 100vw, 630px\" \/><\/p>\n","protected":false},"excerpt":{"rendered":"<p>Caroline Chopin &lt;carolinechopin@hotmail.com&gt; Sujet : Cours de sculpture Je propose des cours de modelage tous niveaux dans mon atelier de Saint-Andr\u00e9-lez-Lille sur le site de l&rsquo;ancienne filature Le lundi de 11h \u00e0 13h et le mardi de 18h30 \u00e0 20h30. Les sujets sont libres,copie d&rsquo;oeuvres, projets personnels, perfectionnement ou simple d\u00e9tente ; quelque soit votre [&hellip;]<\/p>\n","protected":false},"author":1,"featured_media":0,"parent":0,"menu_order":0,"comment_status":"open","ping_status":"open","template":"","meta":{"footnotes":""},"class_list":["post-666","page","type-page","status-publish","hentry"],"aioseo_notices":[],"_links":{"self":[{"href":"https:\/\/www.funiculart.fr\/ressources\/wp-json\/wp\/v2\/pages\/666","targetHints":{"allow":["GET"]}}],"collection":[{"href":"https:\/\/www.funiculart.fr\/ressources\/wp-json\/wp\/v2\/pages"}],"about":[{"href":"https:\/\/www.funiculart.fr\/ressources\/wp-json\/wp\/v2\/types\/page"}],"author":[{"embeddable":true,"href":"https:\/\/www.funiculart.fr\/ressources\/wp-json\/wp\/v2\/users\/1"}],"replies":[{"embeddable":true,"href":"https:\/\/www.funiculart.fr\/ressources\/wp-json\/wp\/v2\/comments?post=666"}],"version-history":[{"count":2,"href":"https:\/\/www.funiculart.fr\/ressources\/wp-json\/wp\/v2\/pages\/666\/revisions"}],"predecessor-version":[{"id":4171,"href":"https:\/\/www.funiculart.fr\/ressources\/wp-json\/wp\/v2\/pages\/666\/revisions\/4171"}],"wp:attachment":[{"href":"https:\/\/www.funiculart.fr\/ressources\/wp-json\/wp\/v2\/media?parent=666"}],"curies":[{"name":"wp","href":"https:\/\/api.w.org\/{rel}","templated":true}]}}