{"id":632,"date":"2013-06-27T19:20:16","date_gmt":"2013-06-27T17:20:16","guid":{"rendered":"https:\/\/www.funiculart.fr\/ressources\/?page_id=632"},"modified":"2022-09-21T09:54:39","modified_gmt":"2022-09-21T07:54:39","slug":"cours-et-stages-de-sculpture-peinture-dessin","status":"publish","type":"page","link":"https:\/\/www.funiculart.fr\/ressources\/cours-et-stages-de-sculpture-peinture-dessin\/","title":{"rendered":"Cours et stages de sculpture, peinture, dessin&#8230;"},"content":{"rendered":"<p>Pour annoncer vos stages, cours et autres projets \u00e9ducatifs, envoyez un mail \u00e0 <a href=\"mailto:funiculart@gmail.com\">funiculart@gmail.com<\/a> avec au moins 3 photos et les renseignements n\u00e9cessaires pour compl\u00e9ter votre demande : lieu, conditions, tarifs, mat\u00e9riel \u00e0 pr\u00e9voir, etc&#8230;<\/p>\n<p>Ou remplir notre formulaire :<\/p>\n\n<div class=\"wpcf7 no-js\" id=\"wpcf7-f631-o1\" lang=\"en-US\" dir=\"ltr\" data-wpcf7-id=\"631\">\n<div class=\"screen-reader-response\"><p role=\"status\" aria-live=\"polite\" aria-atomic=\"true\"><\/p> <ul><\/ul><\/div>\n<form action=\"\/ressources\/wp-json\/wp\/v2\/pages\/632#wpcf7-f631-o1\" method=\"post\" class=\"wpcf7-form init\" aria-label=\"Contact form\" enctype=\"multipart\/form-data\" novalidate=\"novalidate\" data-status=\"init\">\n<fieldset class=\"hidden-fields-container\"><input type=\"hidden\" name=\"_wpcf7\" value=\"631\" \/><input type=\"hidden\" name=\"_wpcf7_version\" value=\"6.1.5\" \/><input type=\"hidden\" name=\"_wpcf7_locale\" value=\"en_US\" \/><input type=\"hidden\" name=\"_wpcf7_unit_tag\" value=\"wpcf7-f631-o1\" \/><input type=\"hidden\" name=\"_wpcf7_container_post\" value=\"0\" \/><input type=\"hidden\" name=\"_wpcf7_posted_data_hash\" value=\"\" \/>\n<\/fieldset>\n<p>Votre nom et pr\u00e9nom(obligatoire)\n<\/p>\n<p><span class=\"wpcf7-form-control-wrap\" data-name=\"your-name\"><input size=\"40\" maxlength=\"400\" class=\"wpcf7-form-control wpcf7-text wpcf7-validates-as-required\" aria-required=\"true\" aria-invalid=\"false\" value=\"\" type=\"text\" name=\"your-name\" \/><\/span>\n<\/p>\n<p>Votre email (obligatoire)\n<\/p>\n<p><span class=\"wpcf7-form-control-wrap\" data-name=\"your-email\"><input size=\"40\" maxlength=\"400\" class=\"wpcf7-form-control wpcf7-email wpcf7-validates-as-required wpcf7-text wpcf7-validates-as-email\" aria-required=\"true\" aria-invalid=\"false\" value=\"\" type=\"email\" name=\"your-email\" \/><\/span>\n<\/p>\n<p>Que proposez-vous?\n<\/p>\n<p><span class=\"wpcf7-form-control-wrap\" data-name=\"your-subject\"><input size=\"40\" maxlength=\"400\" class=\"wpcf7-form-control wpcf7-text\" aria-invalid=\"false\" value=\"\" type=\"text\" name=\"your-subject\" \/><\/span>\n<\/p>\n<p>D\u00e9crivez votre (vos) cours ou votre (vos) stage(s) en d\u00e9tails (dates, lieux, conditions, prix, site internet...) ainsi que tout ce qui peut \u00eatre important (merci de cr\u00e9er un texte original, non recopi\u00e9 de votre site) :\n<\/p>\n<p><span class=\"wpcf7-form-control-wrap\" data-name=\"your-message\"><textarea cols=\"40\" rows=\"10\" maxlength=\"2000\" class=\"wpcf7-form-control wpcf7-textarea\" aria-invalid=\"false\" name=\"your-message\"><\/textarea><\/span>\n<\/p>\n<p>Envoyez une affiche ou une photo (4 maxi \/ 3mo maxi par fichier) pour illustrer votre annonce :\n<\/p>\n<p><span class=\"wpcf7-form-control-wrap\" data-name=\"file-586\"><input size=\"40\" class=\"wpcf7-form-control wpcf7-file\" accept=\"audio\/*,video\/*,image\/*\" aria-invalid=\"false\" type=\"file\" name=\"file-586\" \/><\/span><br \/>\n<span class=\"wpcf7-form-control-wrap\" data-name=\"file-803\"><input size=\"40\" class=\"wpcf7-form-control wpcf7-file\" accept=\"audio\/*,video\/*,image\/*\" aria-invalid=\"false\" type=\"file\" name=\"file-803\" \/><\/span><br \/>\n<span class=\"wpcf7-form-control-wrap\" data-name=\"file-301\"><input size=\"40\" class=\"wpcf7-form-control wpcf7-file\" accept=\"audio\/*,video\/*,image\/*\" aria-invalid=\"false\" type=\"file\" name=\"file-301\" \/><\/span><br \/>\n<span class=\"wpcf7-form-control-wrap\" data-name=\"file-249\"><input size=\"40\" class=\"wpcf7-form-control wpcf7-file\" accept=\"audio\/*,video\/*,image\/*\" aria-invalid=\"false\" type=\"file\" name=\"file-249\" \/><\/span>\n<\/p>\n<p><input class=\"wpcf7-form-control wpcf7-submit has-spinner\" type=\"submit\" value=\"Envoyer\" \/>\n<\/p><p style=\"display: none !important;\" class=\"akismet-fields-container\" data-prefix=\"_wpcf7_ak_\"><label>&#916;<textarea name=\"_wpcf7_ak_hp_textarea\" cols=\"45\" rows=\"8\" maxlength=\"100\"><\/textarea><\/label><input type=\"hidden\" id=\"ak_js_1\" name=\"_wpcf7_ak_js\" value=\"5\"\/><script>document.getElementById( \"ak_js_1\" ).setAttribute( \"value\", ( new Date() ).getTime() );<\/script><\/p><div class=\"wpcf7-response-output\" aria-hidden=\"true\"><\/div>\n<\/form>\n<\/div>\n\n<p>Nous mettrons votre demande en ligne le plus rapidement possible.<\/p>\n<p>Vous pouvez \u00e9galement joindre une affiche \u00e0 votre annonce ou une photo illustrant votre proposition. <strong>La diffusion de votre annonce est gratuite !<\/strong><\/p>\n<p><script async src=\"\/\/pagead2.googlesyndication.com\/pagead\/js\/adsbygoogle.js\"><\/script><br \/>\n<!-- funiculart textuelle --><br \/>\n<ins class=\"adsbygoogle\" style=\"display: block;\" data-ad-client=\"ca-pub-9056633368196356\" data-ad-slot=\"2685689544\" data-ad-format=\"auto\"><\/ins><br \/>\n<script>\n(adsbygoogle = window.adsbygoogle || []).push({});\n<\/script><\/p>\n","protected":false},"excerpt":{"rendered":"<p>Pour annoncer vos stages, cours et autres projets \u00e9ducatifs, envoyez un mail \u00e0 funiculart@gmail.com avec au moins 3 photos et les renseignements n\u00e9cessaires pour compl\u00e9ter votre demande : lieu, conditions, tarifs, mat\u00e9riel \u00e0 pr\u00e9voir, etc&#8230; Ou remplir notre formulaire : Nous mettrons votre demande en ligne le plus rapidement possible. Vous pouvez \u00e9galement joindre une [&hellip;]<\/p>\n","protected":false},"author":1,"featured_media":0,"parent":0,"menu_order":0,"comment_status":"closed","ping_status":"closed","template":"","meta":{"footnotes":""},"class_list":["post-632","page","type-page","status-publish","hentry"],"aioseo_notices":[],"_links":{"self":[{"href":"https:\/\/www.funiculart.fr\/ressources\/wp-json\/wp\/v2\/pages\/632","targetHints":{"allow":["GET"]}}],"collection":[{"href":"https:\/\/www.funiculart.fr\/ressources\/wp-json\/wp\/v2\/pages"}],"about":[{"href":"https:\/\/www.funiculart.fr\/ressources\/wp-json\/wp\/v2\/types\/page"}],"author":[{"embeddable":true,"href":"https:\/\/www.funiculart.fr\/ressources\/wp-json\/wp\/v2\/users\/1"}],"replies":[{"embeddable":true,"href":"https:\/\/www.funiculart.fr\/ressources\/wp-json\/wp\/v2\/comments?post=632"}],"version-history":[{"count":4,"href":"https:\/\/www.funiculart.fr\/ressources\/wp-json\/wp\/v2\/pages\/632\/revisions"}],"predecessor-version":[{"id":3927,"href":"https:\/\/www.funiculart.fr\/ressources\/wp-json\/wp\/v2\/pages\/632\/revisions\/3927"}],"wp:attachment":[{"href":"https:\/\/www.funiculart.fr\/ressources\/wp-json\/wp\/v2\/media?parent=632"}],"curies":[{"name":"wp","href":"https:\/\/api.w.org\/{rel}","templated":true}]}}