{"id":598,"date":"2013-03-14T18:33:42","date_gmt":"2013-03-14T16:33:42","guid":{"rendered":"https:\/\/www.funiculart.fr\/ressources\/?page_id=598"},"modified":"2013-03-14T18:33:42","modified_gmt":"2013-03-14T16:33:42","slug":"thierry-modele-pour-peintres-ou-sculpteurs-pas-de-calais","status":"publish","type":"page","link":"https:\/\/www.funiculart.fr\/ressources\/thierry-modele-pour-peintres-ou-sculpteurs-pas-de-calais\/","title":{"rendered":"Thierry modele pour peintres ou sculpteurs pas-de-calais"},"content":{"rendered":"<p>Thierry &lt;<a href=\"mailto:marckkc@aol.com\">marckkc@aol.com<\/a>&gt;<\/p>\n<p>Bonjour,<br \/>\nHomme, la quarantaine, vous propose ses services pour \u00eatre votre mod\u00e8le, pour artistes peintres, sculpteurs, photographes \u00e9ventuellment.<br \/>\nPour gagner du temps, j&rsquo;ai donc post\u00e9 des photos de nu artistique, ce qui vous \u00e9vitera de mauvaises surprises le jour de la pose, comme \u00eatre d\u00e9\u00e7u par le mod\u00e8le par exemple.<br \/>\nLa r\u00e9mun\u00e9ration sera \u00e0 n\u00e9gocier, mais je m&rsquo;adapte au projet et je n&rsquo;ai pas la pr\u00e9tention d&rsquo;\u00eatre un mod\u00e8le professionnel.<br \/>\n<strong>Je suis sur le secteur du Pas de Calais<\/strong>, je peux me d\u00e9placer plus loin, mais les frais seront \u00e0 votre charge.<br \/>\nJ&rsquo;attends de vos nouvelles, pour des projets s\u00e9rieux.<br \/>\nAmicalement, Thierry<\/p>\n<!-- Rendered by FancyBox without labels BEGIN -->\n\n\t<style type=\"text\/css\">\n\t\t\t\t\t#gallery-0 {\n\t\t\t\t\t\tmargin: auto;\n\t\t\t\t\t}\n\t\t\t\t\t#gallery-0 .gallery-item {\n\t\t\t\t\t\tfloat: left;\n\t\t\t\t\t\tmargin-top: 10px;\n\t\t\t\t\t\ttext-align: center;\n\t\t\t\t\t\twidth: 32%;\n\t\t\t\t\t}\n\t\t\t\t\t#gallery-0 img {\n\t\t\t\t\t\tborder: 2px solid #cfcfcf;\n\t\t\t\t\t}\n\t\t\t\t\t#gallery-0 .gallery-caption {\n\t\t\t\t\t\tmargin-left: 0;\n\t\t\t\t\t}\n\t<\/style>\n<script type=\"text\/javascript\">\n$(document).ready(function() {\n\t\/*\n\t *  Simple image gallery. Uses default settings\n\t *\/\n\n\t$(\".fancybox\").fancybox({\n\t\t\"transitionIn\"\t\t: \"none\",\n\t\t\"transitionOut\"\t\t: \"none\",\n\t\t\"titlePosition\" \t: \"over\"\n\n\t});\n});\n<\/script>\n\n\t<div id=\"gallery-0\" class=\"gallery galleryid-0 gallery-size-thumbnail\" style=\"\"><dl class=\"gallery-item\"><dt class=\"gallery-icon\">\n\t\t<a class=\"fancybox\" href=\"https:\/\/www.funiculart.fr\/ressources\/wp-content\/uploads\/2013\/03\/Moi.jpg\" rel=\"gallery-0\"><img loading=\"lazy\" decoding=\"async\" width=\"150\" height=\"278\" class=\"attachment-thumbnail\" alt=\"\" src=\"https:\/\/www.funiculart.fr\/ressources\/wp-content\/uploads\/2013\/03\/Moi-150x278.jpg\" \/><\/a><\/dt><\/dl>\n\n<dl class=\"gallery-item\"><dt class=\"gallery-icon\">\n\t\t<a class=\"fancybox\" href=\"https:\/\/www.funiculart.fr\/ressources\/wp-content\/uploads\/2013\/03\/Moi-2.jpg\" rel=\"gallery-0\"><img loading=\"lazy\" decoding=\"async\" width=\"150\" height=\"273\" class=\"attachment-thumbnail\" alt=\"\" src=\"https:\/\/www.funiculart.fr\/ressources\/wp-content\/uploads\/2013\/03\/Moi-2-150x273.jpg\" \/><\/a><\/dt><\/dl>\n\n<\/div><br clear=\"all\" \/><!-- Rendered by FancyBox without labels END -->\n\n","protected":false},"excerpt":{"rendered":"<p>Thierry &lt;marckkc@aol.com&gt; Bonjour, Homme, la quarantaine, vous propose ses services pour \u00eatre votre mod\u00e8le, pour artistes peintres, sculpteurs, photographes \u00e9ventuellment. Pour gagner du temps, j&rsquo;ai donc post\u00e9 des photos de nu artistique, ce qui vous \u00e9vitera de mauvaises surprises le jour de la pose, comme \u00eatre d\u00e9\u00e7u par le mod\u00e8le par exemple. La r\u00e9mun\u00e9ration sera [&hellip;]<\/p>\n","protected":false},"author":1,"featured_media":0,"parent":0,"menu_order":0,"comment_status":"open","ping_status":"open","template":"","meta":{"footnotes":""},"class_list":["post-598","page","type-page","status-publish","hentry"],"aioseo_notices":[],"_links":{"self":[{"href":"https:\/\/www.funiculart.fr\/ressources\/wp-json\/wp\/v2\/pages\/598","targetHints":{"allow":["GET"]}}],"collection":[{"href":"https:\/\/www.funiculart.fr\/ressources\/wp-json\/wp\/v2\/pages"}],"about":[{"href":"https:\/\/www.funiculart.fr\/ressources\/wp-json\/wp\/v2\/types\/page"}],"author":[{"embeddable":true,"href":"https:\/\/www.funiculart.fr\/ressources\/wp-json\/wp\/v2\/users\/1"}],"replies":[{"embeddable":true,"href":"https:\/\/www.funiculart.fr\/ressources\/wp-json\/wp\/v2\/comments?post=598"}],"version-history":[{"count":0,"href":"https:\/\/www.funiculart.fr\/ressources\/wp-json\/wp\/v2\/pages\/598\/revisions"}],"wp:attachment":[{"href":"https:\/\/www.funiculart.fr\/ressources\/wp-json\/wp\/v2\/media?parent=598"}],"curies":[{"name":"wp","href":"https:\/\/api.w.org\/{rel}","templated":true}]}}