{"id":559,"date":"2013-02-20T16:33:07","date_gmt":"2013-02-20T14:33:07","guid":{"rendered":"https:\/\/www.funiculart.fr\/ressources\/?page_id=559"},"modified":"2013-02-20T19:32:52","modified_gmt":"2013-02-20T17:32:52","slug":"exposer-votre-travail-dartiste-la-mda-vous-conseille","status":"publish","type":"page","link":"https:\/\/www.funiculart.fr\/ressources\/exposer-votre-travail-dartiste-la-mda-vous-conseille\/","title":{"rendered":"Exposer votre travail d&rsquo;artiste : la MDA vous conseille"},"content":{"rendered":"<h1>10 Questions phares autour des lieux d&rsquo;exposition en France, Jean-Marc Bourgeois nous \u00e9claire :<\/h1>\n<p>Toujours dans le but de mieux servir les Artistes, j&rsquo;ai d\u00e9cid\u00e9 de faire le point sur les probl\u00e8mes majeurs rencontr\u00e9s par nos cr\u00e9ateurs (amateurs et professionnels) pour exposer leurs oeuvres. A ce titre, Jean-Marc Bourgeois, vice pr\u00e9sident de la \u00ab\u00a0Maison des Artistes\u00a0\u00bb (MDA) s&rsquo;est pr\u00eat\u00e9 au jeu de l&rsquo;interview pour r\u00e9pondre de mani\u00e8re simple, officielle et amicale \u00e0 quelques-unes des questions que vous \u00eates nombreux(ses) \u00e0 poser dans le cadre des lieux et moyens d&rsquo;exposition :<\/p>\n<p><strong><em>1-Bonjour Jean-Marc Bourgeois, en plus du peintre plasticien professionnel que vous \u00eates depuis 1987, vous \u00eates vice-pr\u00e9sident et administrateur de La Maison des Artistes. A ce titre j&rsquo;aurais aim\u00e9 conna\u00eetre votre position sur le probl\u00e8me majeur que rencontre la majorit\u00e9 des artistes d&rsquo;aujourd&rsquo;hui pour exposer leurs oeuvres, \u00e0 savoir : qu&rsquo;il est dur de trouver un lieu digne de ce nom !?<\/em><\/strong><\/p>\n<p>Bonjour Monsieur Denecker. Vous abordez l\u00e0 un sujet r\u00e9current chez les artistes auteurs. Si pour beaucoup il est difficile d&rsquo;int\u00e9grer les galeries d&rsquo;art, les vraies, et ainsi, un lieu adapt\u00e9 et un march\u00e9 potentiel de clients capt\u00e9s par le dynamisme et la personnalit\u00e9 du ou de la galeriste, il existe d&rsquo;autres lieux d&rsquo;expositions tout \u00e0 fait \u00ab\u00a0digne de ce nom\u00a0\u00bb comme vous l&rsquo;exprimez. Tout d&rsquo;abord, en parall\u00e8le des galeries priv\u00e9es, les galeries municipales ou de certaines collectivit\u00e9s territoriales ; puis les salons traditionnels, les foires d&rsquo;art, les espaces \u00e9ph\u00e9m\u00e8res, etc., qu&rsquo;ils soient nationaux, r\u00e9gionaux ou locaux (soutenus ou pas par la collectivit\u00e9), certains ont une organisation responsable et efficace, et, proposent un v\u00e9ritable espace d&rsquo;exposition adapt\u00e9 techniquement \u00e0 pr\u00e9senter les oeuvres les plus diverses. Devant l&rsquo;afflux de lieux d&rsquo;expositions des plus divers et en l&rsquo;absence de toute r\u00e9glementation en la mati\u00e8re, c&rsquo;est \u00e0 nous artistes auteurs professionnels de faire le tri et d&rsquo;exiger des conditions de pr\u00e9sentation ad\u00e9quates, en r\u00e9sum\u00e9 des conditions de travail correctes comme tout professionnel est en droit d&rsquo;attendre pour exercer. Mais la question est double : quels lieux ? et pour qui ?. Trop de lieux aujourd&rsquo;hui, en particulier publics ou soutenus, tout \u00e0 fait adapt\u00e9s \u00e0 l&rsquo;exposition font la part belle aux artistes non d\u00e9clar\u00e9s, alors que ces espaces devraient \u00eatre r\u00e9serv\u00e9s avant tout aux professionnels et \u00e0 ceux qui s&rsquo;y engagent. En cr\u00e9ant Funiculart, site d\u00e9di\u00e9 aux artistes auteurs des R\u00e9gions Nord-Pas de Calais et Picardie, vous participerez et tous participeront \u00e0 \u00e9tablir une r\u00e9elle transparence \u00e0 ce niveau et \u00e0 l&rsquo;\u00e9laboration de crit\u00e8res de conditions d&rsquo;expositions.<\/p>\n<p><strong><em>2- Pour lutter contre tous ces loueurs de cymaises, ces fausses galeries, ces fausses revues d&rsquo;Art, tous ces arnaqueurs qui \u00ab\u00a0travaillent\u00a0\u00bb sur le dos des Artistes : quelle bataille m\u00e8ne la Maison des Artistes pour les stopper ?<\/em><\/strong><\/p>\n<p>Avant tout, la bataille \u00e0 mener pour La Maison des Artistes est celle de l&rsquo;information aux artistes auteurs vis \u00e0 vis de toutes ces propositions mirobolantes et parfois tr\u00e8s limites. C&rsquo;est la loi du march\u00e9 de l&rsquo;offre et de la demande et nous ne pouvons que tr\u00e8s difficilement les emp\u00eacher de se multiplier. Comme dans d&rsquo;autres professions, il y a des gens honn\u00eates et des gens malhonn\u00eates qui gravitent autour du monde des artistes auteurs. La meilleure d\u00e9fense, c&rsquo;est l&rsquo;information et la pr\u00e9vention aupr\u00e8s des artistes auteurs, c&rsquo;est pourquoi, elles sont essentielles dans les missions de La Maison des Artistes. Un artiste auteur professionnel est un ind\u00e9pendant qui a toute libert\u00e9 de r\u00e9pondre \u00e0 toute offre qui se pr\u00e9sente \u00e0 lui. Il n&rsquo;appartient pas \u00e0 La Maison des Artistes de l&rsquo;en emp\u00eacher mais de le pr\u00e9venir des risques qu&rsquo;ils encourent. Plus le nombre d&rsquo;artistes auteurs inform\u00e9s est important, plus l&rsquo;information circule, en particulier sur les forums professionnels d\u00e9di\u00e9s. C&rsquo;est une d\u00e9fense des plus efficaces. Mais, chaque artiste auteur ayant sa vision de la gestion de son activit\u00e9 professionnelle, il est parfois bien difficile de faire la part des choses dans la jungle des griefs contre telle ou telle structure ou personne. D\u00e8s lors que les plaintes et griefs sont assez nombreux et que les faits sont av\u00e9r\u00e9s, La Maison des Artistes peut intervenir aupr\u00e8s de la structure incrimin\u00e9e et contre ses agissements.<\/p>\n<p><strong><em>3- Qui peut pr\u00e9tendre ouvrir et g\u00e9rer un espace d&rsquo;exposition aujourd&rsquo;hui : faut-il un dipl\u00f4me, un cursus sp\u00e9cial ?<\/em><\/strong><\/p>\n<p>Toute personne en droit de faire du commerce, car il s&rsquo;agit d&rsquo;un commerce, certes en biens culturels, mais d&rsquo;un commerce avec toute les obligations que cela implique, peut ouvrir et g\u00e9rer un espace, un lieu d&rsquo;exposition. La diff\u00e9rence et le professionnalisme se d\u00e9termine par plusieurs crit\u00e8res. Certes, si un dipl\u00f4me en histoire de l&rsquo;art, en management culturel (pour employer un terme \u00e0 la mode) ainsi qu&rsquo;une bonne connaissance de la gestion d&rsquo;un commerce d&rsquo;art (obligations sociales, fiscales, TVA, etc.) peuvent fortement aider \u00e0 comprendre l&rsquo;oeuvre d&rsquo;un artiste auteur, \u00e0 le conseiller et \u00e0 le faire conna\u00eetre, la personnalit\u00e9 du \u00ab\u00a0ma\u00eetre\u00a0\u00bb des lieux est primordiale tant dans la relation avec l&rsquo;artiste auteur qu&rsquo;avec la client\u00e8le. Car c&rsquo;est bien souvent beaucoup plus qu&rsquo;une simple relation commerciale de part et d&rsquo;autre, c&rsquo;est un \u00e9change, le suivi d&rsquo;un parcours et d&rsquo;un engagement artistique ou d&rsquo;une collection d&rsquo;art qui s&rsquo;\u00e9toffe et s&rsquo;enrichie.<\/p>\n<p><strong><em>4- Donc encore une fois le m\u00e9tier de galeriste ne s&rsquo;improvise pas, il rel\u00e8ve d&rsquo;une r\u00e9el connaissance du milieu de l&rsquo;Art contemporain, des artistes et d&rsquo;un engagement sans faille, bref : d&rsquo;une passion ! Pour faire simple, Monsieur X veut ouvrir une galerie \u00e0 Lille, que doit-il faire pour se mettre en r\u00e8gle avec la loi ?<\/em><\/strong><\/p>\n<p>En effet, comme je vous l&rsquo;exprime dans ma pr\u00e9c\u00e9dente r\u00e9ponse, le m\u00e9tier de galeriste ne s&rsquo;improvise pas, il se vit. Ouvrir une galerie, c&rsquo;est en regard des obligations l\u00e9gales ouvrir un commerce. Par cons\u00e9quent, la premi\u00e8re d\u00e9marche \u00e0 effectuer est de s&rsquo;adresser \u00e0 la Chambre de Commerce dont d\u00e9pend le lieu choisi afin de s&rsquo;informer sur les d\u00e9marches \u00e0 accomplir (d\u00e9claration d&rsquo;activit\u00e9 au RCS, d\u00e9claration URSSAF, etc.). C&rsquo;est \u00e9galement \u00eatre en r\u00e8gle vis \u00e0 vis des artistes auteurs en se recensant comme diffuseur aupr\u00e8s des Services de S\u00e9curit\u00e9 Sociale de La Maison des Artistes et faire en sorte que \u00ab\u00a0ses\u00a0\u00bb artistes le soient en les informant de leurs obligations. Nous avons pour cela r\u00e9alis\u00e9 une fiche des obligations l\u00e9gales des artistes auteurs et de leurs diffuseurs.<\/p>\n<p><strong><em>5- Une galerie ou une exposition a t-elle le droit de pr\u00e9senter (d&rsquo;exhiber) des Artistes non d\u00e9clar\u00e9s, m\u00eame si ces derniers ne vendent pas leurs oeuvres ?<\/em><\/strong><\/p>\n<p>Le r\u00e9gime des artistes auteurs d&rsquo;oeuvres graphiques et plastiques \u00e9tant un r\u00e9gime sociale et fiscal d\u00e9claratif obligatoire au premier euro per\u00e7u, tant qu&rsquo;un artiste auteur n&rsquo;a pas retir\u00e9 de revenus de la vente d&rsquo;une de ses oeuvres, il ne peut s&rsquo;identifier en s\u00e9curit\u00e9 sociale et se d\u00e9clarer en fiscal en tant que professionnel. Par cons\u00e9quent, tout lieu d&rsquo;expositions peut pr\u00e9senter un artiste auteur qui ne fait pas acte de vente de ses oeuvres. C&rsquo;est aux responsables de ces lieux de savoir s&rsquo;ils souhaitent ou non pr\u00e9senter les oeuvres d&rsquo;artistes auteurs professionnels et en attente de le devenir, ou, de se \u00ab\u00a0restreindre\u00a0\u00bb \u00e0 des artistes non vendeurs donc non d\u00e9clar\u00e9s qui demeurent des artistes dits \u00ab\u00a0amateurs ou de loisirs\u00a0\u00bb. C&rsquo;est un question d&rsquo;engagement de part et d&rsquo;autre.<\/p>\n<p><strong><em>6- J&rsquo;organise une exposition annuelle o\u00f9 j&rsquo;invite divers artistes professionnels. Si je ne prends aucune commission sur les ventes ni tarifs d&rsquo;inscriptions : dois-je me d\u00e9clarer ?<\/em><\/strong><\/p>\n<p>Au niveau du r\u00e9gime de s\u00e9curit\u00e9 sociale des artistes auteurs, toute structure ou personne qui organise une exposition-vente mais qui ne prend pas de commission sur les ventes n&rsquo;est pas consid\u00e9r\u00e9e comme diffuseur et par cons\u00e9quent n&rsquo;a pas \u00e0 se d\u00e9clarer en tant que tel aupr\u00e8s des Services de S\u00e9curit\u00e9 Sociale de La Maison des Artistes.<\/p>\n<p><strong><em>7- Et si mon exposition est \u00e0 but caritatif (exemple pour le t\u00e9l\u00e9thon) dois-je la d\u00e9clarer comme une expo normale ?<\/em><\/strong><\/p>\n<p>Toute structure ou toute personne qui per\u00e7oit une commission sur les ventes d&rsquo;oeuvres m\u00eame si cette exposition-vente est \u00e0 titre caritatif ou social, est consid\u00e9r\u00e9e comme diffuseur. A ce titre, elle doit se recenser en tant que tel aupr\u00e8s des Services de S\u00e9curit\u00e9 Sociale de La Maison des Artistes et s&rsquo;acquitter de la cotisation diffuseur de 1,1% sur la commission brute pr\u00e9lev\u00e9e ou de la r\u00e9mun\u00e9ration brute vers\u00e9e \u00e0 l\u2019artiste.<\/p>\n<p><strong><em>8- Quels sont les recours dont dispose un artiste qui a subit les m\u00e9faits d&rsquo;un organisateur ou d&rsquo;un galeriste peu scrupuleux ?<\/em><\/strong><\/p>\n<p>Les situations \u00e9tant souvent fort diff\u00e9rentes les unes des autres, lorsqu&rsquo;un artiste auteur professionnel s&rsquo;estime victime des m\u00e9faits d&rsquo;un organisateur d&rsquo;expositions-ventes ou d&rsquo;un galeriste, nous lui conseillons de prendre rdv avec le conseil juridique de La Maison des Artistes qui ainsi pourra lui indiquer la ou les d\u00e9marches \u00e0 accomplir, voire si la situation le demande et si l&rsquo;artiste auteur l&rsquo;accepte lui apporter son concours. En r\u00e8gle g\u00e9n\u00e9rale, il vaut mieux souvent quelques courriers et rappels bien \u00ab\u00a0sentis\u00a0\u00bb que de se lancer dans une d\u00e9marche juridique qui peut s&rsquo;av\u00e9rer longue et co\u00fbteuse.<\/p>\n<p><strong><em>9- Ai-je le droit d&rsquo;inviter au sein de mon atelier un autre artiste pour exposer sur une p\u00e9riode donn\u00e9e ? doit-on consid\u00e9rer cela comme une exposition ?<\/em><\/strong><\/p>\n<p>Si l&rsquo;artiste auteur invit\u00e9(e) pr\u00e9sente ses oeuvres \u00e0 un public, c&rsquo;est une exposition. Si en plus, il vend ses oeuvres, c&rsquo;est une exposition-vente. D\u00e8s lors soit il ou elle est d\u00e9j\u00e0 identifi\u00e9(e) en social et en fiscal comme professionnel soit il ou elle se conformera aux obligations l\u00e9gales \u00e0 l&rsquo;issue de sa premi\u00e8re vente. Si en tant qu&rsquo;artiste auteur invitant vous percevez un pourcentage sur la vente de ses oeuvres, vous \u00eates alors consid\u00e9r\u00e9 comme diffuseur.<\/p>\n<p><strong><em>10- Quel conseil(s) donneriez-vous \u00e0 un artiste pour rep\u00e9rer un bon lieu d&rsquo;exposition ? Quels sont les fondamentaux en la mati\u00e8re ?<\/em><\/strong><\/p>\n<p>La question est complexe tant les crit\u00e8res \u00e0 ce sujet des uns ou des autres sont diff\u00e9rents selon leur engagement. Avant tout, l&rsquo;artiste auteur professionnel ou en passe de le devenir doit se poser des questions basiques pour toute structure ou personne lui faisant proposition d&rsquo;exposition :<\/p>\n<p>&#8211; qui sont les organisateurs ? (v\u00e9rifier leur \u00ab\u00a0pedigree\u00a0\u00bb),<\/p>\n<p>&#8211; le lieu d&rsquo;exposition est-il r\u00e9serv\u00e9 aux artistes auteurs professionnels ?,<\/p>\n<p>&#8211; l&rsquo;information des obligations sociales et fiscales est-elle indiqu\u00e9e dans les documents de pr\u00e9sentation ou dans les formulaires \u00e0 remplir (contrat, fiche d&rsquo;inscription, etc.),<\/p>\n<p>&#8211; quelles sont les conditions de participations ? (droit d&rsquo;accrochage, adh\u00e9sion \u00e0 la structure organisatrice, commission sur ventes, transport des oeuvres, assurances des oeuvres, conditions du vernissage, etc.),<\/p>\n<p>&#8211; le lieu est-il adapt\u00e9 techniquement \u00e0 recevoir une exposition ? (configuration du lieu, syst\u00e8me d&rsquo;accrochage, syst\u00e8me d&rsquo;\u00e9clairage, circulation du public, etc.),<\/p>\n<p>&#8211; qui r\u00e9alise l&rsquo;accrochage des oeuvres ? (plan d&rsquo;accrochage),<\/p>\n<p>&#8211; l&#8217;emplacement du lieu est-il propice \u00e0 drainer le public ? (fl\u00e9chage, communication de la manifestation, etc.),<\/p>\n<p>&#8211; communication de l&rsquo;exposition (affiches (o\u00f9?-quand?-comment?), invitations (qui?- pourquoi?)<\/p>\n<p>&#8211; pr\u00e9sence de l&rsquo;artiste ou non sur le lieu d&rsquo;exposition ? (frais de d\u00e9placement, frais d&rsquo;h\u00e9bergement et de restauration),<\/p>\n<p>&#8211; y-a-t-il des suites pr\u00e9vues \u00e0 cette exposition et quelles sont-elles ?<\/p>\n<p>Toutes ou parties de ces questions (non exhaustives) qui doivent avoir suite de la part du ou des responsables de l&rsquo;exposition dans les documents fournis ou en r\u00e9ponse \u00e0 l&rsquo;artiste auteur doivent lui permettre de se faire un jugement sur le bien fond\u00e9 et sur l&rsquo;int\u00e9r\u00eat professionnel ou non de sa participation.<\/p>\n<p><strong><em>11- Merci Jean-Marc Bourgeois pour vos lumi\u00e8res et votre collaboration, je pense qu&rsquo;on y voit maintenant plus clair, n\u00e9anmoins proposons \u00e0 ceux qui veulent pousser le d\u00e9bat de vous contacter&#8230;<\/em><\/strong><\/p>\n<p>La Maison des Artistes est \u00e0 votre \u00e9coute et soutien l&rsquo;action des bonnes volont\u00e9s comme la v\u00f4tre \u00e0 faire passer son message. Le site de La Maison des Artistes <a href=\"http:\/\/www.lamaisondesartistes.fr\">www.lamaisondesartistes.fr<\/a> est \u00e0 la disposition de tous pour de plus amples informations, ainsi que notre adresse e-mail : <a href=\"mailto:contact@lamaisondesartistes.fr\">contact@lamaisondesartistes.fr<\/a><\/p>\n<p>Nos correspondants r\u00e9gionaux pour les r\u00e9gions Nord Pas-de-Calais et Picardie sont \u00e9galement \u00e0 votre disposition pour tout \u00e9change et toute collaboration qui viserait \u00e0 dynamiser le tissu artistique de vos territoires dans les arts visuels. En effet, les artistes auteurs du Nord-Pas de Calais et de la Picardie sont des acteurs essentiels de leur r\u00e9gion respective, c&rsquo;est pourquoi nous souhaitons que Funiculart, site Internet \u00e0 leur service dans leur qu\u00eate de lieux d&rsquo;expositions \u00ab\u00a0dignes de ce nom\u00a0\u00bb s&rsquo;int\u00e8grent pleinement dans le paysage culturel et qu&rsquo;il soit un exemple par la volont\u00e9 de chacun de la d\u00e9fense des int\u00e9r\u00eats professionnels de nos activit\u00e9s artistiques.<\/p>\n<p>Jean-Marc Bourgeois pour La Maison des Artistes.<\/p>\n<div class=\"wysija-register\">YTo4OntzOjk6IndpZGdldF9pZCI7czoyMDoid3lzaWphLW5sLTEzNjEzNzMzNTgiO3M6NToibGlzdHMiO2E6MTp7aTowO3M6MToiMSI7fXM6MTA6Imxpc3RzX25hbWUiO2E6MTp7aToxO3M6MTE6IkZ1bmljdWxhcnQgIjt9czoxMjoiYXV0b3JlZ2lzdGVyIjtzOjE3OiJub3RfYXV0b19yZWdpc3RlciI7czoxMjoibGFiZWxzd2l0aGluIjtzOjEzOiJsYWJlbHNfd2l0aGluIjtzOjY6InN1Ym1pdCI7czoxMzoiSmUgbSdhYm9ubmUgISI7czo3OiJzdWNjZXNzIjtzOjIyOiJWb3VzIMOqdGVzIGFib25uw6koZSkhIjtzOjEyOiJjdXN0b21maWVsZHMiO2E6MTp7czo1OiJlbWFpbCI7YToxOntzOjU6ImxhYmVsIjtzOjU6IkVtYWlsIjt9fX0=<\/div>\n","protected":false},"excerpt":{"rendered":"<p>10 Questions phares autour des lieux d&rsquo;exposition en France, Jean-Marc Bourgeois nous \u00e9claire : Toujours dans le but de mieux servir les Artistes, j&rsquo;ai d\u00e9cid\u00e9 de faire le point sur les probl\u00e8mes majeurs rencontr\u00e9s par nos cr\u00e9ateurs (amateurs et professionnels) pour exposer leurs oeuvres. A ce titre, Jean-Marc Bourgeois, vice pr\u00e9sident de la \u00ab\u00a0Maison des [&hellip;]<\/p>\n","protected":false},"author":1,"featured_media":0,"parent":0,"menu_order":0,"comment_status":"open","ping_status":"open","template":"","meta":{"footnotes":""},"class_list":["post-559","page","type-page","status-publish","hentry"],"aioseo_notices":[],"_links":{"self":[{"href":"https:\/\/www.funiculart.fr\/ressources\/wp-json\/wp\/v2\/pages\/559","targetHints":{"allow":["GET"]}}],"collection":[{"href":"https:\/\/www.funiculart.fr\/ressources\/wp-json\/wp\/v2\/pages"}],"about":[{"href":"https:\/\/www.funiculart.fr\/ressources\/wp-json\/wp\/v2\/types\/page"}],"author":[{"embeddable":true,"href":"https:\/\/www.funiculart.fr\/ressources\/wp-json\/wp\/v2\/users\/1"}],"replies":[{"embeddable":true,"href":"https:\/\/www.funiculart.fr\/ressources\/wp-json\/wp\/v2\/comments?post=559"}],"version-history":[{"count":0,"href":"https:\/\/www.funiculart.fr\/ressources\/wp-json\/wp\/v2\/pages\/559\/revisions"}],"wp:attachment":[{"href":"https:\/\/www.funiculart.fr\/ressources\/wp-json\/wp\/v2\/media?parent=559"}],"curies":[{"name":"wp","href":"https:\/\/api.w.org\/{rel}","templated":true}]}}