{"id":518,"date":"2013-01-14T16:15:49","date_gmt":"2013-01-14T14:15:49","guid":{"rendered":"https:\/\/www.funiculart.fr\/ressources\/?page_id=518"},"modified":"2013-01-14T18:21:28","modified_gmt":"2013-01-14T16:21:28","slug":"la-chapelle-du-college-de-la-ville-deu","status":"publish","type":"page","link":"https:\/\/www.funiculart.fr\/ressources\/la-chapelle-du-college-de-la-ville-deu\/","title":{"rendered":"La Chapelle du Coll\u00e8ge de la Ville d&rsquo;Eu :"},"content":{"rendered":"<p>La Chapelle du Coll\u00e8ge de la Ville d&rsquo;Eu :<br \/>\nJ&rsquo;ai expos\u00e9 dans cet endroit. C&rsquo;est le service culturel de la Ville De Eu (76) qui invite les artistes et organise l&rsquo;exposition. L&rsquo;accueil est tr\u00e8s professionnel et tr\u00e8s chaleureux. Les visiteurs viennent nombreux voir la chapelle et les expos car la publicit\u00e9 est faite s\u00e9rieusement. L&rsquo;exposition est gard\u00e9e par un gardien comp\u00e9tent qui s\u2019occupe de l&rsquo;accueil du public. Voici une vid\u00e9o de l&rsquo;expo :<br \/>\n<iframe loading=\"lazy\" src=\"http:\/\/www.dailymotion.com\/embed\/video\/xsfb32?logo=0&amp;hideInfos=1\" height=\"315\" width=\"560\" frameborder=\"0\"><\/iframe><!-- Rendered by FancyBox without labels BEGIN -->\n\n\t<style type=\"text\/css\">\n\t\t\t\t\t#gallery-0 {\n\t\t\t\t\t\tmargin: auto;\n\t\t\t\t\t}\n\t\t\t\t\t#gallery-0 .gallery-item {\n\t\t\t\t\t\tfloat: left;\n\t\t\t\t\t\tmargin-top: 10px;\n\t\t\t\t\t\ttext-align: center;\n\t\t\t\t\t\twidth: 32%;\n\t\t\t\t\t}\n\t\t\t\t\t#gallery-0 img {\n\t\t\t\t\t\tborder: 2px solid #cfcfcf;\n\t\t\t\t\t}\n\t\t\t\t\t#gallery-0 .gallery-caption {\n\t\t\t\t\t\tmargin-left: 0;\n\t\t\t\t\t}\n\t<\/style>\n<script type=\"text\/javascript\">\n$(document).ready(function() {\n\t\/*\n\t *  Simple image gallery. Uses default settings\n\t *\/\n\n\t$(\".fancybox\").fancybox({\n\t\t\"transitionIn\"\t\t: \"none\",\n\t\t\"transitionOut\"\t\t: \"none\",\n\t\t\"titlePosition\" \t: \"over\"\n\n\t});\n});\n<\/script>\n\n\t<div id=\"gallery-0\" class=\"gallery galleryid-0 gallery-size-thumbnail\" style=\"\"><dl class=\"gallery-item\"><dt class=\"gallery-icon\">\n\t\t<a class=\"fancybox\" href=\"https:\/\/www.funiculart.fr\/ressources\/wp-content\/uploads\/2013\/01\/chapelleeu.jpg\" rel=\"gallery-0\"><img loading=\"lazy\" decoding=\"async\" width=\"150\" height=\"299\" class=\"attachment-thumbnail\" alt=\"\" src=\"https:\/\/www.funiculart.fr\/ressources\/wp-content\/uploads\/2013\/01\/chapelleeu-150x299.jpg\" \/><\/a><\/dt><\/dl>\n\n<dl class=\"gallery-item\"><dt class=\"gallery-icon\">\n\t\t<a class=\"fancybox\" href=\"https:\/\/www.funiculart.fr\/ressources\/wp-content\/uploads\/2013\/01\/expoeu1.jpg\" rel=\"gallery-0\"><img loading=\"lazy\" decoding=\"async\" width=\"150\" height=\"299\" class=\"attachment-thumbnail\" alt=\"\" src=\"https:\/\/www.funiculart.fr\/ressources\/wp-content\/uploads\/2013\/01\/expoeu1-150x299.jpg\" \/><\/a><\/dt><\/dl>\n\n<dl class=\"gallery-item\"><dt class=\"gallery-icon\">\n\t\t<a class=\"fancybox\" href=\"https:\/\/www.funiculart.fr\/ressources\/wp-content\/uploads\/2013\/01\/expoeu3.jpg\" rel=\"gallery-0\"><img loading=\"lazy\" decoding=\"async\" width=\"150\" height=\"299\" class=\"attachment-thumbnail\" alt=\"\" src=\"https:\/\/www.funiculart.fr\/ressources\/wp-content\/uploads\/2013\/01\/expoeu3-150x299.jpg\" \/><\/a><\/dt><\/dl>\n\n<\/div><br clear=\"all\" \/><!-- Rendered by FancyBox without labels END -->\n<\/p>\n<p>Lieu propos\u00e9 par <a href=\"http:\/\/www.mary-chaplin.com\/\">Mary chaplin, artiste en Vall\u00e9e de Selle.<\/a><\/p>\n","protected":false},"excerpt":{"rendered":"<p>La Chapelle du Coll\u00e8ge de la Ville d&rsquo;Eu : J&rsquo;ai expos\u00e9 dans cet endroit. C&rsquo;est le service culturel de la Ville De Eu (76) qui invite les artistes et organise l&rsquo;exposition. L&rsquo;accueil est tr\u00e8s professionnel et tr\u00e8s chaleureux. Les visiteurs viennent nombreux voir la chapelle et les expos car la publicit\u00e9 est faite s\u00e9rieusement. L&rsquo;exposition [&hellip;]<\/p>\n","protected":false},"author":1,"featured_media":0,"parent":0,"menu_order":0,"comment_status":"open","ping_status":"open","template":"","meta":{"footnotes":""},"class_list":["post-518","page","type-page","status-publish","hentry"],"aioseo_notices":[],"_links":{"self":[{"href":"https:\/\/www.funiculart.fr\/ressources\/wp-json\/wp\/v2\/pages\/518","targetHints":{"allow":["GET"]}}],"collection":[{"href":"https:\/\/www.funiculart.fr\/ressources\/wp-json\/wp\/v2\/pages"}],"about":[{"href":"https:\/\/www.funiculart.fr\/ressources\/wp-json\/wp\/v2\/types\/page"}],"author":[{"embeddable":true,"href":"https:\/\/www.funiculart.fr\/ressources\/wp-json\/wp\/v2\/users\/1"}],"replies":[{"embeddable":true,"href":"https:\/\/www.funiculart.fr\/ressources\/wp-json\/wp\/v2\/comments?post=518"}],"version-history":[{"count":0,"href":"https:\/\/www.funiculart.fr\/ressources\/wp-json\/wp\/v2\/pages\/518\/revisions"}],"wp:attachment":[{"href":"https:\/\/www.funiculart.fr\/ressources\/wp-json\/wp\/v2\/media?parent=518"}],"curies":[{"name":"wp","href":"https:\/\/api.w.org\/{rel}","templated":true}]}}