{"id":428,"date":"2012-10-16T11:04:44","date_gmt":"2012-10-16T09:04:44","guid":{"rendered":"https:\/\/www.funiculart.fr\/ressources\/?page_id=428"},"modified":"2021-05-26T11:33:06","modified_gmt":"2021-05-26T09:33:06","slug":"le-chant-du-fou-a-mons-belgique","status":"publish","type":"page","link":"https:\/\/www.funiculart.fr\/ressources\/le-chant-du-fou-a-mons-belgique\/","title":{"rendered":"Le chant du fou \u00e0 Mons (Belgique)"},"content":{"rendered":"<p>Le chant du fou \u00e0 Mons (Belgique)<br \/>\nje souhaite partager ce bar-expos-concert situ\u00e9 \u00e0 Mons pour la qualit\u00e9 de son public (rencontres riches). On peut y exposer pour une dur\u00e9e totale de 3 semaines et un vernissage peut-\u00eatre pr\u00e9vu. Les salles d&rsquo;expo sont r\u00e9ellement d\u00e9di\u00e9es \u00e0 cet effet.<\/p>\n<p>Adresse : 22, rue de Nimy, 7000 Mons 0(032)496 47 58 08, Contacter Paul <a href=\"mailto:lechantdufou@hotmail.be\">lechantdufou@hotmail.be<\/a><img loading=\"lazy\" decoding=\"async\" class=\"aligncenter size-full wp-image-429\" title=\"Le chant du fou Mons\" src=\"https:\/\/www.funiculart.fr\/ressources\/wp-content\/uploads\/2012\/10\/Le-chant-du-fou-Mons.jpg\" alt=\"\" width=\"620\" height=\"350\" srcset=\"https:\/\/www.funiculart.fr\/ressources\/wp-content\/uploads\/2012\/10\/Le-chant-du-fou-Mons.jpg 620w, https:\/\/www.funiculart.fr\/ressources\/wp-content\/uploads\/2012\/10\/Le-chant-du-fou-Mons-600x338.jpg 600w\" sizes=\"auto, (max-width: 620px) 100vw, 620px\" \/>Lieu propos\u00e9 par Dumas Patrick<\/p>\n","protected":false},"excerpt":{"rendered":"<p>Le chant du fou \u00e0 Mons (Belgique) je souhaite partager ce bar-expos-concert situ\u00e9 \u00e0 Mons pour la qualit\u00e9 de son public (rencontres riches). On peut y exposer pour une dur\u00e9e totale de 3 semaines et un vernissage peut-\u00eatre pr\u00e9vu. Les salles d&rsquo;expo sont r\u00e9ellement d\u00e9di\u00e9es \u00e0 cet effet. Adresse : 22, rue de Nimy, 7000 [&hellip;]<\/p>\n","protected":false},"author":1,"featured_media":0,"parent":0,"menu_order":0,"comment_status":"open","ping_status":"open","template":"","meta":{"footnotes":""},"class_list":["post-428","page","type-page","status-publish","hentry"],"aioseo_notices":[],"_links":{"self":[{"href":"https:\/\/www.funiculart.fr\/ressources\/wp-json\/wp\/v2\/pages\/428","targetHints":{"allow":["GET"]}}],"collection":[{"href":"https:\/\/www.funiculart.fr\/ressources\/wp-json\/wp\/v2\/pages"}],"about":[{"href":"https:\/\/www.funiculart.fr\/ressources\/wp-json\/wp\/v2\/types\/page"}],"author":[{"embeddable":true,"href":"https:\/\/www.funiculart.fr\/ressources\/wp-json\/wp\/v2\/users\/1"}],"replies":[{"embeddable":true,"href":"https:\/\/www.funiculart.fr\/ressources\/wp-json\/wp\/v2\/comments?post=428"}],"version-history":[{"count":0,"href":"https:\/\/www.funiculart.fr\/ressources\/wp-json\/wp\/v2\/pages\/428\/revisions"}],"wp:attachment":[{"href":"https:\/\/www.funiculart.fr\/ressources\/wp-json\/wp\/v2\/media?parent=428"}],"curies":[{"name":"wp","href":"https:\/\/api.w.org\/{rel}","templated":true}]}}