{"id":423,"date":"2012-10-16T10:51:06","date_gmt":"2012-10-16T08:51:06","guid":{"rendered":"https:\/\/www.funiculart.fr\/ressources\/?page_id=423"},"modified":"2021-05-26T11:33:06","modified_gmt":"2021-05-26T09:33:06","slug":"la-paile-dor-a-mons-belgique","status":"publish","type":"page","link":"https:\/\/www.funiculart.fr\/ressources\/la-paile-dor-a-mons-belgique\/","title":{"rendered":"La Paile d&rsquo;Or \u00e0 Mons (Belgique)"},"content":{"rendered":"<p>La Paile d&rsquo;Or\u00a0\u00e0 Mons (Belgique)<br \/>\nJe voulais partager avec d&rsquo;autres artistes ce Bar-expos-concert tr\u00e8s sympa \u00e0 Mons. Les rencontres y sont riches&#8230; Les expositions ont une dur\u00e9e de 3 semaines environs et un vernissage peut-\u00eatre organis\u00e9. Les espaces d&rsquo;expositions sont grands et bien mis en valeurs.<br \/>\nLa Paile d&rsquo;Or Rue d&rsquo;Havr\u00e9 72, 7000 Mons 0(032)65 82 44 80<br \/>\nApr\u00e8s 18h, contacter Philippe qui s&rsquo;occupe du planning des expositions : <a href=\"mailto:lapailedor@gmail.com\">lapailedor@gmail.com<\/a><\/p>\n<p><img loading=\"lazy\" decoding=\"async\" class=\"aligncenter size-full wp-image-424\" title=\"La Paile d'Or\" src=\"https:\/\/www.funiculart.fr\/ressources\/wp-content\/uploads\/2012\/10\/La-Paile-dOr.jpg\" alt=\"\" width=\"320\" height=\"342\" \/>Lieu propos\u00e9 par Dumas Patrick<\/p>\n","protected":false},"excerpt":{"rendered":"<p>La Paile d&rsquo;Or\u00a0\u00e0 Mons (Belgique) Je voulais partager avec d&rsquo;autres artistes ce Bar-expos-concert tr\u00e8s sympa \u00e0 Mons. Les rencontres y sont riches&#8230; Les expositions ont une dur\u00e9e de 3 semaines environs et un vernissage peut-\u00eatre organis\u00e9. Les espaces d&rsquo;expositions sont grands et bien mis en valeurs. La Paile d&rsquo;Or Rue d&rsquo;Havr\u00e9 72, 7000 Mons 0(032)65 [&hellip;]<\/p>\n","protected":false},"author":1,"featured_media":0,"parent":0,"menu_order":0,"comment_status":"open","ping_status":"open","template":"","meta":{"footnotes":""},"class_list":["post-423","page","type-page","status-publish","hentry"],"aioseo_notices":[],"_links":{"self":[{"href":"https:\/\/www.funiculart.fr\/ressources\/wp-json\/wp\/v2\/pages\/423","targetHints":{"allow":["GET"]}}],"collection":[{"href":"https:\/\/www.funiculart.fr\/ressources\/wp-json\/wp\/v2\/pages"}],"about":[{"href":"https:\/\/www.funiculart.fr\/ressources\/wp-json\/wp\/v2\/types\/page"}],"author":[{"embeddable":true,"href":"https:\/\/www.funiculart.fr\/ressources\/wp-json\/wp\/v2\/users\/1"}],"replies":[{"embeddable":true,"href":"https:\/\/www.funiculart.fr\/ressources\/wp-json\/wp\/v2\/comments?post=423"}],"version-history":[{"count":0,"href":"https:\/\/www.funiculart.fr\/ressources\/wp-json\/wp\/v2\/pages\/423\/revisions"}],"wp:attachment":[{"href":"https:\/\/www.funiculart.fr\/ressources\/wp-json\/wp\/v2\/media?parent=423"}],"curies":[{"name":"wp","href":"https:\/\/api.w.org\/{rel}","templated":true}]}}