{"id":415,"date":"2012-10-15T10:43:37","date_gmt":"2012-10-15T08:43:37","guid":{"rendered":"https:\/\/www.funiculart.fr\/ressources\/?page_id=415"},"modified":"2022-10-06T11:20:24","modified_gmt":"2022-10-06T09:20:24","slug":"chateau-des-lumieres-a-saint-blimont-picardie","status":"publish","type":"page","link":"https:\/\/www.funiculart.fr\/ressources\/chateau-des-lumieres-a-saint-blimont-picardie\/","title":{"rendered":"ch\u00e2teau des lumieres \u00e0 Saint-Blimont (Picardie)"},"content":{"rendered":"<p>Le ch\u00e2teau des lumi\u00e8res :<br \/>\nVoici un lieu gratuit pour tous les artistes peintres. Le ch\u00e2teau des lumi\u00e8res est une maison d\u2019h\u00f4tes, chambres d\u2019h\u00f4tes, table d\u2019h\u00f4te, gite de France. La cave du ch\u00e2teau est am\u00e9nag\u00e9e en galerie avec cimaises et crochets et un tr\u00e8s bon \u00e9clairage.<br \/>\nLe vernissage est prie en charge part le propri\u00e9taire du ch\u00e2teau + l&rsquo;artiste, il en va de m\u00eame pour la communication.<br \/>\nMonsieur J\u00e9r\u00f4me cheval ne prend que les artistes de la somme et du nord pas de calais.<\/p>\n<p>contacter J\u00e9r\u00f4me cheval, 29 Rue du Moulin 80960 Saint-Blimont, t\u00e9l 06 87 48 82 23<\/p>\n<p>www.lechateaudeslumieres.comGallery is empty!<\/p>\n<p>Lieu propos\u00e9 par Fran\u00e7ois Mouillard.<\/p>\n","protected":false},"excerpt":{"rendered":"<p>Le ch\u00e2teau des lumi\u00e8res : Voici un lieu gratuit pour tous les artistes peintres. Le ch\u00e2teau des lumi\u00e8res est une maison d\u2019h\u00f4tes, chambres d\u2019h\u00f4tes, table d\u2019h\u00f4te, gite de France. La cave du ch\u00e2teau est am\u00e9nag\u00e9e en galerie avec cimaises et crochets et un tr\u00e8s bon \u00e9clairage. Le vernissage est prie en charge part le propri\u00e9taire [&hellip;]<\/p>\n","protected":false},"author":1,"featured_media":0,"parent":0,"menu_order":0,"comment_status":"open","ping_status":"open","template":"","meta":{"footnotes":""},"class_list":["post-415","page","type-page","status-publish","hentry"],"aioseo_notices":[],"_links":{"self":[{"href":"https:\/\/www.funiculart.fr\/ressources\/wp-json\/wp\/v2\/pages\/415","targetHints":{"allow":["GET"]}}],"collection":[{"href":"https:\/\/www.funiculart.fr\/ressources\/wp-json\/wp\/v2\/pages"}],"about":[{"href":"https:\/\/www.funiculart.fr\/ressources\/wp-json\/wp\/v2\/types\/page"}],"author":[{"embeddable":true,"href":"https:\/\/www.funiculart.fr\/ressources\/wp-json\/wp\/v2\/users\/1"}],"replies":[{"embeddable":true,"href":"https:\/\/www.funiculart.fr\/ressources\/wp-json\/wp\/v2\/comments?post=415"}],"version-history":[{"count":2,"href":"https:\/\/www.funiculart.fr\/ressources\/wp-json\/wp\/v2\/pages\/415\/revisions"}],"predecessor-version":[{"id":3937,"href":"https:\/\/www.funiculart.fr\/ressources\/wp-json\/wp\/v2\/pages\/415\/revisions\/3937"}],"wp:attachment":[{"href":"https:\/\/www.funiculart.fr\/ressources\/wp-json\/wp\/v2\/media?parent=415"}],"curies":[{"name":"wp","href":"https:\/\/api.w.org\/{rel}","templated":true}]}}