{"id":4145,"date":"2024-10-10T10:57:33","date_gmt":"2024-10-10T08:57:33","guid":{"rendered":"https:\/\/www.funiculart.fr\/ressources\/?page_id=4145"},"modified":"2024-10-10T10:57:33","modified_gmt":"2024-10-10T08:57:33","slug":"villeneuve-dascq-lille-atelier-cherche-modeles","status":"publish","type":"page","link":"https:\/\/www.funiculart.fr\/ressources\/villeneuve-dascq-lille-atelier-cherche-modeles\/","title":{"rendered":"villeneuve d&rsquo;ascq &#8211; Lille atelier cherche mod\u00e8les"},"content":{"rendered":"<p>Notre association d&rsquo;arts plastiques, situ\u00e9e \u00e0 Villeneuve d&rsquo;Ascq, RECHERCHE pour nos ateliers adultes des MODELES VIVANTS.<br \/>\nLes ateliers ont lieu :<br \/>\nmardi de 9 h 15 \u00e0 11 h 15 &#8211; de 11 h 15 \u00e0 13 h 15 &#8211; 14 h \u00e0 16 h &#8211; 17 h 45 \u00e0 19 h 45 et 20 h \u00e0 22 h.<br \/>\nvendredi de 10 h \u00e0 12 h.<br \/>\nLes plannings se g\u00e8rent entre plusieurs mod\u00e8les et nous cherchons \u00e0 compl\u00e9ter cette \u00e9quipe.<\/p>\n<p>Contrat \u00e0 dur\u00e9e d\u00e9termin\u00e9e pour la saison scolaire. Taux horaire 16.75 euros (toutes primes incluses).<\/p>\n<p>Renseignements : <a href=\"mailto:contact@atelier-2.com\">contact@atelier-2.com<\/a><\/p>\n<p><img loading=\"lazy\" decoding=\"async\" class=\"aligncenter size-large wp-image-4146\" src=\"https:\/\/www.funiculart.fr\/ressources\/wp-content\/uploads\/2024\/10\/atelier-2-lille-1024x576.jpeg\" alt=\"\" width=\"630\" height=\"354\" srcset=\"https:\/\/www.funiculart.fr\/ressources\/wp-content\/uploads\/2024\/10\/atelier-2-lille-1024x576.jpeg 1024w, https:\/\/www.funiculart.fr\/ressources\/wp-content\/uploads\/2024\/10\/atelier-2-lille-600x337.jpeg 600w, https:\/\/www.funiculart.fr\/ressources\/wp-content\/uploads\/2024\/10\/atelier-2-lille-768x432.jpeg 768w, https:\/\/www.funiculart.fr\/ressources\/wp-content\/uploads\/2024\/10\/atelier-2-lille-1536x864.jpeg 1536w, https:\/\/www.funiculart.fr\/ressources\/wp-content\/uploads\/2024\/10\/atelier-2-lille-2048x1152.jpeg 2048w, https:\/\/www.funiculart.fr\/ressources\/wp-content\/uploads\/2024\/10\/atelier-2-lille-1320x742.jpeg 1320w\" sizes=\"auto, (max-width: 630px) 100vw, 630px\" \/><\/p>\n","protected":false},"excerpt":{"rendered":"<p>Notre association d&rsquo;arts plastiques, situ\u00e9e \u00e0 Villeneuve d&rsquo;Ascq, RECHERCHE pour nos ateliers adultes des MODELES VIVANTS. Les ateliers ont lieu : mardi de 9 h 15 \u00e0 11 h 15 &#8211; de 11 h 15 \u00e0 13 h 15 &#8211; 14 h \u00e0 16 h &#8211; 17 h 45 \u00e0 19 h 45 et 20 [&hellip;]<\/p>\n","protected":false},"author":1,"featured_media":4146,"parent":0,"menu_order":0,"comment_status":"closed","ping_status":"closed","template":"","meta":{"footnotes":""},"class_list":["post-4145","page","type-page","status-publish","has-post-thumbnail","hentry"],"aioseo_notices":[],"_links":{"self":[{"href":"https:\/\/www.funiculart.fr\/ressources\/wp-json\/wp\/v2\/pages\/4145","targetHints":{"allow":["GET"]}}],"collection":[{"href":"https:\/\/www.funiculart.fr\/ressources\/wp-json\/wp\/v2\/pages"}],"about":[{"href":"https:\/\/www.funiculart.fr\/ressources\/wp-json\/wp\/v2\/types\/page"}],"author":[{"embeddable":true,"href":"https:\/\/www.funiculart.fr\/ressources\/wp-json\/wp\/v2\/users\/1"}],"replies":[{"embeddable":true,"href":"https:\/\/www.funiculart.fr\/ressources\/wp-json\/wp\/v2\/comments?post=4145"}],"version-history":[{"count":1,"href":"https:\/\/www.funiculart.fr\/ressources\/wp-json\/wp\/v2\/pages\/4145\/revisions"}],"predecessor-version":[{"id":4147,"href":"https:\/\/www.funiculart.fr\/ressources\/wp-json\/wp\/v2\/pages\/4145\/revisions\/4147"}],"wp:featuredmedia":[{"embeddable":true,"href":"https:\/\/www.funiculart.fr\/ressources\/wp-json\/wp\/v2\/media\/4146"}],"wp:attachment":[{"href":"https:\/\/www.funiculart.fr\/ressources\/wp-json\/wp\/v2\/media?parent=4145"}],"curies":[{"name":"wp","href":"https:\/\/api.w.org\/{rel}","templated":true}]}}