{"id":4057,"date":"2023-02-22T11:37:38","date_gmt":"2023-02-22T09:37:38","guid":{"rendered":"https:\/\/www.funiculart.fr\/ressources\/?page_id=4057"},"modified":"2024-10-30T16:51:52","modified_gmt":"2024-10-30T14:51:52","slug":"gilbert-stephane-pose-en-belgique","status":"publish","type":"page","link":"https:\/\/www.funiculart.fr\/ressources\/gilbert-stephane-pose-en-belgique\/","title":{"rendered":"Gilbert St\u00e9phane pose en Belgique"},"content":{"rendered":"<p>Gilbert St\u00e9phane &lt;<a href=\"mailto:stephanegilbert_6@hotmail.com\" target=\"_blank\" rel=\"noopener\">stephanegilbert_6@hotmail.com<\/a><wbr \/>&gt;<\/p>\n<p>https:\/\/www.facebook.com\/profi<wbr \/>le.php?id=100088683471476<br \/>\nJe suis un homme de 55ans, grand, mesurant 1m95 pour un poids de 94kg. Athl\u00e9tique, je vous joins des photos qui d\u00e9crirons mieux mon physique.<br \/>\nJe pose depuis peu dans mon atelier o\u00f9 ma compagne cr\u00e9e des sculptures en terre et dessine. C&rsquo;est \u00e0 cette occasion que j&rsquo;ai d\u00e9marr\u00e9 cette activit\u00e9 de mod\u00e8le vivant.<br \/>\nN&rsquo;h\u00e9sitez donc surtout pas \u00e0 me contacter pour vos s\u00e9ances dessin et sculpture. Dans l&rsquo;attente de vous rencontrer, je vous remercie d&rsquo;avoir pris le temps de me lire.<\/p>\n<!-- Rendered by FancyBox without labels BEGIN -->\n\n\t<style type=\"text\/css\">\n\t\t\t\t\t#gallery-0 {\n\t\t\t\t\t\tmargin: auto;\n\t\t\t\t\t}\n\t\t\t\t\t#gallery-0 .gallery-item {\n\t\t\t\t\t\tfloat: left;\n\t\t\t\t\t\tmargin-top: 10px;\n\t\t\t\t\t\ttext-align: center;\n\t\t\t\t\t\twidth: 32%;\n\t\t\t\t\t}\n\t\t\t\t\t#gallery-0 img {\n\t\t\t\t\t\tborder: 2px solid #cfcfcf;\n\t\t\t\t\t}\n\t\t\t\t\t#gallery-0 .gallery-caption {\n\t\t\t\t\t\tmargin-left: 0;\n\t\t\t\t\t}\n\t<\/style>\n<script type=\"text\/javascript\">\n$(document).ready(function() {\n\t\/*\n\t *  Simple image gallery. Uses default settings\n\t *\/\n\n\t$(\".fancybox\").fancybox({\n\t\t\"transitionIn\"\t\t: \"none\",\n\t\t\"transitionOut\"\t\t: \"none\",\n\t\t\"titlePosition\" \t: \"over\"\n\n\t});\n});\n<\/script>\n\n\t<div id=\"gallery-0\" class=\"gallery galleryid-0 gallery-size-thumbnail\" style=\"\"><dl class=\"gallery-item\"><dt class=\"gallery-icon\">\n\t\t<a class=\"fancybox\" href=\"https:\/\/www.funiculart.fr\/ressources\/wp-content\/uploads\/2023\/02\/Gilbert-Stephane-Belgique-1-558x1024.jpg\" rel=\"gallery-0\"><img loading=\"lazy\" decoding=\"async\" width=\"150\" height=\"300\" class=\"attachment-thumbnail\" alt=\"\" src=\"https:\/\/www.funiculart.fr\/ressources\/wp-content\/uploads\/2023\/02\/Gilbert-Stephane-Belgique-1-150x300.jpg\" \/><\/a><\/dt><\/dl>\n\n<dl class=\"gallery-item\"><dt class=\"gallery-icon\">\n\t\t<a class=\"fancybox\" href=\"https:\/\/www.funiculart.fr\/ressources\/wp-content\/uploads\/2023\/02\/Gilbert-Stephane-1024x461.jpg\" rel=\"gallery-0\"><img loading=\"lazy\" decoding=\"async\" width=\"150\" height=\"300\" class=\"attachment-thumbnail\" alt=\"\" src=\"https:\/\/www.funiculart.fr\/ressources\/wp-content\/uploads\/2023\/02\/Gilbert-Stephane-150x300.jpg\" \/><\/a><\/dt><\/dl>\n\n<dl class=\"gallery-item\"><dt class=\"gallery-icon\">\n\t\t<a class=\"fancybox\" href=\"https:\/\/www.funiculart.fr\/ressources\/wp-content\/uploads\/2023\/02\/atelier-dessin-Braine-le-Comte-461x1024.jpg\" rel=\"gallery-0\"><img loading=\"lazy\" decoding=\"async\" width=\"150\" height=\"300\" class=\"attachment-thumbnail\" alt=\"\" src=\"https:\/\/www.funiculart.fr\/ressources\/wp-content\/uploads\/2023\/02\/atelier-dessin-Braine-le-Comte-150x300.jpg\" \/><\/a><\/dt><\/dl>\n\n<\/div><br clear=\"all\" \/><!-- Rendered by FancyBox without labels END -->\n\n","protected":false},"excerpt":{"rendered":"<p>Gilbert St\u00e9phane &lt;stephanegilbert_6@hotmail.com&gt; https:\/\/www.facebook.com\/profile.php?id=100088683471476 Je suis un homme de 55ans, grand, mesurant 1m95 pour un poids de 94kg. Athl\u00e9tique, je vous joins des photos qui d\u00e9crirons mieux mon physique. Je pose depuis peu dans mon atelier o\u00f9 ma compagne cr\u00e9e des sculptures en terre et dessine. C&rsquo;est \u00e0 cette occasion que j&rsquo;ai d\u00e9marr\u00e9 cette activit\u00e9 [&hellip;]<\/p>\n","protected":false},"author":1,"featured_media":0,"parent":0,"menu_order":0,"comment_status":"closed","ping_status":"closed","template":"","meta":{"footnotes":""},"class_list":["post-4057","page","type-page","status-publish","hentry"],"aioseo_notices":[],"_links":{"self":[{"href":"https:\/\/www.funiculart.fr\/ressources\/wp-json\/wp\/v2\/pages\/4057","targetHints":{"allow":["GET"]}}],"collection":[{"href":"https:\/\/www.funiculart.fr\/ressources\/wp-json\/wp\/v2\/pages"}],"about":[{"href":"https:\/\/www.funiculart.fr\/ressources\/wp-json\/wp\/v2\/types\/page"}],"author":[{"embeddable":true,"href":"https:\/\/www.funiculart.fr\/ressources\/wp-json\/wp\/v2\/users\/1"}],"replies":[{"embeddable":true,"href":"https:\/\/www.funiculart.fr\/ressources\/wp-json\/wp\/v2\/comments?post=4057"}],"version-history":[{"count":3,"href":"https:\/\/www.funiculart.fr\/ressources\/wp-json\/wp\/v2\/pages\/4057\/revisions"}],"predecessor-version":[{"id":4153,"href":"https:\/\/www.funiculart.fr\/ressources\/wp-json\/wp\/v2\/pages\/4057\/revisions\/4153"}],"wp:attachment":[{"href":"https:\/\/www.funiculart.fr\/ressources\/wp-json\/wp\/v2\/media?parent=4057"}],"curies":[{"name":"wp","href":"https:\/\/api.w.org\/{rel}","templated":true}]}}