{"id":4017,"date":"2023-01-13T11:07:18","date_gmt":"2023-01-13T09:07:18","guid":{"rendered":"https:\/\/www.funiculart.fr\/ressources\/?page_id=4017"},"modified":"2023-01-13T11:07:18","modified_gmt":"2023-01-13T09:07:18","slug":"fred-et-clo-region-parisienne-haut-de-france-bourgogne","status":"publish","type":"page","link":"https:\/\/www.funiculart.fr\/ressources\/fred-et-clo-region-parisienne-haut-de-france-bourgogne\/","title":{"rendered":"Fred et Clo : R\u00e9gion Parisienne &#8211; Haut de France &#8211; Bourgogne"},"content":{"rendered":"<p>Fred&amp;Clo &lt;<a href=\"mailto:fm_67@hotmail.fr\" target=\"_blank\" rel=\"noopener\">fm_67@hotmail.fr<\/a>&gt;<\/p>\n<p>Region Parisienne &#8211; Haut de France &#8211; Bourgogne<br \/>\nCouple de mod\u00e8les.<br \/>\nMinces, 1m74 et 1m78.<br \/>\nExp\u00e9riment\u00e9s<br \/>\nOuverts \u00e0 tout type de projet artistique<br \/>\nDisponibles pour du dessin, en ateliers ou chez artiste particulier.<br \/>\nA bientot \ud83d\ude42<\/p>\n<p><img loading=\"lazy\" decoding=\"async\" class=\"aligncenter wp-image-4018 size-full\" src=\"https:\/\/www.funiculart.fr\/ressources\/wp-content\/uploads\/2023\/01\/G-D-N-40-2.png\" alt=\"\" width=\"480\" height=\"480\" srcset=\"https:\/\/www.funiculart.fr\/ressources\/wp-content\/uploads\/2023\/01\/G-D-N-40-2.png 480w, https:\/\/www.funiculart.fr\/ressources\/wp-content\/uploads\/2023\/01\/G-D-N-40-2-400x400.png 400w, https:\/\/www.funiculart.fr\/ressources\/wp-content\/uploads\/2023\/01\/G-D-N-40-2-150x150.png 150w\" sizes=\"auto, (max-width: 480px) 100vw, 480px\" \/><\/p>\n","protected":false},"excerpt":{"rendered":"<p>Fred&amp;Clo &lt;fm_67@hotmail.fr&gt; Region Parisienne &#8211; Haut de France &#8211; Bourgogne Couple de mod\u00e8les. Minces, 1m74 et 1m78. Exp\u00e9riment\u00e9s Ouverts \u00e0 tout type de projet artistique Disponibles pour du dessin, en ateliers ou chez artiste particulier. A bientot \ud83d\ude42<\/p>\n","protected":false},"author":1,"featured_media":0,"parent":0,"menu_order":0,"comment_status":"closed","ping_status":"closed","template":"","meta":{"footnotes":""},"class_list":["post-4017","page","type-page","status-publish","hentry"],"aioseo_notices":[],"_links":{"self":[{"href":"https:\/\/www.funiculart.fr\/ressources\/wp-json\/wp\/v2\/pages\/4017","targetHints":{"allow":["GET"]}}],"collection":[{"href":"https:\/\/www.funiculart.fr\/ressources\/wp-json\/wp\/v2\/pages"}],"about":[{"href":"https:\/\/www.funiculart.fr\/ressources\/wp-json\/wp\/v2\/types\/page"}],"author":[{"embeddable":true,"href":"https:\/\/www.funiculart.fr\/ressources\/wp-json\/wp\/v2\/users\/1"}],"replies":[{"embeddable":true,"href":"https:\/\/www.funiculart.fr\/ressources\/wp-json\/wp\/v2\/comments?post=4017"}],"version-history":[{"count":1,"href":"https:\/\/www.funiculart.fr\/ressources\/wp-json\/wp\/v2\/pages\/4017\/revisions"}],"predecessor-version":[{"id":4019,"href":"https:\/\/www.funiculart.fr\/ressources\/wp-json\/wp\/v2\/pages\/4017\/revisions\/4019"}],"wp:attachment":[{"href":"https:\/\/www.funiculart.fr\/ressources\/wp-json\/wp\/v2\/media?parent=4017"}],"curies":[{"name":"wp","href":"https:\/\/api.w.org\/{rel}","templated":true}]}}