{"id":3991,"date":"2022-11-22T14:07:46","date_gmt":"2022-11-22T12:07:46","guid":{"rendered":"https:\/\/www.funiculart.fr\/ressources\/?page_id=3991"},"modified":"2022-11-23T12:19:42","modified_gmt":"2022-11-23T10:19:42","slug":"decouverte-de-la-gravure-sur-rhenalon","status":"publish","type":"page","link":"https:\/\/www.funiculart.fr\/ressources\/decouverte-de-la-gravure-sur-rhenalon\/","title":{"rendered":"D\u00e9couverte de la gravure sur rh\u00e9nalon"},"content":{"rendered":"<p>Dans mon atelier de Beauquesne , je vous propose de vous initier \u00e0 la gravure.<br \/>\nNous commencerons par un moment de dessin, travail au trait qui servira de base \u00e0 la gravure, vous utiliserez ensuite les pointes s\u00e8ches pour graver en transparence sur le rh\u00e9nalon , (plexi l\u00e9ger), puis viendra la phase d\u2019encrage et ensuite le passage \u00e0 la presse et la surprise du tirage sur papier.<br \/>\nPendant deux heures, nous partagerons l\u2019atelier, la presse et mon exp\u00e9rience du dessin.<br \/>\nVous repartirez avec diff\u00e9rents tirages papiers<br \/>\nJe vous propose 2h \u00e0 r\u00e9server via cette page \u00ab\u00a0exp\u00e9rience\u00a0\u00bb sur Airbnb\u00a0<\/p>\n<!-- Rendered by FancyBox without labels BEGIN -->\n\n\t<style type=\"text\/css\">\n\t\t\t\t\t#gallery-0 {\n\t\t\t\t\t\tmargin: auto;\n\t\t\t\t\t}\n\t\t\t\t\t#gallery-0 .gallery-item {\n\t\t\t\t\t\tfloat: left;\n\t\t\t\t\t\tmargin-top: 10px;\n\t\t\t\t\t\ttext-align: center;\n\t\t\t\t\t\twidth: 32%;\n\t\t\t\t\t}\n\t\t\t\t\t#gallery-0 img {\n\t\t\t\t\t\tborder: 2px solid #cfcfcf;\n\t\t\t\t\t}\n\t\t\t\t\t#gallery-0 .gallery-caption {\n\t\t\t\t\t\tmargin-left: 0;\n\t\t\t\t\t}\n\t<\/style>\n<script type=\"text\/javascript\">\n$(document).ready(function() {\n\t\/*\n\t *  Simple image gallery. Uses default settings\n\t *\/\n\n\t$(\".fancybox\").fancybox({\n\t\t\"transitionIn\"\t\t: \"none\",\n\t\t\"transitionOut\"\t\t: \"none\",\n\t\t\"titlePosition\" \t: \"over\"\n\n\t});\n});\n<\/script>\n\n\t<div id=\"gallery-0\" class=\"gallery galleryid-0 gallery-size-thumbnail\" style=\"\"><dl class=\"gallery-item\"><dt class=\"gallery-icon\">\n\t\t<a class=\"fancybox\" href=\"https:\/\/www.funiculart.fr\/ressources\/wp-content\/uploads\/2022\/11\/cours-de-dessin-1024x514.jpg\" rel=\"gallery-0\"><img loading=\"lazy\" decoding=\"async\" width=\"150\" height=\"300\" class=\"attachment-thumbnail\" alt=\"\" src=\"https:\/\/www.funiculart.fr\/ressources\/wp-content\/uploads\/2022\/11\/cours-de-dessin-150x300.jpg\" \/><\/a><\/dt><\/dl>\n\n<dl class=\"gallery-item\"><dt class=\"gallery-icon\">\n\t\t<a class=\"fancybox\" href=\"https:\/\/www.funiculart.fr\/ressources\/wp-content\/uploads\/2022\/11\/Nathalie-Bardou-1024x683.jpg\" rel=\"gallery-0\"><img loading=\"lazy\" decoding=\"async\" width=\"150\" height=\"300\" class=\"attachment-thumbnail\" alt=\"\" src=\"https:\/\/www.funiculart.fr\/ressources\/wp-content\/uploads\/2022\/11\/Nathalie-Bardou-150x300.jpg\" \/><\/a><\/dt><\/dl>\n\n<dl class=\"gallery-item\"><dt class=\"gallery-icon\">\n\t\t<a class=\"fancybox\" href=\"https:\/\/www.funiculart.fr\/ressources\/wp-content\/uploads\/2022\/11\/Pagny-corine-472x1024.jpg\" rel=\"gallery-0\"><img loading=\"lazy\" decoding=\"async\" width=\"150\" height=\"300\" class=\"attachment-thumbnail\" alt=\"\" src=\"https:\/\/www.funiculart.fr\/ressources\/wp-content\/uploads\/2022\/11\/Pagny-corine-150x300.jpg\" \/><\/a><\/dt><\/dl>\n\n<\/div><br clear=\"all\" \/><!-- Rendered by FancyBox without labels END -->\n\n","protected":false},"excerpt":{"rendered":"<p>Dans mon atelier de Beauquesne , je vous propose de vous initier \u00e0 la gravure. Nous commencerons par un moment de dessin, travail au trait qui servira de base \u00e0 la gravure, vous utiliserez ensuite les pointes s\u00e8ches pour graver en transparence sur le rh\u00e9nalon , (plexi l\u00e9ger), puis viendra la phase d\u2019encrage et ensuite [&hellip;]<\/p>\n","protected":false},"author":1,"featured_media":0,"parent":0,"menu_order":0,"comment_status":"closed","ping_status":"closed","template":"","meta":{"footnotes":""},"class_list":["post-3991","page","type-page","status-publish","hentry"],"aioseo_notices":[],"_links":{"self":[{"href":"https:\/\/www.funiculart.fr\/ressources\/wp-json\/wp\/v2\/pages\/3991","targetHints":{"allow":["GET"]}}],"collection":[{"href":"https:\/\/www.funiculart.fr\/ressources\/wp-json\/wp\/v2\/pages"}],"about":[{"href":"https:\/\/www.funiculart.fr\/ressources\/wp-json\/wp\/v2\/types\/page"}],"author":[{"embeddable":true,"href":"https:\/\/www.funiculart.fr\/ressources\/wp-json\/wp\/v2\/users\/1"}],"replies":[{"embeddable":true,"href":"https:\/\/www.funiculart.fr\/ressources\/wp-json\/wp\/v2\/comments?post=3991"}],"version-history":[{"count":2,"href":"https:\/\/www.funiculart.fr\/ressources\/wp-json\/wp\/v2\/pages\/3991\/revisions"}],"predecessor-version":[{"id":3998,"href":"https:\/\/www.funiculart.fr\/ressources\/wp-json\/wp\/v2\/pages\/3991\/revisions\/3998"}],"wp:attachment":[{"href":"https:\/\/www.funiculart.fr\/ressources\/wp-json\/wp\/v2\/media?parent=3991"}],"curies":[{"name":"wp","href":"https:\/\/api.w.org\/{rel}","templated":true}]}}