{"id":3963,"date":"2022-11-04T11:49:00","date_gmt":"2022-11-04T09:49:00","guid":{"rendered":"https:\/\/www.funiculart.fr\/ressources\/?page_id=3963"},"modified":"2025-04-25T09:18:21","modified_gmt":"2025-04-25T07:18:21","slug":"artistes-cherchent-une-modele-en-france","status":"publish","type":"page","link":"https:\/\/www.funiculart.fr\/ressources\/artistes-cherchent-une-modele-en-france\/","title":{"rendered":"Artistes cherchent un(e) mod\u00e8le en France"},"content":{"rendered":"<p><strong>Ces Artistes peintres, sculpteurs, photographes cherchent un mod\u00e8le. Ils ne sont pas des Hauts-de-France mais leurs r\u00e9gions pourraient valoir un d\u00e9placement :<\/strong><\/p>\n<p><a href=\"https:\/\/www.funiculart.fr\/ressources\/artiste-plasticien-peintre-sculpteur-et-photographe-recherche-un-modele-paris-15e\/\">-Nicolas Mocan (artiste plasticien, peintre, sculpteur et photographe) recherche modele sur Paris15<\/a><\/p>\n<p><a href=\"https:\/\/www.funiculart.fr\/ressources\/rinka-ku-recherche-4-modeles-en-ile-de-france\/\">-Rinka Ku cherche 4 mod\u00e8les f\u00e9minins sur Paris.<\/a><\/p>\n<p><a href=\"https:\/\/www.funiculart.fr\/ressources\/anthony-m-desperados-cherche-modeles-sur-marseille\/\">-Anthony M cherche hommes et femmes sur Marseille.<\/a><\/p>\n<p><a href=\"https:\/\/www.funiculart.fr\/ressources\/delauvaux-serge-cherche-sur-toulouse\/\">-Delauvaux Serge cherche mod\u00e8les f\u00e9minins sur Toulouse.<\/a><\/p>\n<p><a href=\"https:\/\/www.funiculart.fr\/ressources\/franck-lechouan-photographe-gratuit-pour-modeles\/\">-Franck Lechouan vous propose ses services de photographe gratuitement ! (pour cr\u00e9ations de books).<\/a><\/p>\n<p><a href=\"https:\/\/www.funiculart.fr\/ressources\/yannick-bouillault-cherche-modele-feminin-en-nouvelle-aquitaine\/\">-Yannick Bouillart cherche mod\u00e8le f\u00e9minin Nouvelle Aquitaine.<\/a><\/p>\n<p><a href=\"https:\/\/www.funiculart.fr\/ressources\/lionel-lathuille-cherche-un-ou-une-modele\/\">-Lionel Lathuille, cherche un ou une mod\u00e8le.<\/a><\/p>\n<p><a href=\"https:\/\/www.funiculart.fr\/ressources\/sculpteur-sur-paris-et-je-cherche-pour-la-semaine-du-217-au-2572014-deux-modeles\/\">-Candelier Christian sculpteur sur paris, cherche deux modeles.<\/a><\/p>\n<p><a href=\"https:\/\/www.funiculart.fr\/ressources\/jean-claude-belegou-cherche-modele-feminin-dans-le-76\/\">-Jean-Claude Belegou cherche mod\u00e8le f\u00e9minin dans le 76.<\/a><\/p>\n<p><a href=\"https:\/\/www.funiculart.fr\/ressources\/stephane-sculpteur-cherche-modele\/\">-St\u00e9phane est sculpteur, il cherche un mod\u00e8le en Aquitaine.<\/a><\/p>\n<p><a href=\"https:\/\/www.funiculart.fr\/ressources\/maxime-biou-cherche-modele-sur-paris\/\">-Maxime Biou cherche un mod\u00e8le sur Paris.<\/a><\/p>\n<p><a href=\"https:\/\/www.funiculart.fr\/ressources\/cherche-modele-feminin-en-ile-de-france\/\">-Cherche mod\u00e8le f\u00e9minin en ile-de-france<\/a>.<\/p>\n<p><a href=\"https:\/\/www.funiculart.fr\/ressources\/mocan-nicolas-sur-paris-ou-region-parisienne\/\">-Mocan Nicolas cherche un mod\u00e8le sur Paris.<\/a><\/p>\n<p>-Lucien Tanguy sur Paris.<\/p>\n<p><a href=\"https:\/\/www.funiculart.fr\/ressources\/nasserghazizadeh-illan-46\/\">-Illan-46 cherche mod\u00e8le<\/a>.<\/p>\n<p><a href=\"https:\/\/www.funiculart.fr\/ressources\/ivanoff-attend-un-modele-feminin-sur-paris\/\">-Ivanoff cherche une fille d\u00e9sireuse de poser sur Paris.<\/a><\/p>\n<p><a href=\"https:\/\/www.funiculart.fr\/ressources\/rouaud-cherche-un-modele-sur-alencon\/\">-Club de peintres cherche modele sur Alen\u00e7on.<\/a><\/p>\n<p><a href=\"https:\/\/www.funiculart.fr\/ressources\/atelier-de-sculpture-de-la-garnache-recherche-modeles-feminins\/\">-Atelier de sculpture de la Garnache recherche modeles feminins.<\/a><\/p>\n<p><a href=\"https:\/\/www.funiculart.fr\/ressources\/jean-baptiste-luraine-cherche-un-modele-a-venissieux\/\">-jean-baptiste luraine cherche un modele sur venissieux.<\/a><\/p>\n<p><a href=\"https:\/\/www.funiculart.fr\/ressources\/delaleu-marie-cherche-modele-africaine-sur-paris\/\">-Delaleu Marie cherche mod\u00e8le Africaine sur Paris.<\/a><\/p>\n<p><a href=\"https:\/\/www.funiculart.fr\/ressources\/atelier-de-neuilly-plaisance-cherche-modeles\/\">-Atelier de Neuilly-plaisance cherche des modeles.<\/a><\/p>\n<p><a href=\"https:\/\/www.funiculart.fr\/ressources\/femme-artiste-cherche-modele-sur-paris\/\">-Femme artiste cherche mod\u00e8le sur Paris.<\/a><\/p>\n<p><a href=\"https:\/\/www.funiculart.fr\/ressources\/atelier-herlanes-montreuil-bellay\/\">-Atelier herlanes cherche mod\u00e8les.<\/a><\/p>\n<p><a href=\"https:\/\/www.funiculart.fr\/ressources\/cherche-un-modele-feminin-dans-le-departement-29-finistere-sud\/\">-Alain cherche mod\u00e8le dans le Finist\u00e8re sud.<\/a><\/p>\n<p><a href=\"https:\/\/www.funiculart.fr\/ressources\/simon-cherche-modele-en-languedoc\/\">-Simon cherche modele r\u00e9gion Languedoc<\/a><\/p>\n<p><a href=\"https:\/\/www.funiculart.fr\/ressources\/butin-fabienne-cherche-un-modele-a-cassis\/\">-Butin Fabienne cherche modele sur Cassis.<\/a><\/p>\n<p><a href=\"https:\/\/www.funiculart.fr\/ressources\/jean-marc-vauthrin-cherche-modele-pour-moulage-de-buste\/\">-Jean-Marc Vauthrin cherche un mod\u00e8le F pour moulage de buste.<\/a><\/p>\n<p><a href=\"https:\/\/www.funiculart.fr\/ressources\/jerome-fabry-focale31\/\">-J\u00e9r\u00f4me-fabry-focale31.<\/a><\/p>\n<p><a href=\"https:\/\/www.funiculart.fr\/ressources\/mancardi-jean-jacques-aix-en-provence\/\">-Mancardi Jean-Jacques cherche mod\u00e8le f\u00e9mini \u00e0 Aix en Provence.<\/a><\/p>\n<p><a href=\"https:\/\/www.funiculart.fr\/ressources\/lippi-michel\/\">-Lippi Michel cherche un mod\u00e8le f\u00e9minin \u00e0 Le Cannet<\/a><\/p>\n<p><a href=\"https:\/\/www.funiculart.fr\/ressources\/patrick-brun-sculpture\/\">-Patrick Brun cherche mod\u00e8le sur Rambouillet.<\/a><\/p>\n<p><a href=\"https:\/\/www.funiculart.fr\/ressources\/cherche-modele-feminin-sur-marseille\/\">-Ivanoff cherche mod\u00e8le f\u00e9minin sur Marseille.<\/a><\/p>\n<p><a href=\"https:\/\/www.funiculart.fr\/ressources\/michel-bethune-recherche-modele-et-collaboratrice\/\">-Michel Bethune cherche modele et collaboratrice<\/a><\/p>\n","protected":false},"excerpt":{"rendered":"<p>Ces Artistes peintres, sculpteurs, photographes cherchent un mod\u00e8le. Ils ne sont pas des Hauts-de-France mais leurs r\u00e9gions pourraient valoir un d\u00e9placement : -Nicolas Mocan (artiste plasticien, peintre, sculpteur et photographe) recherche modele sur Paris15 -Rinka Ku cherche 4 mod\u00e8les f\u00e9minins sur Paris. -Anthony M cherche hommes et femmes sur Marseille. -Delauvaux Serge cherche mod\u00e8les f\u00e9minins [&hellip;]<\/p>\n","protected":false},"author":1,"featured_media":0,"parent":0,"menu_order":0,"comment_status":"closed","ping_status":"closed","template":"","meta":{"footnotes":""},"class_list":["post-3963","page","type-page","status-publish","hentry"],"aioseo_notices":[],"_links":{"self":[{"href":"https:\/\/www.funiculart.fr\/ressources\/wp-json\/wp\/v2\/pages\/3963","targetHints":{"allow":["GET"]}}],"collection":[{"href":"https:\/\/www.funiculart.fr\/ressources\/wp-json\/wp\/v2\/pages"}],"about":[{"href":"https:\/\/www.funiculart.fr\/ressources\/wp-json\/wp\/v2\/types\/page"}],"author":[{"embeddable":true,"href":"https:\/\/www.funiculart.fr\/ressources\/wp-json\/wp\/v2\/users\/1"}],"replies":[{"embeddable":true,"href":"https:\/\/www.funiculart.fr\/ressources\/wp-json\/wp\/v2\/comments?post=3963"}],"version-history":[{"count":5,"href":"https:\/\/www.funiculart.fr\/ressources\/wp-json\/wp\/v2\/pages\/3963\/revisions"}],"predecessor-version":[{"id":4223,"href":"https:\/\/www.funiculart.fr\/ressources\/wp-json\/wp\/v2\/pages\/3963\/revisions\/4223"}],"wp:attachment":[{"href":"https:\/\/www.funiculart.fr\/ressources\/wp-json\/wp\/v2\/media?parent=3963"}],"curies":[{"name":"wp","href":"https:\/\/api.w.org\/{rel}","templated":true}]}}