{"id":391,"date":"2012-10-01T19:24:55","date_gmt":"2012-10-01T17:24:55","guid":{"rendered":"https:\/\/www.funiculart.fr\/ressources\/?page_id=391"},"modified":"2012-10-02T09:12:05","modified_gmt":"2012-10-02T07:12:05","slug":"spruyt-damien-modele","status":"publish","type":"page","link":"https:\/\/www.funiculart.fr\/ressources\/spruyt-damien-modele\/","title":{"rendered":"SPRUYT DAMIEN mod\u00e8le"},"content":{"rendered":"<p>SPRUYT DAMIEN &lt;<a href=\"mailto:ldshow2@yahoo.fr\">ldshow2@yahoo.fr<\/a>&gt; propose de poser comme mod\u00e8le pour peintres et sculpteurs. Damien mesure 182cm pour 75kg, mince et dessin\u00e9, sportif. Il est bas\u00e9 sur la r\u00e9gion Lilloise. Il est libre \u00e0 toutes heures du lundi au samedi :<\/p>\nGallery is empty!\n","protected":false},"excerpt":{"rendered":"<p>SPRUYT DAMIEN &lt;ldshow2@yahoo.fr&gt; propose de poser comme mod\u00e8le pour peintres et sculpteurs. Damien mesure 182cm pour 75kg, mince et dessin\u00e9, sportif. Il est bas\u00e9 sur la r\u00e9gion Lilloise. Il est libre \u00e0 toutes heures du lundi au samedi :<\/p>\n","protected":false},"author":1,"featured_media":0,"parent":0,"menu_order":0,"comment_status":"open","ping_status":"open","template":"","meta":{"footnotes":""},"class_list":["post-391","page","type-page","status-publish","hentry"],"aioseo_notices":[],"_links":{"self":[{"href":"https:\/\/www.funiculart.fr\/ressources\/wp-json\/wp\/v2\/pages\/391","targetHints":{"allow":["GET"]}}],"collection":[{"href":"https:\/\/www.funiculart.fr\/ressources\/wp-json\/wp\/v2\/pages"}],"about":[{"href":"https:\/\/www.funiculart.fr\/ressources\/wp-json\/wp\/v2\/types\/page"}],"author":[{"embeddable":true,"href":"https:\/\/www.funiculart.fr\/ressources\/wp-json\/wp\/v2\/users\/1"}],"replies":[{"embeddable":true,"href":"https:\/\/www.funiculart.fr\/ressources\/wp-json\/wp\/v2\/comments?post=391"}],"version-history":[{"count":0,"href":"https:\/\/www.funiculart.fr\/ressources\/wp-json\/wp\/v2\/pages\/391\/revisions"}],"wp:attachment":[{"href":"https:\/\/www.funiculart.fr\/ressources\/wp-json\/wp\/v2\/media?parent=391"}],"curies":[{"name":"wp","href":"https:\/\/api.w.org\/{rel}","templated":true}]}}