{"id":37,"date":"2012-08-31T16:02:12","date_gmt":"2012-08-31T14:02:12","guid":{"rendered":"https:\/\/www.funiculart.fr\/ressources\/?page_id=37"},"modified":"2022-09-21T09:59:33","modified_gmt":"2022-09-21T07:59:33","slug":"proposition-lieux-expo","status":"publish","type":"page","link":"https:\/\/www.funiculart.fr\/ressources\/proposition-lieux-expo\/","title":{"rendered":"Conseiller un lieu d&rsquo;exposition :"},"content":{"rendered":"<p><b>Vous d\u00e9sirez <\/b><strong>proposer un lieu d\u2019exposition, votre galerie ou une salle de QUALITE ?<\/strong><\/p>\n<p>Funiculart recense en priorit\u00e9 les galeries et lieux du <strong>Nord, du Pas-de-Calais et de la Picardie<\/strong>, mais vous pouvez aussi promouvoir un endroit que vous avez appr\u00e9ci\u00e9 dans un autre d\u00e9partement et en Belgique.<\/p>\n<p>Funiculart est partenaire officiel du site r\u00e9gional \u00ab\u00a0<a href=\"https:\/\/www.art-en-nord.fr\/artistes-hauts-de-france\/\" target=\"_blank\" rel=\"noopener\">Art en Nord<\/a>\u00ab\u00a0.<\/p>\n<p>Envoyez un mail \u00e0 <a href=\"mailto:funiculart@gmail.com\">funiculart@gmail.com<\/a> avec un explicatif de votre lieu (qualit\u00e9, retours \u00e0 attendre, accessibilit\u00e9, s\u00e9rieux, etc) avec au moins 3 photos et tous autres renseignements n\u00e9cessaires pour compl\u00e9ter votre proposition.<\/p>\n<p>Ou remplissez notre formulaire :<\/p>\n\n<div class=\"wpcf7 no-js\" id=\"wpcf7-f43-o1\" lang=\"en-US\" dir=\"ltr\" data-wpcf7-id=\"43\">\n<div class=\"screen-reader-response\"><p role=\"status\" aria-live=\"polite\" aria-atomic=\"true\"><\/p> <ul><\/ul><\/div>\n<form action=\"\/ressources\/wp-json\/wp\/v2\/pages\/37#wpcf7-f43-o1\" method=\"post\" class=\"wpcf7-form init\" aria-label=\"Contact form\" enctype=\"multipart\/form-data\" novalidate=\"novalidate\" data-status=\"init\">\n<fieldset class=\"hidden-fields-container\"><input type=\"hidden\" name=\"_wpcf7\" value=\"43\" \/><input type=\"hidden\" name=\"_wpcf7_version\" value=\"6.1.5\" \/><input type=\"hidden\" name=\"_wpcf7_locale\" value=\"en_US\" \/><input type=\"hidden\" name=\"_wpcf7_unit_tag\" value=\"wpcf7-f43-o1\" \/><input type=\"hidden\" name=\"_wpcf7_container_post\" value=\"0\" \/><input type=\"hidden\" name=\"_wpcf7_posted_data_hash\" value=\"\" \/>\n<\/fieldset>\n<p>Votre nom (obligatoire) :\n<\/p>\n<p><span class=\"wpcf7-form-control-wrap\" data-name=\"your-name\"><input size=\"40\" maxlength=\"400\" class=\"wpcf7-form-control wpcf7-text wpcf7-validates-as-required\" aria-required=\"true\" aria-invalid=\"false\" value=\"\" type=\"text\" name=\"your-name\" \/><\/span>\n<\/p>\n<p>Votre email (obligatoire, mais ne sera pas publi\u00e9) :\n<\/p>\n<p><span class=\"wpcf7-form-control-wrap\" data-name=\"your-email\"><input size=\"40\" maxlength=\"400\" class=\"wpcf7-form-control wpcf7-email wpcf7-validates-as-required wpcf7-text wpcf7-validates-as-email\" aria-required=\"true\" aria-invalid=\"false\" value=\"\" type=\"email\" name=\"your-email\" \/><\/span>\n<\/p>\n<p>Votre site internet (sera publi\u00e9 sur la page propos\u00e9e) :\n<\/p>\n<p><span class=\"wpcf7-form-control-wrap\" data-name=\"siteinternet\"><input size=\"40\" maxlength=\"400\" class=\"wpcf7-form-control wpcf7-text\" aria-invalid=\"false\" value=\"\" type=\"text\" name=\"siteinternet\" \/><\/span>\n<\/p>\n<p>Nom du lieu, de la galerie ou de l'\u00e9v\u00e8nement \u00e0 promouvoir :\n<\/p>\n<p><span class=\"wpcf7-form-control-wrap\" data-name=\"your-subject\"><input size=\"40\" maxlength=\"400\" class=\"wpcf7-form-control wpcf7-text\" aria-invalid=\"false\" value=\"\" type=\"text\" name=\"your-subject\" \/><\/span>\n<\/p>\n<p>Ce lieu est il affili\u00e9 \u00e0 la MDA :\n<\/p>\n<p><span class=\"wpcf7-form-control-wrap\" data-name=\"CelieuestilaffililaMDA:\"><input size=\"40\" maxlength=\"400\" class=\"wpcf7-form-control wpcf7-text\" aria-invalid=\"false\" placeholder=\"oui \/ non \/ je ne sais plus\" value=\"\" type=\"text\" name=\"CelieuestilaffililaMDA:\" \/><\/span>\n<\/p>\n<p>Pourquoi avez-vous aim\u00e9 ce lieu et pourquoi le recommander aux autres artistes ? Donnez-nous tous les d\u00e9tails qui vous semblent important :\n<\/p>\n<p><span class=\"wpcf7-form-control-wrap\" data-name=\"jaiaimcelieucar\"><textarea cols=\"40\" rows=\"10\" maxlength=\"2000\" class=\"wpcf7-form-control wpcf7-textarea\" aria-invalid=\"false\" placeholder=\"J&#039;ai aim\u00e9 exposer dans ce lieu et je le recommande car : ...\" name=\"jaiaimcelieucar\"><\/textarea><\/span>\n<\/p>\n<p>Optionnel \/ photo1 de l'endroit (moins de 2Mo)\n<\/p>\n<p><span class=\"wpcf7-form-control-wrap\" data-name=\"upload\"><input size=\"40\" class=\"wpcf7-form-control wpcf7-file\" accept=\"audio\/*,video\/*,image\/*\" aria-invalid=\"false\" type=\"file\" name=\"upload\" \/><\/span>\n<\/p>\n<p>Optionnel \/ photo2 de l'endroit (moins de 2Mo)\n<\/p>\n<p><span class=\"wpcf7-form-control-wrap\" data-name=\"upload2\"><input size=\"40\" class=\"wpcf7-form-control wpcf7-file\" accept=\"audio\/*,video\/*,image\/*\" aria-invalid=\"false\" type=\"file\" name=\"upload2\" \/><\/span>\n<\/p>\n<p>Optionnel \/ photo3 de l'endroit (moins de 2Mo)\n<\/p>\n<p><span class=\"wpcf7-form-control-wrap\" data-name=\"upload3\"><input size=\"40\" class=\"wpcf7-form-control wpcf7-file\" accept=\"audio\/*,video\/*,image\/*\" aria-invalid=\"false\" type=\"file\" name=\"upload3\" \/><\/span>\n<\/p>\n<p><input class=\"wpcf7-form-control wpcf7-submit has-spinner\" type=\"submit\" value=\"Envoyer\" \/>\n<\/p><p style=\"display: none !important;\" class=\"akismet-fields-container\" data-prefix=\"_wpcf7_ak_\"><label>&#916;<textarea name=\"_wpcf7_ak_hp_textarea\" cols=\"45\" rows=\"8\" maxlength=\"100\"><\/textarea><\/label><input type=\"hidden\" id=\"ak_js_1\" name=\"_wpcf7_ak_js\" value=\"152\"\/><script>document.getElementById( \"ak_js_1\" ).setAttribute( \"value\", ( new Date() ).getTime() );<\/script><\/p><div class=\"wpcf7-response-output\" aria-hidden=\"true\"><\/div>\n<\/form>\n<\/div>\n\n<p>Nous mettrons votre demande en ligne le plus rapidement possible.<br \/>\n<script async src=\"\/\/pagead2.googlesyndication.com\/pagead\/js\/adsbygoogle.js\"><\/script><br \/>\n<!-- funiculart textuelle --><br \/>\n<ins class=\"adsbygoogle\" style=\"display: block;\" data-ad-client=\"ca-pub-9056633368196356\" data-ad-slot=\"2685689544\" data-ad-format=\"auto\"><\/ins><br \/>\n<script>\n(adsbygoogle = window.adsbygoogle || []).push({});\n<\/script><\/p>\n","protected":false},"excerpt":{"rendered":"<p>Vous d\u00e9sirez proposer un lieu d\u2019exposition, votre galerie ou une salle de QUALITE ? Funiculart recense en priorit\u00e9 les galeries et lieux du Nord, du Pas-de-Calais et de la Picardie, mais vous pouvez aussi promouvoir un endroit que vous avez appr\u00e9ci\u00e9 dans un autre d\u00e9partement et en Belgique. Funiculart est partenaire officiel du site r\u00e9gional [&hellip;]<\/p>\n","protected":false},"author":1,"featured_media":0,"parent":0,"menu_order":0,"comment_status":"closed","ping_status":"closed","template":"","meta":{"footnotes":""},"class_list":["post-37","page","type-page","status-publish","hentry"],"aioseo_notices":[],"_links":{"self":[{"href":"https:\/\/www.funiculart.fr\/ressources\/wp-json\/wp\/v2\/pages\/37","targetHints":{"allow":["GET"]}}],"collection":[{"href":"https:\/\/www.funiculart.fr\/ressources\/wp-json\/wp\/v2\/pages"}],"about":[{"href":"https:\/\/www.funiculart.fr\/ressources\/wp-json\/wp\/v2\/types\/page"}],"author":[{"embeddable":true,"href":"https:\/\/www.funiculart.fr\/ressources\/wp-json\/wp\/v2\/users\/1"}],"replies":[{"embeddable":true,"href":"https:\/\/www.funiculart.fr\/ressources\/wp-json\/wp\/v2\/comments?post=37"}],"version-history":[{"count":4,"href":"https:\/\/www.funiculart.fr\/ressources\/wp-json\/wp\/v2\/pages\/37\/revisions"}],"predecessor-version":[{"id":3929,"href":"https:\/\/www.funiculart.fr\/ressources\/wp-json\/wp\/v2\/pages\/37\/revisions\/3929"}],"wp:attachment":[{"href":"https:\/\/www.funiculart.fr\/ressources\/wp-json\/wp\/v2\/media?parent=37"}],"curies":[{"name":"wp","href":"https:\/\/api.w.org\/{rel}","templated":true}]}}