{"id":3515,"date":"2021-04-21T09:50:25","date_gmt":"2021-04-21T07:50:25","guid":{"rendered":"https:\/\/www.funiculart.fr\/ressources\/?page_id=3515"},"modified":"2021-04-21T09:50:25","modified_gmt":"2021-04-21T07:50:25","slug":"didier-paigneau-recherche-un-modele-dans-loise","status":"publish","type":"page","link":"https:\/\/www.funiculart.fr\/ressources\/didier-paigneau-recherche-un-modele-dans-loise\/","title":{"rendered":"Didier Paigneau recherche un mod\u00e8le dans l&rsquo;Oise"},"content":{"rendered":"<p>Didier Paigneau &lt;<a href=\"mailto:didierpaigneau@orange.fr\" target=\"_blank\" rel=\"noopener\">didierpaigneau@orange.fr<\/a>&gt;<br \/>\nSujet : recherche de mod\u00e8les<\/p>\n<p>C\u00e9ramiste sculpteur, je suis \u00e0 la recherche de mod\u00e8les adultes jeunes (18 &#8211; 30 ans) qui accepteraient de poser pour mon travail. En ce moment je traite de la question de l\u2019animalit\u00e9&#8230;<br \/>\nLes s\u00e9ances de pose sont r\u00e9mun\u00e9r\u00e9es et courtes. Si cette proposition vous int\u00e9resse ou si vous voulez plus de renseignements, n&rsquo;h\u00e9sitez pas \u00e0 me contacter par mail.\u00a0Mon atelier est situ\u00e9 au nord du d\u00e9partement de l&rsquo;Oise.<\/p>\n<!-- Rendered by FancyBox without labels BEGIN -->\n\n\t<style type=\"text\/css\">\n\t\t\t\t\t#gallery-0 {\n\t\t\t\t\t\tmargin: auto;\n\t\t\t\t\t}\n\t\t\t\t\t#gallery-0 .gallery-item {\n\t\t\t\t\t\tfloat: left;\n\t\t\t\t\t\tmargin-top: 10px;\n\t\t\t\t\t\ttext-align: center;\n\t\t\t\t\t\twidth: 32%;\n\t\t\t\t\t}\n\t\t\t\t\t#gallery-0 img {\n\t\t\t\t\t\tborder: 2px solid #cfcfcf;\n\t\t\t\t\t}\n\t\t\t\t\t#gallery-0 .gallery-caption {\n\t\t\t\t\t\tmargin-left: 0;\n\t\t\t\t\t}\n\t<\/style>\n<script type=\"text\/javascript\">\n$(document).ready(function() {\n\t\/*\n\t *  Simple image gallery. Uses default settings\n\t *\/\n\n\t$(\".fancybox\").fancybox({\n\t\t\"transitionIn\"\t\t: \"none\",\n\t\t\"transitionOut\"\t\t: \"none\",\n\t\t\"titlePosition\" \t: \"over\"\n\n\t});\n});\n<\/script>\n\n\t<div id=\"gallery-0\" class=\"gallery galleryid-0 gallery-size-thumbnail\" style=\"\"><dl class=\"gallery-item\"><dt class=\"gallery-icon\">\n\t\t<a class=\"fancybox\" href=\"https:\/\/www.funiculart.fr\/ressources\/wp-content\/uploads\/2021\/04\/Didier-Paigneau-1-768x1024.jpg\" rel=\"gallery-0\"><img loading=\"lazy\" decoding=\"async\" width=\"150\" height=\"300\" class=\"attachment-thumbnail\" alt=\"\" src=\"https:\/\/www.funiculart.fr\/ressources\/wp-content\/uploads\/2021\/04\/Didier-Paigneau-1-150x300.jpg\" \/><\/a><\/dt><\/dl>\n\n<dl class=\"gallery-item\"><dt class=\"gallery-icon\">\n\t\t<a class=\"fancybox\" href=\"https:\/\/www.funiculart.fr\/ressources\/wp-content\/uploads\/2021\/04\/Didier-Paigneau-2-768x1024.jpg\" rel=\"gallery-0\"><img loading=\"lazy\" decoding=\"async\" width=\"150\" height=\"300\" class=\"attachment-thumbnail\" alt=\"\" src=\"https:\/\/www.funiculart.fr\/ressources\/wp-content\/uploads\/2021\/04\/Didier-Paigneau-2-150x300.jpg\" \/><\/a><\/dt><\/dl>\n\n<dl class=\"gallery-item\"><dt class=\"gallery-icon\">\n\t\t<a class=\"fancybox\" href=\"https:\/\/www.funiculart.fr\/ressources\/wp-content\/uploads\/2021\/04\/Didier-Paigneau-3-1024x768.jpg\" rel=\"gallery-0\"><img loading=\"lazy\" decoding=\"async\" width=\"150\" height=\"300\" class=\"attachment-thumbnail\" alt=\"\" src=\"https:\/\/www.funiculart.fr\/ressources\/wp-content\/uploads\/2021\/04\/Didier-Paigneau-3-150x300.jpg\" \/><\/a><\/dt><\/dl>\n\n<dl class=\"gallery-item\"><dt class=\"gallery-icon\">\n\t\t<a class=\"fancybox\" href=\"https:\/\/www.funiculart.fr\/ressources\/wp-content\/uploads\/2021\/04\/Didier-Paigneau-4-768x1024.jpg\" rel=\"gallery-0\"><img loading=\"lazy\" decoding=\"async\" width=\"150\" height=\"300\" class=\"attachment-thumbnail\" alt=\"\" src=\"https:\/\/www.funiculart.fr\/ressources\/wp-content\/uploads\/2021\/04\/Didier-Paigneau-4-150x300.jpg\" \/><\/a><\/dt><\/dl>\n\n<\/div><br clear=\"all\" \/><!-- Rendered by FancyBox without labels END -->\n\n","protected":false},"excerpt":{"rendered":"<p>Didier Paigneau &lt;didierpaigneau@orange.fr&gt; Sujet : recherche de mod\u00e8les C\u00e9ramiste sculpteur, je suis \u00e0 la recherche de mod\u00e8les adultes jeunes (18 &#8211; 30 ans) qui accepteraient de poser pour mon travail. En ce moment je traite de la question de l\u2019animalit\u00e9&#8230; Les s\u00e9ances de pose sont r\u00e9mun\u00e9r\u00e9es et courtes. Si cette proposition vous int\u00e9resse ou si [&hellip;]<\/p>\n","protected":false},"author":1,"featured_media":0,"parent":0,"menu_order":0,"comment_status":"closed","ping_status":"closed","template":"","meta":{"footnotes":""},"class_list":["post-3515","page","type-page","status-publish","hentry"],"aioseo_notices":[],"_links":{"self":[{"href":"https:\/\/www.funiculart.fr\/ressources\/wp-json\/wp\/v2\/pages\/3515","targetHints":{"allow":["GET"]}}],"collection":[{"href":"https:\/\/www.funiculart.fr\/ressources\/wp-json\/wp\/v2\/pages"}],"about":[{"href":"https:\/\/www.funiculart.fr\/ressources\/wp-json\/wp\/v2\/types\/page"}],"author":[{"embeddable":true,"href":"https:\/\/www.funiculart.fr\/ressources\/wp-json\/wp\/v2\/users\/1"}],"replies":[{"embeddable":true,"href":"https:\/\/www.funiculart.fr\/ressources\/wp-json\/wp\/v2\/comments?post=3515"}],"version-history":[{"count":0,"href":"https:\/\/www.funiculart.fr\/ressources\/wp-json\/wp\/v2\/pages\/3515\/revisions"}],"wp:attachment":[{"href":"https:\/\/www.funiculart.fr\/ressources\/wp-json\/wp\/v2\/media?parent=3515"}],"curies":[{"name":"wp","href":"https:\/\/api.w.org\/{rel}","templated":true}]}}