{"id":3505,"date":"2021-04-20T11:19:45","date_gmt":"2021-04-20T09:19:45","guid":{"rendered":"https:\/\/www.funiculart.fr\/ressources\/?page_id=3505"},"modified":"2022-09-21T10:01:22","modified_gmt":"2022-09-21T08:01:22","slug":"artiste-cherche-modeles","status":"publish","type":"page","link":"https:\/\/www.funiculart.fr\/ressources\/artiste-cherche-modeles\/","title":{"rendered":"Artiste cherche mod\u00e8le(s)"},"content":{"rendered":"<h2>Vous cherchez un mod\u00e8le homme ou femme ? Funiculart peut vous aider :<\/h2>\n<p>Envoyez un mail \u00e0 <a href=\"mailto:funiculart@gmail.com\">funiculart@gmail.com<\/a> avec au moins 3 photos de votre travail et les renseignements n\u00e9cessaires pour compl\u00e9ter votre demande : lieu, conditions, tarifs, horaires souhait\u00e9s, d\u00e9marche, etc&#8230;<\/p>\n<p>Ou remplissez notre formulaire :<\/p>\n\n<div class=\"wpcf7 no-js\" id=\"wpcf7-f3508-o1\" lang=\"en-US\" dir=\"ltr\" data-wpcf7-id=\"3508\">\n<div class=\"screen-reader-response\"><p role=\"status\" aria-live=\"polite\" aria-atomic=\"true\"><\/p> <ul><\/ul><\/div>\n<form action=\"\/ressources\/wp-json\/wp\/v2\/pages\/3505#wpcf7-f3508-o1\" method=\"post\" class=\"wpcf7-form init\" aria-label=\"Contact form\" enctype=\"multipart\/form-data\" novalidate=\"novalidate\" data-status=\"init\">\n<fieldset class=\"hidden-fields-container\"><input type=\"hidden\" name=\"_wpcf7\" value=\"3508\" \/><input type=\"hidden\" name=\"_wpcf7_version\" value=\"6.1.5\" \/><input type=\"hidden\" name=\"_wpcf7_locale\" value=\"en_US\" \/><input type=\"hidden\" name=\"_wpcf7_unit_tag\" value=\"wpcf7-f3508-o1\" \/><input type=\"hidden\" name=\"_wpcf7_container_post\" value=\"0\" \/><input type=\"hidden\" name=\"_wpcf7_posted_data_hash\" value=\"\" \/>\n<\/fieldset>\n<p>Votre nom et\/ou pr\u00e9nom (obligatoire) :\n<\/p>\n<p><span class=\"wpcf7-form-control-wrap\" data-name=\"your-name\"><input size=\"40\" maxlength=\"400\" class=\"wpcf7-form-control wpcf7-text wpcf7-validates-as-required\" aria-required=\"true\" aria-invalid=\"false\" value=\"\" type=\"text\" name=\"your-name\" \/><\/span>\n<\/p>\n<p>Votre email (obligatoire) :\n<\/p>\n<p><span class=\"wpcf7-form-control-wrap\" data-name=\"your-email\"><input size=\"40\" maxlength=\"400\" class=\"wpcf7-form-control wpcf7-email wpcf7-validates-as-required wpcf7-text wpcf7-validates-as-email\" aria-required=\"true\" aria-invalid=\"false\" value=\"\" type=\"email\" name=\"your-email\" \/><\/span>\n<\/p>\n<p>Votre site internet \u00e9ventuel :\n<\/p>\n<p><span class=\"wpcf7-form-control-wrap\" data-name=\"siteinternet\"><input size=\"40\" maxlength=\"400\" class=\"wpcf7-form-control wpcf7-text\" aria-invalid=\"false\" value=\"\" type=\"text\" name=\"siteinternet\" \/><\/span>\n<\/p>\n<p>Je cherche un mod\u00e8le sur la r\u00e9gion de :\n<\/p>\n<p><span class=\"wpcf7-form-control-wrap\" data-name=\"your-subject\"><input size=\"40\" maxlength=\"400\" class=\"wpcf7-form-control wpcf7-text\" aria-invalid=\"false\" value=\"\" type=\"text\" name=\"your-subject\" \/><\/span>\n<\/p>\n<p>Vous cherchez un mod\u00e8le, d\u00e9crivez votre recherche, votre travail et votre lieu d'activit\u00e9 ainsi que tout ce qui pourra \u00eatre important:\n<\/p>\n<p><span class=\"wpcf7-form-control-wrap\" data-name=\"your-message\"><textarea cols=\"40\" rows=\"10\" maxlength=\"2000\" class=\"wpcf7-form-control wpcf7-textarea\" aria-invalid=\"false\" name=\"your-message\"><\/textarea><\/span>\n<\/p>\n<p>(obligatoire) d\u00e9posez une photo (moins de 2Mo)\n<\/p>\n<p><span class=\"wpcf7-form-control-wrap\" data-name=\"upload\"><input size=\"40\" class=\"wpcf7-form-control wpcf7-file\" accept=\"audio\/*,video\/*,image\/*\" aria-invalid=\"false\" type=\"file\" name=\"upload\" \/><\/span>\n<\/p>\n<p>d\u00e9posez une seconde photo (moins de 2Mo)\n<\/p>\n<p><span class=\"wpcf7-form-control-wrap\" data-name=\"upload2\"><input size=\"40\" class=\"wpcf7-form-control wpcf7-file\" accept=\"audio\/*,video\/*,image\/*\" aria-invalid=\"false\" type=\"file\" name=\"upload2\" \/><\/span>\n<\/p>\n<p>d\u00e9posez une troisi\u00e8me photo (moins de 2Mo)\n<\/p>\n<p><span class=\"wpcf7-form-control-wrap\" data-name=\"upload3\"><input size=\"40\" class=\"wpcf7-form-control wpcf7-file\" accept=\"audio\/*,video\/*,image\/*\" aria-invalid=\"false\" type=\"file\" name=\"upload3\" \/><\/span>\n<\/p>\n<p><input class=\"wpcf7-form-control wpcf7-submit has-spinner\" type=\"submit\" value=\"Envoyer\" \/>\n<\/p><p style=\"display: none !important;\" class=\"akismet-fields-container\" data-prefix=\"_wpcf7_ak_\"><label>&#916;<textarea name=\"_wpcf7_ak_hp_textarea\" cols=\"45\" rows=\"8\" maxlength=\"100\"><\/textarea><\/label><input type=\"hidden\" id=\"ak_js_1\" name=\"_wpcf7_ak_js\" value=\"112\"\/><script>document.getElementById( \"ak_js_1\" ).setAttribute( \"value\", ( new Date() ).getTime() );<\/script><\/p><div class=\"wpcf7-response-output\" aria-hidden=\"true\"><\/div>\n<\/form>\n<\/div>\n\n<p>Nous mettrons votre demande en ligne le plus rapidement possible.<\/p>\n<h3><span style=\"color: #993300;\"><strong>ATTENTION : toute demande qui ne comportera pas au moins 3 photos (<\/strong><\/span><span style=\"color: #ff6600;\"><strong>pas de nu explicite<\/strong><\/span><span style=\"color: #993300;\"><strong>) et un lieu g\u00e9ographique de disponibilit\u00e9 sera ignor\u00e9e.<br \/>\n<\/strong><\/span><\/h3>\n<p><script async src=\"\/\/pagead2.googlesyndication.com\/pagead\/js\/adsbygoogle.js\"><\/script><br \/>\n<!-- funiculart textuelle --><br \/>\n<ins class=\"adsbygoogle\" style=\"display: block;\" data-ad-client=\"ca-pub-9056633368196356\" data-ad-slot=\"2685689544\" data-ad-format=\"auto\"><\/ins><br \/>\n<script>\n(adsbygoogle = window.adsbygoogle || []).push({});\n<\/script><\/p>\n","protected":false},"excerpt":{"rendered":"<p>Vous cherchez un mod\u00e8le homme ou femme ? Funiculart peut vous aider : Envoyez un mail \u00e0 funiculart@gmail.com avec au moins 3 photos de votre travail et les renseignements n\u00e9cessaires pour compl\u00e9ter votre demande : lieu, conditions, tarifs, horaires souhait\u00e9s, d\u00e9marche, etc&#8230; Ou remplissez notre formulaire : Nous mettrons votre demande en ligne le plus [&hellip;]<\/p>\n","protected":false},"author":1,"featured_media":0,"parent":0,"menu_order":0,"comment_status":"closed","ping_status":"closed","template":"","meta":{"footnotes":""},"class_list":["post-3505","page","type-page","status-publish","hentry"],"aioseo_notices":[],"_links":{"self":[{"href":"https:\/\/www.funiculart.fr\/ressources\/wp-json\/wp\/v2\/pages\/3505","targetHints":{"allow":["GET"]}}],"collection":[{"href":"https:\/\/www.funiculart.fr\/ressources\/wp-json\/wp\/v2\/pages"}],"about":[{"href":"https:\/\/www.funiculart.fr\/ressources\/wp-json\/wp\/v2\/types\/page"}],"author":[{"embeddable":true,"href":"https:\/\/www.funiculart.fr\/ressources\/wp-json\/wp\/v2\/users\/1"}],"replies":[{"embeddable":true,"href":"https:\/\/www.funiculart.fr\/ressources\/wp-json\/wp\/v2\/comments?post=3505"}],"version-history":[{"count":3,"href":"https:\/\/www.funiculart.fr\/ressources\/wp-json\/wp\/v2\/pages\/3505\/revisions"}],"predecessor-version":[{"id":3930,"href":"https:\/\/www.funiculart.fr\/ressources\/wp-json\/wp\/v2\/pages\/3505\/revisions\/3930"}],"wp:attachment":[{"href":"https:\/\/www.funiculart.fr\/ressources\/wp-json\/wp\/v2\/media?parent=3505"}],"curies":[{"name":"wp","href":"https:\/\/api.w.org\/{rel}","templated":true}]}}