{"id":3258,"date":"2020-02-26T12:29:13","date_gmt":"2020-02-26T10:29:13","guid":{"rendered":"https:\/\/www.funiculart.fr\/ressources\/?page_id=3258"},"modified":"2020-02-26T12:31:17","modified_gmt":"2020-02-26T10:31:17","slug":"yves-anna-dans-le-brabant-wallon","status":"publish","type":"page","link":"https:\/\/www.funiculart.fr\/ressources\/yves-anna-dans-le-brabant-wallon\/","title":{"rendered":"Yves Anna dans le Brabant Wallon"},"content":{"rendered":"<p>Yves &lt;<a href=\"mailto:yvesanna5463@gmail.com\" target=\"_blank\" rel=\"noopener noreferrer\">yvesanna5463@gmail.com<\/a>&gt;<\/p>\n<p>Homme de 65 ans, sans exp\u00e9rience, libre en journ\u00e9e.<br \/>\nJe me propose comme mod\u00e8le pour une premi\u00e8re tentative en ce domaine.<br \/>\nNaturiste, la nudit\u00e9 ne me d\u00e9range pas.<br \/>\nPlus de photos sur demande<br \/>\nJe me d\u00e9place en Belgique, dans le Brabant wallon, sur Bruxelles, le Hainaut et le Namurois.<\/p>\n<p><img loading=\"lazy\" decoding=\"async\" class=\"aligncenter size-medium wp-image-3259\" src=\"https:\/\/www.funiculart.fr\/ressources\/wp-content\/uploads\/2020\/02\/Yves-anna-600x362.jpg\" alt=\"\" width=\"600\" height=\"362\" srcset=\"https:\/\/www.funiculart.fr\/ressources\/wp-content\/uploads\/2020\/02\/Yves-anna-600x362.jpg 600w, https:\/\/www.funiculart.fr\/ressources\/wp-content\/uploads\/2020\/02\/Yves-anna.jpg 663w\" sizes=\"auto, (max-width: 600px) 100vw, 600px\" \/><\/p>\n","protected":false},"excerpt":{"rendered":"<p>Yves &lt;yvesanna5463@gmail.com&gt; Homme de 65 ans, sans exp\u00e9rience, libre en journ\u00e9e. Je me propose comme mod\u00e8le pour une premi\u00e8re tentative en ce domaine. Naturiste, la nudit\u00e9 ne me d\u00e9range pas. Plus de photos sur demande Je me d\u00e9place en Belgique, dans le Brabant wallon, sur Bruxelles, le Hainaut et le Namurois.<\/p>\n","protected":false},"author":1,"featured_media":0,"parent":0,"menu_order":0,"comment_status":"closed","ping_status":"closed","template":"","meta":{"footnotes":""},"class_list":["post-3258","page","type-page","status-publish","hentry"],"aioseo_notices":[],"_links":{"self":[{"href":"https:\/\/www.funiculart.fr\/ressources\/wp-json\/wp\/v2\/pages\/3258","targetHints":{"allow":["GET"]}}],"collection":[{"href":"https:\/\/www.funiculart.fr\/ressources\/wp-json\/wp\/v2\/pages"}],"about":[{"href":"https:\/\/www.funiculart.fr\/ressources\/wp-json\/wp\/v2\/types\/page"}],"author":[{"embeddable":true,"href":"https:\/\/www.funiculart.fr\/ressources\/wp-json\/wp\/v2\/users\/1"}],"replies":[{"embeddable":true,"href":"https:\/\/www.funiculart.fr\/ressources\/wp-json\/wp\/v2\/comments?post=3258"}],"version-history":[{"count":0,"href":"https:\/\/www.funiculart.fr\/ressources\/wp-json\/wp\/v2\/pages\/3258\/revisions"}],"wp:attachment":[{"href":"https:\/\/www.funiculart.fr\/ressources\/wp-json\/wp\/v2\/media?parent=3258"}],"curies":[{"name":"wp","href":"https:\/\/api.w.org\/{rel}","templated":true}]}}