{"id":3252,"date":"2020-02-26T12:26:21","date_gmt":"2020-02-26T10:26:21","guid":{"rendered":"https:\/\/www.funiculart.fr\/ressources\/?page_id=3252"},"modified":"2020-02-26T12:26:21","modified_gmt":"2020-02-26T10:26:21","slug":"colin-dyment-sur-lille","status":"publish","type":"page","link":"https:\/\/www.funiculart.fr\/ressources\/colin-dyment-sur-lille\/","title":{"rendered":"Colin Dyment sur Lille"},"content":{"rendered":"<p>Colin Dyment &lt;<a href=\"mailto:colin75dyment@gmail.com\" target=\"_blank\" rel=\"noopener noreferrer\">colin75dyment@gmail.com<\/a>&gt;<\/p>\n<p>Corps du message :<br \/>\n<a href=\"mailto:colin75dyment@gmail.com\" target=\"_blank\" rel=\"noopener noreferrer\">colin75dyment@gmail.com<\/a><br \/>\nJe souhaite poser comme mod\u00e8le<br \/>\nMod\u00e8le homme de 25 ans, je mesure 1m76 pour 63 kg. Je suis brun, m\u00e9tisse et plus pr\u00e9cis\u00e9ment eurasien.\u00a0 J&rsquo;aime me mettre en sc\u00e8ne et je suis \u00e0 l&rsquo;aise avec le regard des gens, m\u00eame nu. Je suis disponible dans la m\u00e9tropole lilloise.<\/p>\n<p>Afin de pouvoir financer en partie ma scolarit\u00e9, je souhaiterais me lancer dans la pose artistique de tout genre.<\/p>\n<!-- Rendered by FancyBox without labels BEGIN -->\n\n\t<style type=\"text\/css\">\n\t\t\t\t\t#gallery-0 {\n\t\t\t\t\t\tmargin: auto;\n\t\t\t\t\t}\n\t\t\t\t\t#gallery-0 .gallery-item {\n\t\t\t\t\t\tfloat: left;\n\t\t\t\t\t\tmargin-top: 10px;\n\t\t\t\t\t\ttext-align: center;\n\t\t\t\t\t\twidth: 32%;\n\t\t\t\t\t}\n\t\t\t\t\t#gallery-0 img {\n\t\t\t\t\t\tborder: 2px solid #cfcfcf;\n\t\t\t\t\t}\n\t\t\t\t\t#gallery-0 .gallery-caption {\n\t\t\t\t\t\tmargin-left: 0;\n\t\t\t\t\t}\n\t<\/style>\n<script type=\"text\/javascript\">\n$(document).ready(function() {\n\t\/*\n\t *  Simple image gallery. Uses default settings\n\t *\/\n\n\t$(\".fancybox\").fancybox({\n\t\t\"transitionIn\"\t\t: \"none\",\n\t\t\"transitionOut\"\t\t: \"none\",\n\t\t\"titlePosition\" \t: \"over\"\n\n\t});\n});\n<\/script>\n\n\t<div id=\"gallery-0\" class=\"gallery galleryid-0 gallery-size-thumbnail\" style=\"\"><dl class=\"gallery-item\"><dt class=\"gallery-icon\">\n\t\t<a class=\"fancybox\" href=\"https:\/\/www.funiculart.fr\/ressources\/wp-content\/uploads\/2020\/02\/Colin-Dyment-768x1024.jpg\" rel=\"gallery-0\"><img loading=\"lazy\" decoding=\"async\" width=\"150\" height=\"300\" class=\"attachment-thumbnail\" alt=\"\" src=\"https:\/\/www.funiculart.fr\/ressources\/wp-content\/uploads\/2020\/02\/Colin-Dyment-150x300.jpg\" \/><\/a><\/dt><\/dl>\n\n<dl class=\"gallery-item\"><dt class=\"gallery-icon\">\n\t\t<a class=\"fancybox\" href=\"https:\/\/www.funiculart.fr\/ressources\/wp-content\/uploads\/2020\/02\/modele-Colin-Dyment-1024x683.jpg\" rel=\"gallery-0\"><img loading=\"lazy\" decoding=\"async\" width=\"150\" height=\"300\" class=\"attachment-thumbnail\" alt=\"\" src=\"https:\/\/www.funiculart.fr\/ressources\/wp-content\/uploads\/2020\/02\/modele-Colin-Dyment-150x300.jpg\" \/><\/a><\/dt><\/dl>\n\n<dl class=\"gallery-item\"><dt class=\"gallery-icon\">\n\t\t<a class=\"fancybox\" href=\"https:\/\/www.funiculart.fr\/ressources\/wp-content\/uploads\/2020\/02\/modele2-576x1024.jpeg\" rel=\"gallery-0\"><img loading=\"lazy\" decoding=\"async\" width=\"150\" height=\"300\" class=\"attachment-thumbnail\" alt=\"\" src=\"https:\/\/www.funiculart.fr\/ressources\/wp-content\/uploads\/2020\/02\/modele2-150x300.jpeg\" \/><\/a><\/dt><\/dl>\n\n<\/div><br clear=\"all\" \/><!-- Rendered by FancyBox without labels END -->\n\n<p>&#8212;<\/p>\n","protected":false},"excerpt":{"rendered":"<p>Colin Dyment &lt;colin75dyment@gmail.com&gt; Corps du message : colin75dyment@gmail.com Je souhaite poser comme mod\u00e8le Mod\u00e8le homme de 25 ans, je mesure 1m76 pour 63 kg. Je suis brun, m\u00e9tisse et plus pr\u00e9cis\u00e9ment eurasien.\u00a0 J&rsquo;aime me mettre en sc\u00e8ne et je suis \u00e0 l&rsquo;aise avec le regard des gens, m\u00eame nu. Je suis disponible dans la m\u00e9tropole [&hellip;]<\/p>\n","protected":false},"author":1,"featured_media":0,"parent":0,"menu_order":0,"comment_status":"closed","ping_status":"closed","template":"","meta":{"footnotes":""},"class_list":["post-3252","page","type-page","status-publish","hentry"],"aioseo_notices":[],"_links":{"self":[{"href":"https:\/\/www.funiculart.fr\/ressources\/wp-json\/wp\/v2\/pages\/3252","targetHints":{"allow":["GET"]}}],"collection":[{"href":"https:\/\/www.funiculart.fr\/ressources\/wp-json\/wp\/v2\/pages"}],"about":[{"href":"https:\/\/www.funiculart.fr\/ressources\/wp-json\/wp\/v2\/types\/page"}],"author":[{"embeddable":true,"href":"https:\/\/www.funiculart.fr\/ressources\/wp-json\/wp\/v2\/users\/1"}],"replies":[{"embeddable":true,"href":"https:\/\/www.funiculart.fr\/ressources\/wp-json\/wp\/v2\/comments?post=3252"}],"version-history":[{"count":0,"href":"https:\/\/www.funiculart.fr\/ressources\/wp-json\/wp\/v2\/pages\/3252\/revisions"}],"wp:attachment":[{"href":"https:\/\/www.funiculart.fr\/ressources\/wp-json\/wp\/v2\/media?parent=3252"}],"curies":[{"name":"wp","href":"https:\/\/api.w.org\/{rel}","templated":true}]}}