{"id":3210,"date":"2020-02-26T11:48:05","date_gmt":"2020-02-26T09:48:05","guid":{"rendered":"https:\/\/www.funiculart.fr\/ressources\/?page_id=3210"},"modified":"2020-02-26T11:48:05","modified_gmt":"2020-02-26T09:48:05","slug":"bernard-capliez-de-seclin-59","status":"publish","type":"page","link":"https:\/\/www.funiculart.fr\/ressources\/bernard-capliez-de-seclin-59\/","title":{"rendered":"Bernard CAPLIEZ de Seclin 59"},"content":{"rendered":"<p>Bernard CAPLIEZ &lt;<a href=\"mailto:bcapliez@gmail.com\" target=\"_blank\" rel=\"noopener noreferrer\">bcapliez@gmail.com<\/a>&gt;<\/p>\n<p>Pose nu pour vos projets. H 65 ans, 1m86, 100 kg.<\/p>\n<p>Athl\u00e9tique, j&rsquo;habite \u00e0 Seclin et je me d\u00e9place facilement dans un rayon de 50 km. 10 \u20ac \/h et libre l&rsquo;Am<\/p>\n<p><img loading=\"lazy\" decoding=\"async\" class=\"aligncenter size-medium wp-image-3211\" src=\"https:\/\/www.funiculart.fr\/ressources\/wp-content\/uploads\/2020\/02\/Bernard-CAPLIEZ-Seclin-59-202x400.jpg\" alt=\"\" width=\"202\" height=\"400\" srcset=\"https:\/\/www.funiculart.fr\/ressources\/wp-content\/uploads\/2020\/02\/Bernard-CAPLIEZ-Seclin-59-202x400.jpg 202w, https:\/\/www.funiculart.fr\/ressources\/wp-content\/uploads\/2020\/02\/Bernard-CAPLIEZ-Seclin-59-518x1024.jpg 518w, https:\/\/www.funiculart.fr\/ressources\/wp-content\/uploads\/2020\/02\/Bernard-CAPLIEZ-Seclin-59-768x1518.jpg 768w, https:\/\/www.funiculart.fr\/ressources\/wp-content\/uploads\/2020\/02\/Bernard-CAPLIEZ-Seclin-59-777x1536.jpg 777w, https:\/\/www.funiculart.fr\/ressources\/wp-content\/uploads\/2020\/02\/Bernard-CAPLIEZ-Seclin-59.jpg 1036w\" sizes=\"auto, (max-width: 202px) 100vw, 202px\" \/><\/p>\n","protected":false},"excerpt":{"rendered":"<p>Bernard CAPLIEZ &lt;bcapliez@gmail.com&gt; Pose nu pour vos projets. H 65 ans, 1m86, 100 kg. Athl\u00e9tique, j&rsquo;habite \u00e0 Seclin et je me d\u00e9place facilement dans un rayon de 50 km. 10 \u20ac \/h et libre l&rsquo;Am<\/p>\n","protected":false},"author":1,"featured_media":0,"parent":0,"menu_order":0,"comment_status":"closed","ping_status":"closed","template":"","meta":{"footnotes":""},"class_list":["post-3210","page","type-page","status-publish","hentry"],"aioseo_notices":[],"_links":{"self":[{"href":"https:\/\/www.funiculart.fr\/ressources\/wp-json\/wp\/v2\/pages\/3210","targetHints":{"allow":["GET"]}}],"collection":[{"href":"https:\/\/www.funiculart.fr\/ressources\/wp-json\/wp\/v2\/pages"}],"about":[{"href":"https:\/\/www.funiculart.fr\/ressources\/wp-json\/wp\/v2\/types\/page"}],"author":[{"embeddable":true,"href":"https:\/\/www.funiculart.fr\/ressources\/wp-json\/wp\/v2\/users\/1"}],"replies":[{"embeddable":true,"href":"https:\/\/www.funiculart.fr\/ressources\/wp-json\/wp\/v2\/comments?post=3210"}],"version-history":[{"count":0,"href":"https:\/\/www.funiculart.fr\/ressources\/wp-json\/wp\/v2\/pages\/3210\/revisions"}],"wp:attachment":[{"href":"https:\/\/www.funiculart.fr\/ressources\/wp-json\/wp\/v2\/media?parent=3210"}],"curies":[{"name":"wp","href":"https:\/\/api.w.org\/{rel}","templated":true}]}}