{"id":3061,"date":"2019-05-06T07:15:16","date_gmt":"2019-05-06T05:15:16","guid":{"rendered":"https:\/\/www.funiculart.fr\/ressources\/?page_id=3061"},"modified":"2021-07-05T08:48:35","modified_gmt":"2021-07-05T06:48:35","slug":"stage-daquarelle-sur-le-motif-gondecourt","status":"publish","type":"page","link":"https:\/\/www.funiculart.fr\/ressources\/stage-daquarelle-sur-le-motif-gondecourt\/","title":{"rendered":"Stage d&rsquo;aquarelle sur le motif Gondecourt."},"content":{"rendered":"<p>SALEMBIER olivier &lt;<a href=\"mailto:contact@o-salembier.com\" target=\"_blank\" rel=\"noopener noreferrer\">contact@o-salembier.com<\/a>&gt;<br \/>\nSujet : Stage d&rsquo;aquarelle sur le motif<\/p>\n<p>Laissons venir l&rsquo;inspiration au gr\u00e9 de ce qui nous entourent et de nos balades. La peinture sur le motif est le meilleur moyen d&rsquo;aiguiser notre observation et d&rsquo;apprendre \u00e0 peindre plus vite et mieux<br \/>\nL&rsquo;aquarelle permet de voyager l\u00e9ger et offre donc une plus grande libert\u00e9. Je vous invite \u00e0 venir me rejoindre lors de ces stages.<br \/>\nLes techniques abord\u00e9es en plus de l&rsquo;aquarelle : Observation, composition, dessins, perspectives&#8230;<br \/>\nLe tout autour de Gondecourt.<\/p>\n<p>Les stage se d\u00e9roulent sur 4 jours de 18h \u00e0 20h au dates suivantes :<br \/>\n25, 26, 27 et 28 juin 2019<br \/>\n8, 9, 10 et 11 juillet 2019<br \/>\n15, 16, 17 et 18 juillet 2019<br \/>\n22, 23, 24 et 25 juillet 2019<\/p>\n<p><wbr><\/wbr>salembier-artiste-peintre-gond<wbr><\/wbr>ecourt-nord-stage-aquarelle-<wbr><\/wbr>sur-motif.php<\/p>\n<p><img loading=\"lazy\" decoding=\"async\" class=\"aligncenter wp-image-3062 size-full\" src=\"https:\/\/www.funiculart.fr\/ressources\/wp-content\/uploads\/2019\/05\/stage-Gondecourt-salembier-aquarelles-motif.jpg\" alt=\"\" width=\"707\" height=\"1000\" srcset=\"https:\/\/www.funiculart.fr\/ressources\/wp-content\/uploads\/2019\/05\/stage-Gondecourt-salembier-aquarelles-motif.jpg 707w, https:\/\/www.funiculart.fr\/ressources\/wp-content\/uploads\/2019\/05\/stage-Gondecourt-salembier-aquarelles-motif-283x400.jpg 283w\" sizes=\"auto, (max-width: 707px) 100vw, 707px\" \/><\/p>\n","protected":false},"excerpt":{"rendered":"<p>SALEMBIER olivier &lt;contact@o-salembier.com&gt; Sujet : Stage d&rsquo;aquarelle sur le motif Laissons venir l&rsquo;inspiration au gr\u00e9 de ce qui nous entourent et de nos balades. La peinture sur le motif est le meilleur moyen d&rsquo;aiguiser notre observation et d&rsquo;apprendre \u00e0 peindre plus vite et mieux L&rsquo;aquarelle permet de voyager l\u00e9ger et offre donc une plus grande [&hellip;]<\/p>\n","protected":false},"author":1,"featured_media":0,"parent":0,"menu_order":0,"comment_status":"closed","ping_status":"closed","template":"","meta":{"footnotes":""},"class_list":["post-3061","page","type-page","status-publish","hentry"],"aioseo_notices":[],"_links":{"self":[{"href":"https:\/\/www.funiculart.fr\/ressources\/wp-json\/wp\/v2\/pages\/3061","targetHints":{"allow":["GET"]}}],"collection":[{"href":"https:\/\/www.funiculart.fr\/ressources\/wp-json\/wp\/v2\/pages"}],"about":[{"href":"https:\/\/www.funiculart.fr\/ressources\/wp-json\/wp\/v2\/types\/page"}],"author":[{"embeddable":true,"href":"https:\/\/www.funiculart.fr\/ressources\/wp-json\/wp\/v2\/users\/1"}],"replies":[{"embeddable":true,"href":"https:\/\/www.funiculart.fr\/ressources\/wp-json\/wp\/v2\/comments?post=3061"}],"version-history":[{"count":0,"href":"https:\/\/www.funiculart.fr\/ressources\/wp-json\/wp\/v2\/pages\/3061\/revisions"}],"wp:attachment":[{"href":"https:\/\/www.funiculart.fr\/ressources\/wp-json\/wp\/v2\/media?parent=3061"}],"curies":[{"name":"wp","href":"https:\/\/api.w.org\/{rel}","templated":true}]}}