{"id":2960,"date":"2019-01-10T10:30:41","date_gmt":"2019-01-10T08:30:41","guid":{"rendered":"https:\/\/www.funiculart.fr\/ressources\/?page_id=2960"},"modified":"2019-01-10T10:30:41","modified_gmt":"2019-01-10T08:30:41","slug":"romon-annoeullin","status":"publish","type":"page","link":"https:\/\/www.funiculart.fr\/ressources\/romon-annoeullin\/","title":{"rendered":"Romon Annoeullin"},"content":{"rendered":"<p>romon &lt;<a href=\"mailto:romon.f@orange.fr\" target=\"_blank\" rel=\"noopener\">romon.f@orange.fr<\/a>&gt;<\/p>\n<p>je suis sculpteur sur mod\u00e8le vivant depuis 4 ans<br \/>\nje cherche mod\u00e8le sur Annoeullin pour des poses de 2 fois 1h30<br \/>\nmerci de me contacter pour d\u00e9finir les horaires et le tarif<br \/>\nje peux recevoir dans une grande maison<br \/>\ncordialement.<\/p>\n","protected":false},"excerpt":{"rendered":"<p>romon &lt;romon.f@orange.fr&gt; je suis sculpteur sur mod\u00e8le vivant depuis 4 ans je cherche mod\u00e8le sur Annoeullin pour des poses de 2 fois 1h30 merci de me contacter pour d\u00e9finir les horaires et le tarif je peux recevoir dans une grande maison cordialement.<\/p>\n","protected":false},"author":1,"featured_media":0,"parent":0,"menu_order":0,"comment_status":"closed","ping_status":"closed","template":"","meta":{"footnotes":""},"class_list":["post-2960","page","type-page","status-publish","hentry"],"aioseo_notices":[],"_links":{"self":[{"href":"https:\/\/www.funiculart.fr\/ressources\/wp-json\/wp\/v2\/pages\/2960","targetHints":{"allow":["GET"]}}],"collection":[{"href":"https:\/\/www.funiculart.fr\/ressources\/wp-json\/wp\/v2\/pages"}],"about":[{"href":"https:\/\/www.funiculart.fr\/ressources\/wp-json\/wp\/v2\/types\/page"}],"author":[{"embeddable":true,"href":"https:\/\/www.funiculart.fr\/ressources\/wp-json\/wp\/v2\/users\/1"}],"replies":[{"embeddable":true,"href":"https:\/\/www.funiculart.fr\/ressources\/wp-json\/wp\/v2\/comments?post=2960"}],"version-history":[{"count":0,"href":"https:\/\/www.funiculart.fr\/ressources\/wp-json\/wp\/v2\/pages\/2960\/revisions"}],"wp:attachment":[{"href":"https:\/\/www.funiculart.fr\/ressources\/wp-json\/wp\/v2\/media?parent=2960"}],"curies":[{"name":"wp","href":"https:\/\/api.w.org\/{rel}","templated":true}]}}