{"id":2865,"date":"2018-09-19T08:13:20","date_gmt":"2018-09-19T06:13:20","guid":{"rendered":"https:\/\/www.funiculart.fr\/ressources\/?page_id=2865"},"modified":"2019-03-17T09:55:40","modified_gmt":"2019-03-17T07:55:40","slug":"stage-de-modelage-dapres-modele-vivant-le-week-end-a-paris-palmero-paola","status":"publish","type":"page","link":"https:\/\/www.funiculart.fr\/ressources\/stage-de-modelage-dapres-modele-vivant-le-week-end-a-paris-palmero-paola\/","title":{"rendered":"Stage de modelage d&rsquo;apr\u00e8s mod\u00e8le vivant le week end \u00e0 Paris : Palmero Paola"},"content":{"rendered":"<p>Palmero Paola &lt;<a href=\"mailto:paola-atelier@bbox.fr\" target=\"_blank\" rel=\"noopener noreferrer\">paola-atelier@bbox.fr<\/a>&gt;<br \/>\nSujet : Stages d&rsquo;apr\u00e8s mod\u00e9le vivant<\/p>\n<p>Stage de modelage d&rsquo;apr\u00e8s mod\u00e8le vivant le week end \u00e0 Paris. C&rsquo;est pour tout le monde&#8230;.les d\u00e9butants et aussi les confirm\u00e9s !<br \/>\nOn choisit une pose ensemble avec le mod\u00e8le le samedi matin. On travaille avec de l&rsquo;argile rouge ou blanche. Pose le samedi toute la journ\u00e9e et le dimanche matin.<br \/>\nLe dimanche apr\u00e8s midi, on \u00e9vide la terre et on fignole.<br \/>\nPour toute information sur les dates et tarifs voir :\u00a0http:\/\/coursdesculpturepaola.c<wbr><\/wbr>om\/stages-sculpture-paris\/<\/p>\n<!-- Rendered by FancyBox without labels BEGIN -->\n\n\t<style type=\"text\/css\">\n\t\t\t\t\t#gallery-0 {\n\t\t\t\t\t\tmargin: auto;\n\t\t\t\t\t}\n\t\t\t\t\t#gallery-0 .gallery-item {\n\t\t\t\t\t\tfloat: left;\n\t\t\t\t\t\tmargin-top: 10px;\n\t\t\t\t\t\ttext-align: center;\n\t\t\t\t\t\twidth: 32%;\n\t\t\t\t\t}\n\t\t\t\t\t#gallery-0 img {\n\t\t\t\t\t\tborder: 2px solid #cfcfcf;\n\t\t\t\t\t}\n\t\t\t\t\t#gallery-0 .gallery-caption {\n\t\t\t\t\t\tmargin-left: 0;\n\t\t\t\t\t}\n\t<\/style>\n<script type=\"text\/javascript\">\n$(document).ready(function() {\n\t\/*\n\t *  Simple image gallery. Uses default settings\n\t *\/\n\n\t$(\".fancybox\").fancybox({\n\t\t\"transitionIn\"\t\t: \"none\",\n\t\t\"transitionOut\"\t\t: \"none\",\n\t\t\"titlePosition\" \t: \"over\"\n\n\t});\n});\n<\/script>\n\n\t<div id=\"gallery-0\" class=\"gallery galleryid-0 gallery-size-thumbnail\" style=\"\"><dl class=\"gallery-item\"><dt class=\"gallery-icon\">\n\t\t<a class=\"fancybox\" href=\"https:\/\/www.funiculart.fr\/ressources\/wp-content\/uploads\/2018\/09\/stage-sculpture-paris-3-1024x768.jpg\" rel=\"gallery-0\"><img loading=\"lazy\" decoding=\"async\" width=\"150\" height=\"300\" class=\"attachment-thumbnail\" alt=\"\" src=\"https:\/\/www.funiculart.fr\/ressources\/wp-content\/uploads\/2018\/09\/stage-sculpture-paris-3-150x300.jpg\" \/><\/a><\/dt><\/dl>\n\n<dl class=\"gallery-item\"><dt class=\"gallery-icon\">\n\t\t<a class=\"fancybox\" href=\"https:\/\/www.funiculart.fr\/ressources\/wp-content\/uploads\/2018\/09\/stage-sculpture-paris-2-1024x768.jpg\" rel=\"gallery-0\"><img loading=\"lazy\" decoding=\"async\" width=\"150\" height=\"300\" class=\"attachment-thumbnail\" alt=\"\" src=\"https:\/\/www.funiculart.fr\/ressources\/wp-content\/uploads\/2018\/09\/stage-sculpture-paris-2-150x300.jpg\" \/><\/a><\/dt><\/dl>\n\n<dl class=\"gallery-item\"><dt class=\"gallery-icon\">\n\t\t<a class=\"fancybox\" href=\"https:\/\/www.funiculart.fr\/ressources\/wp-content\/uploads\/2018\/09\/stage-sculpture-paris-1-1024x768.jpg\" rel=\"gallery-0\"><img loading=\"lazy\" decoding=\"async\" width=\"150\" height=\"300\" class=\"attachment-thumbnail\" alt=\"\" src=\"https:\/\/www.funiculart.fr\/ressources\/wp-content\/uploads\/2018\/09\/stage-sculpture-paris-1-150x300.jpg\" \/><\/a><\/dt><\/dl>\n\n<dl class=\"gallery-item\"><dt class=\"gallery-icon\">\n\t\t<a class=\"fancybox\" href=\"https:\/\/www.funiculart.fr\/ressources\/wp-content\/uploads\/2018\/09\/stage-arts-plastiques-paris-2018-1024x768.jpg\" rel=\"gallery-0\"><img loading=\"lazy\" decoding=\"async\" width=\"150\" height=\"300\" class=\"attachment-thumbnail\" alt=\"\" src=\"https:\/\/www.funiculart.fr\/ressources\/wp-content\/uploads\/2018\/09\/stage-arts-plastiques-paris-2018-150x300.jpg\" \/><\/a><\/dt><\/dl>\n\n<\/div><br clear=\"all\" \/><!-- Rendered by FancyBox without labels END -->\n\n","protected":false},"excerpt":{"rendered":"<p>Palmero Paola &lt;paola-atelier@bbox.fr&gt; Sujet : Stages d&rsquo;apr\u00e8s mod\u00e9le vivant Stage de modelage d&rsquo;apr\u00e8s mod\u00e8le vivant le week end \u00e0 Paris. C&rsquo;est pour tout le monde&#8230;.les d\u00e9butants et aussi les confirm\u00e9s ! On choisit une pose ensemble avec le mod\u00e8le le samedi matin. On travaille avec de l&rsquo;argile rouge ou blanche. Pose le samedi toute la [&hellip;]<\/p>\n","protected":false},"author":1,"featured_media":0,"parent":0,"menu_order":0,"comment_status":"closed","ping_status":"closed","template":"","meta":{"footnotes":""},"class_list":["post-2865","page","type-page","status-publish","hentry"],"aioseo_notices":[],"_links":{"self":[{"href":"https:\/\/www.funiculart.fr\/ressources\/wp-json\/wp\/v2\/pages\/2865","targetHints":{"allow":["GET"]}}],"collection":[{"href":"https:\/\/www.funiculart.fr\/ressources\/wp-json\/wp\/v2\/pages"}],"about":[{"href":"https:\/\/www.funiculart.fr\/ressources\/wp-json\/wp\/v2\/types\/page"}],"author":[{"embeddable":true,"href":"https:\/\/www.funiculart.fr\/ressources\/wp-json\/wp\/v2\/users\/1"}],"replies":[{"embeddable":true,"href":"https:\/\/www.funiculart.fr\/ressources\/wp-json\/wp\/v2\/comments?post=2865"}],"version-history":[{"count":0,"href":"https:\/\/www.funiculart.fr\/ressources\/wp-json\/wp\/v2\/pages\/2865\/revisions"}],"wp:attachment":[{"href":"https:\/\/www.funiculart.fr\/ressources\/wp-json\/wp\/v2\/media?parent=2865"}],"curies":[{"name":"wp","href":"https:\/\/api.w.org\/{rel}","templated":true}]}}