{"id":2824,"date":"2018-09-14T12:59:53","date_gmt":"2018-09-14T10:59:53","guid":{"rendered":"https:\/\/www.funiculart.fr\/ressources\/?page_id=2824"},"modified":"2018-09-14T12:59:53","modified_gmt":"2018-09-14T10:59:53","slug":"nasserghazizadeh-illan-46","status":"publish","type":"page","link":"https:\/\/www.funiculart.fr\/ressources\/nasserghazizadeh-illan-46\/","title":{"rendered":"nasserghazizadeh ILLAN 46"},"content":{"rendered":"<p>ILL &lt;<a href=\"mailto:ILLAN46@HOTMAIL.COM\" target=\"_blank\" rel=\"noopener\">ILLAN46@HOTMAIL.COM<\/a>&gt;<\/p>\n<p><a href=\"http:\/\/www.nasserghazizadeh.wix.com\/nasserghazizadeh\" target=\"_blank\" rel=\"noopener noreferrer\" data-saferedirecturl=\"https:\/\/www.google.com\/url?q=http:\/\/www.nasserghazizadeh.wix.com\/nasserghazizadeh&amp;source=gmail&amp;ust=1537007645505000&amp;usg=AFQjCNEBa1T5eE-NyusNasD2KYQlTrbphw\">www.nasserghazizadeh.wix.com\/n<wbr><\/wbr>asserghazizadeh<\/a><br \/>\nJe cherche un mod\u00e8le<br \/>\nartiste peintre \u00e0 paris 15 cherche mod\u00e8le femme 18&#8230;\/30 ans pour pose nu contre r\u00e9muneration .<br \/>\nmerci de me joindre\u00a0 au 0680405674 ou par mail\u00a0<a href=\"mailto:illan46@hotmail.com\" target=\"_blank\" rel=\"noopener\">illan46@hotmail.com<\/a>\u00a0pour un rdv.<br \/>\ncordialement.<\/p>\n<!-- Rendered by FancyBox without labels BEGIN -->\n\n\t<style type=\"text\/css\">\n\t\t\t\t\t#gallery-0 {\n\t\t\t\t\t\tmargin: auto;\n\t\t\t\t\t}\n\t\t\t\t\t#gallery-0 .gallery-item {\n\t\t\t\t\t\tfloat: left;\n\t\t\t\t\t\tmargin-top: 10px;\n\t\t\t\t\t\ttext-align: center;\n\t\t\t\t\t\twidth: 32%;\n\t\t\t\t\t}\n\t\t\t\t\t#gallery-0 img {\n\t\t\t\t\t\tborder: 2px solid #cfcfcf;\n\t\t\t\t\t}\n\t\t\t\t\t#gallery-0 .gallery-caption {\n\t\t\t\t\t\tmargin-left: 0;\n\t\t\t\t\t}\n\t<\/style>\n<script type=\"text\/javascript\">\n$(document).ready(function() {\n\t\/*\n\t *  Simple image gallery. Uses default settings\n\t *\/\n\n\t$(\".fancybox\").fancybox({\n\t\t\"transitionIn\"\t\t: \"none\",\n\t\t\"transitionOut\"\t\t: \"none\",\n\t\t\"titlePosition\" \t: \"over\"\n\n\t});\n});\n<\/script>\n\n\t<div id=\"gallery-0\" class=\"gallery galleryid-0 gallery-size-thumbnail\" style=\"\"><dl class=\"gallery-item\"><dt class=\"gallery-icon\">\n\t\t<a class=\"fancybox\" href=\"https:\/\/www.funiculart.fr\/ressources\/wp-content\/uploads\/2018\/09\/nasserghazizadeh-2.png\" rel=\"gallery-0\"><img loading=\"lazy\" decoding=\"async\" width=\"150\" height=\"300\" class=\"attachment-thumbnail\" alt=\"\" src=\"https:\/\/www.funiculart.fr\/ressources\/wp-content\/uploads\/2018\/09\/nasserghazizadeh-2-150x300.png\" \/><\/a><\/dt><\/dl>\n\n<dl class=\"gallery-item\"><dt class=\"gallery-icon\">\n\t\t<a class=\"fancybox\" href=\"https:\/\/www.funiculart.fr\/ressources\/wp-content\/uploads\/2018\/09\/nasserghazizadeh-1.png\" rel=\"gallery-0\"><img loading=\"lazy\" decoding=\"async\" width=\"150\" height=\"300\" class=\"attachment-thumbnail\" alt=\"\" src=\"https:\/\/www.funiculart.fr\/ressources\/wp-content\/uploads\/2018\/09\/nasserghazizadeh-1-150x300.png\" \/><\/a><\/dt><\/dl>\n\n<\/div><br clear=\"all\" \/><!-- Rendered by FancyBox without labels END -->\n\n","protected":false},"excerpt":{"rendered":"<p>ILL &lt;ILLAN46@HOTMAIL.COM&gt; www.nasserghazizadeh.wix.com\/nasserghazizadeh Je cherche un mod\u00e8le artiste peintre \u00e0 paris 15 cherche mod\u00e8le femme 18&#8230;\/30 ans pour pose nu contre r\u00e9muneration . merci de me joindre\u00a0 au 0680405674 ou par mail\u00a0illan46@hotmail.com\u00a0pour un rdv. cordialement.<\/p>\n","protected":false},"author":1,"featured_media":0,"parent":0,"menu_order":0,"comment_status":"closed","ping_status":"closed","template":"","meta":{"footnotes":""},"class_list":["post-2824","page","type-page","status-publish","hentry"],"aioseo_notices":[],"_links":{"self":[{"href":"https:\/\/www.funiculart.fr\/ressources\/wp-json\/wp\/v2\/pages\/2824","targetHints":{"allow":["GET"]}}],"collection":[{"href":"https:\/\/www.funiculart.fr\/ressources\/wp-json\/wp\/v2\/pages"}],"about":[{"href":"https:\/\/www.funiculart.fr\/ressources\/wp-json\/wp\/v2\/types\/page"}],"author":[{"embeddable":true,"href":"https:\/\/www.funiculart.fr\/ressources\/wp-json\/wp\/v2\/users\/1"}],"replies":[{"embeddable":true,"href":"https:\/\/www.funiculart.fr\/ressources\/wp-json\/wp\/v2\/comments?post=2824"}],"version-history":[{"count":0,"href":"https:\/\/www.funiculart.fr\/ressources\/wp-json\/wp\/v2\/pages\/2824\/revisions"}],"wp:attachment":[{"href":"https:\/\/www.funiculart.fr\/ressources\/wp-json\/wp\/v2\/media?parent=2824"}],"curies":[{"name":"wp","href":"https:\/\/api.w.org\/{rel}","templated":true}]}}