{"id":2667,"date":"2018-06-26T10:42:44","date_gmt":"2018-06-26T08:42:44","guid":{"rendered":"https:\/\/www.funiculart.fr\/ressources\/?page_id=2667"},"modified":"2018-06-26T10:43:04","modified_gmt":"2018-06-26T08:43:04","slug":"abdel-pose-dans-les-hauts-de-france","status":"publish","type":"page","link":"https:\/\/www.funiculart.fr\/ressources\/abdel-pose-dans-les-hauts-de-france\/","title":{"rendered":"Abdel pose dans les hauts de france"},"content":{"rendered":"<p>Abdel &lt;<a href=\"mailto:jm599@outlook.fr\">jm599@outlook.fr<\/a>&gt;<\/p>\n<p>Je veux poser comme mod\u00e9le<br \/>\nBonjour, je suis un jeune homme; je me propose en tant que mod\u00e8l nu (photo, peinture, dessin, sculture&#8230;).<\/p>\n<p>Je suis mobile dans le nord pas de calais et la fronti\u00e8re belge.<\/p>\n<p><img loading=\"lazy\" decoding=\"async\" class=\"aligncenter size-medium wp-image-2668\" src=\"https:\/\/www.funiculart.fr\/ressources\/wp-content\/uploads\/2018\/06\/abdel-275x400.jpg\" alt=\"\" width=\"275\" height=\"400\" srcset=\"https:\/\/www.funiculart.fr\/ressources\/wp-content\/uploads\/2018\/06\/abdel-275x400.jpg 275w, https:\/\/www.funiculart.fr\/ressources\/wp-content\/uploads\/2018\/06\/abdel.jpg 445w\" sizes=\"auto, (max-width: 275px) 100vw, 275px\" \/><\/p>\n","protected":false},"excerpt":{"rendered":"<p>Abdel &lt;jm599@outlook.fr&gt; Je veux poser comme mod\u00e9le Bonjour, je suis un jeune homme; je me propose en tant que mod\u00e8l nu (photo, peinture, dessin, sculture&#8230;). Je suis mobile dans le nord pas de calais et la fronti\u00e8re belge.<\/p>\n","protected":false},"author":1,"featured_media":0,"parent":0,"menu_order":0,"comment_status":"closed","ping_status":"closed","template":"","meta":{"footnotes":""},"class_list":["post-2667","page","type-page","status-publish","hentry"],"aioseo_notices":[],"_links":{"self":[{"href":"https:\/\/www.funiculart.fr\/ressources\/wp-json\/wp\/v2\/pages\/2667","targetHints":{"allow":["GET"]}}],"collection":[{"href":"https:\/\/www.funiculart.fr\/ressources\/wp-json\/wp\/v2\/pages"}],"about":[{"href":"https:\/\/www.funiculart.fr\/ressources\/wp-json\/wp\/v2\/types\/page"}],"author":[{"embeddable":true,"href":"https:\/\/www.funiculart.fr\/ressources\/wp-json\/wp\/v2\/users\/1"}],"replies":[{"embeddable":true,"href":"https:\/\/www.funiculart.fr\/ressources\/wp-json\/wp\/v2\/comments?post=2667"}],"version-history":[{"count":0,"href":"https:\/\/www.funiculart.fr\/ressources\/wp-json\/wp\/v2\/pages\/2667\/revisions"}],"wp:attachment":[{"href":"https:\/\/www.funiculart.fr\/ressources\/wp-json\/wp\/v2\/media?parent=2667"}],"curies":[{"name":"wp","href":"https:\/\/api.w.org\/{rel}","templated":true}]}}