{"id":2641,"date":"2018-06-21T10:29:38","date_gmt":"2018-06-21T08:29:38","guid":{"rendered":"https:\/\/www.funiculart.fr\/ressources\/?page_id=2641"},"modified":"2018-06-21T10:29:38","modified_gmt":"2018-06-21T08:29:38","slug":"cgu-mentions-legales","status":"publish","type":"page","link":"https:\/\/www.funiculart.fr\/ressources\/cgu-mentions-legales\/","title":{"rendered":"CGU Mentions L\u00e9gales"},"content":{"rendered":"<p><strong>Mentions l\u00e9gales de FUNICULART :<\/strong><br \/>\nLe site www.funiculart.fr est \u00e9dit\u00e9 par l&rsquo;entreprise Ma-Part-du-Web<br \/>\nEmail : mpweb@hotmail.fr<br \/>\nNum\u00e9ro SIRET 50758735000038<br \/>\nResponsable \u00e9ditorial Denecker Jean-Marc<br \/>\nCe site est h\u00e9berg\u00e9 par OVH.<\/p>\n<p><strong>Conditions g\u00e9n\u00e9rales d&rsquo;utilisation (CGV) :<\/strong><\/p>\n<p>Funiculart : D\u00e9signe le site, la marque et la soci\u00e9t\u00e9 propri\u00e9taire du site internet.<br \/>\nVisiteur : par \u00ab\u00a0visiteur\u00a0\u00bb est entendu toute personne utilisant le site Funiculart.<br \/>\nGaleriste : toute personne ou responsable d&rsquo;un lieu ou d&rsquo;une manifestation artistique.<\/p>\n<p>Le site Funiculart propose des services gratuits destin\u00e9s au monde artistique. Nous nous r\u00e9servons le droit de modifier, compl\u00e9ter ou supprimer les services propos\u00e9s afin d&rsquo;une part de respecter les standards technologiques et d&rsquo;autres part de pr\u00e9venir les abus. Funiculart ne proc\u00e8dera \u00e0 ces modifications que si elles sont raisonnables et acceptables pour les utilisateurs ou si elles sont requises par la loi.<\/p>\n<p>Intervention sur le site :<br \/>\nL&rsquo;utilisateur ou visiteur de Funiculart a la possibilit\u00e9 sur diff\u00e9rentes pages d&rsquo;\u00e9crire du texte (r\u00e9ponse \u00e0 un article, avis sur galeries&#8230;).<br \/>\nL&rsquo;utilisateur est seul responsable du texte qu&rsquo;il \u00e9crit et s&rsquo;engage en outre \u00e0 ne pas faire de d\u00e9lation : aucun nom, pr\u00e9nom ou information permettant de reconnaitre une personne ne doit \u00eatre donn\u00e9, notamment dans le cas d&rsquo;une critique de galerie. Ne pas publier de contenus interdits pas la loi ou contraires aux bonnes moeurs (en particulier tout contenu pornographique, raciste, extr\u00e9miste ou de toute autre nature r\u00e9pr\u00e9hensible) ou pouvant nuire aux droits des tiers (cf. notamment les marques d\u00e9pos\u00e9es, les droits au nom, les droits d&rsquo;auteur, aux copyrights). Enfin, ne pas effectuer de spam (envoi en grand nombre de messages \u00e0 un ou plusieurs destinataires).<\/p>\n<p>Les artistes proposent eux-m\u00eame des lieux d&rsquo;exposition et donnent les renseignements n\u00e9cessaires \u00e0 la promotion de ce lieu. Le visiteur s&rsquo;engage \u00e0 utiliser les services propos\u00e9s dans le seul but de ne pas d\u00e9tourner les services \u00e0 d&rsquo;autres buts.<br \/>\nLes artistes s&rsquo;engagent, dans la mesure du possible, \u00e0 donner leurs avis sur les lieux (situ\u00e9s en Nord pas-de-Calais et Picardie) dans lesquels il ont expos\u00e9 et \u00e0 fournir les renseignements n\u00e9cessaires concernant ces lieux. Une fois la galerie propos\u00e9e, l&rsquo;artiste ne peut plus modifier ses commentaires.<\/p>\n<p>Chaque galeriste dispose d&rsquo;un droit de retrait de ses informations sur le site. Ce droit doit \u00eatre motiv\u00e9 par un e-mail explicatif.<\/p>\n<p>Les commentaires peuvent \u00eatre supprim\u00e9s par Funiculart si le visiteur ou l&rsquo;artiste n&rsquo;a pas respect\u00e9 les conditions \u00e9nonc\u00e9es plus haut.<\/p>\n<p>L&rsquo;h\u00e9bergement \u00e9tant effectu\u00e9 par un tiers, Funiculart ne garantie pas une disponibilit\u00e9 de 100% de ses services.<br \/>\nFuniculart se r\u00e9serve le droit d&rsquo;interrompre momentan\u00e9ment ses services \u00e0 des fins de maintenance ou pour solutionner des probl\u00e8mes techniques \u00e9ventuels. Funiculart s&rsquo;efforcera de rendre une disponibilit\u00e9 maximum des services propos\u00e9s.<br \/>\nToute responsabilit\u00e9 de la part de Funiculart pour perte de donn\u00e9es ou pour acc\u00e8s non-autoris\u00e9 aux informations personnelles de l&rsquo;utilisateur par des tiers est exclue.<\/p>\n<p>Aucun renseignement vous concernant ne sera vendu ou lou\u00e9 \u00e0 des partenaires ou autres entreprises.<br \/>\nVous b\u00e9n\u00e9ficiez d&rsquo;un droit de modification sur les renseignements vous concernant (Loi n\u00b0 78-17 du 6 Janvier 1978 relative \u00e0 l&rsquo;informatique, aux fichiers et aux libert\u00e9s). Pour cela, vous pouvez contacter Funiculart \u00e0 l&rsquo;adresse : funiculart@gmail.com<\/p>\n","protected":false},"excerpt":{"rendered":"<p>Mentions l\u00e9gales de FUNICULART : Le site www.funiculart.fr est \u00e9dit\u00e9 par l&rsquo;entreprise Ma-Part-du-Web Email : mpweb@hotmail.fr Num\u00e9ro SIRET 50758735000038 Responsable \u00e9ditorial Denecker Jean-Marc Ce site est h\u00e9berg\u00e9 par OVH. Conditions g\u00e9n\u00e9rales d&rsquo;utilisation (CGV) : Funiculart : D\u00e9signe le site, la marque et la soci\u00e9t\u00e9 propri\u00e9taire du site internet. Visiteur : par \u00ab\u00a0visiteur\u00a0\u00bb est entendu toute [&hellip;]<\/p>\n","protected":false},"author":1,"featured_media":0,"parent":0,"menu_order":0,"comment_status":"closed","ping_status":"closed","template":"","meta":{"footnotes":""},"class_list":["post-2641","page","type-page","status-publish","hentry"],"aioseo_notices":[],"_links":{"self":[{"href":"https:\/\/www.funiculart.fr\/ressources\/wp-json\/wp\/v2\/pages\/2641","targetHints":{"allow":["GET"]}}],"collection":[{"href":"https:\/\/www.funiculart.fr\/ressources\/wp-json\/wp\/v2\/pages"}],"about":[{"href":"https:\/\/www.funiculart.fr\/ressources\/wp-json\/wp\/v2\/types\/page"}],"author":[{"embeddable":true,"href":"https:\/\/www.funiculart.fr\/ressources\/wp-json\/wp\/v2\/users\/1"}],"replies":[{"embeddable":true,"href":"https:\/\/www.funiculart.fr\/ressources\/wp-json\/wp\/v2\/comments?post=2641"}],"version-history":[{"count":0,"href":"https:\/\/www.funiculart.fr\/ressources\/wp-json\/wp\/v2\/pages\/2641\/revisions"}],"wp:attachment":[{"href":"https:\/\/www.funiculart.fr\/ressources\/wp-json\/wp\/v2\/media?parent=2641"}],"curies":[{"name":"wp","href":"https:\/\/api.w.org\/{rel}","templated":true}]}}