{"id":262,"date":"2012-09-13T09:46:29","date_gmt":"2012-09-13T07:46:29","guid":{"rendered":"https:\/\/www.funiculart.fr\/ressources\/?page_id=262"},"modified":"2022-09-15T15:10:48","modified_gmt":"2022-09-15T13:10:48","slug":"lions-club-de-pevele-en-melantois","status":"publish","type":"page","link":"https:\/\/www.funiculart.fr\/ressources\/lions-club-de-pevele-en-melantois\/","title":{"rendered":"Lions club de P\u00e9v\u00e8le en M\u00e9lantois : Templ&rsquo;oeuvre d&rsquo;art"},"content":{"rendered":"<h1>Le Lions club de Lille P\u00e9v\u00e8le-M\u00e9lantois organise le salon \u00a0\u00bb Templ&rsquo;oeuvre d&rsquo;art\u00a0\u00bb \u00a0chaque ann\u00e9e pendant 3 week-end (en novembre) \u00e0 Templeuve.<\/h1>\n<p style=\"text-align: left;\">Mr Dobbelaere, membre du club rencontre chaque artiste et s\u00e9lectionne lui m\u00eame les oeuvres. Les travaux des artistes sont pr\u00e9sent\u00e9s avec le plus grand soin (\u00e9clairage de chaque cimaise, harmonie des couleurs\u2026).<span style=\"color: #17365d;\"> Sont accueillis \u00e0 la fois des artistes professionnels, mais aussi des amateurs. enfin, <strong>l&rsquo;exposition est en libre acc\u00e8s.<\/strong><\/span><strong><em><span style=\"color: #17365d;\"><br \/>\n<\/span><\/em><\/strong><br \/>\n<strong>Pour participer, merci de contacter Bernard DOBBELAERE \u00a0<a href=\"mailto:bmdobbelaere@hotmail.com\" target=\"_blank\" rel=\"noopener noreferrer\">bmdobbelaere@hotmail.com<\/a> \/ 06.88.33.00.87 &#8211; Lions club Lille P\u00e9v\u00e8le M\u00e9lantois<\/strong><\/p>\n<hr \/>\n<div>\n<div><img loading=\"lazy\" decoding=\"async\" class=\"aligncenter size-full wp-image-3922\" src=\"https:\/\/www.funiculart.fr\/ressources\/wp-content\/uploads\/2022\/09\/La-17eme-edition-de-TemplOeuvres-dart.png\" alt=\"\" width=\"572\" height=\"811\" srcset=\"https:\/\/www.funiculart.fr\/ressources\/wp-content\/uploads\/2022\/09\/La-17eme-edition-de-TemplOeuvres-dart.png 572w, https:\/\/www.funiculart.fr\/ressources\/wp-content\/uploads\/2022\/09\/La-17eme-edition-de-TemplOeuvres-dart-282x400.png 282w\" sizes=\"auto, (max-width: 572px) 100vw, 572px\" \/><\/div>\n<div>Notre expo annul\u00e9e en 2019, report\u00e9e devrait enfin avoir lieu <strong>en novembre, du 20 au 28 (VSD).<\/strong><\/div>\n<div>29 artistes y exposeront leurs oeuvres r\u00e9centes. Dom DEWALLES (peintre) et Bo GAO (sculpteur) en seront les invit\u00e9s d&rsquo;honneur.<\/div>\n<div><\/div>\n<div><img loading=\"lazy\" decoding=\"async\" class=\"aligncenter size-large wp-image-3641\" src=\"https:\/\/www.funiculart.fr\/ressources\/wp-content\/uploads\/2021\/09\/AFFICHE-Temploeuvre-dart-16-724x1024.jpg\" alt=\"\" width=\"630\" height=\"891\" srcset=\"https:\/\/www.funiculart.fr\/ressources\/wp-content\/uploads\/2021\/09\/AFFICHE-Temploeuvre-dart-16-724x1024.jpg 724w, https:\/\/www.funiculart.fr\/ressources\/wp-content\/uploads\/2021\/09\/AFFICHE-Temploeuvre-dart-16-283x400.jpg 283w, https:\/\/www.funiculart.fr\/ressources\/wp-content\/uploads\/2021\/09\/AFFICHE-Temploeuvre-dart-16-768x1086.jpg 768w, https:\/\/www.funiculart.fr\/ressources\/wp-content\/uploads\/2021\/09\/AFFICHE-Temploeuvre-dart-16-1086x1536.jpg 1086w, https:\/\/www.funiculart.fr\/ressources\/wp-content\/uploads\/2021\/09\/AFFICHE-Temploeuvre-dart-16-1448x2048.jpg 1448w, https:\/\/www.funiculart.fr\/ressources\/wp-content\/uploads\/2021\/09\/AFFICHE-Temploeuvre-dart-16-1320x1867.jpg 1320w, https:\/\/www.funiculart.fr\/ressources\/wp-content\/uploads\/2021\/09\/AFFICHE-Temploeuvre-dart-16.jpg 1754w\" sizes=\"auto, (max-width: 630px) 100vw, 630px\" \/><\/div>\n<p><del>D\u00e9j\u00e0 la 16\u00e8me \u00e9dition de cette manifestation. Malgr\u00e9 l&rsquo;ambiance si particuli\u00e8re que nous connaissons cette ann\u00e9e, Bernard DOBBELAERE et ses associ\u00e9s souhaitent maintenir l&rsquo;exposition TemplOeuvres d&rsquo;art 2020.<\/del><\/p>\n<div><del>Celle-ci devrait se tenir &#8211; du moins nous l&rsquo;esp\u00e9rons &#8211; du 21 au 29 novembre 2020.<\/del><\/div>\n<div><del>Les invit\u00e9s d&rsquo;honneur en seront Dom DEWALLES (peinture) et Bo GAO (sculpture).<\/del><\/div>\n<div><\/div>\n<div><strong>15eme \u00e9dition \/ 2019 (mise \u00e0 jour sept 2021) :<\/strong><\/div>\n<\/div>\n<div>26 artistes pr\u00e9senteront leurs oeuvres r\u00e9centes du 16 au 24 novembre. Les invit\u00e9s d&rsquo;honneur seront\u00a0<b>Mahjoub BEN BELLA et Antoine DUFILHO :<\/b><\/div>\n<div>\n<!-- Rendered by FancyBox without labels BEGIN -->\n\n\t<style type=\"text\/css\">\n\t\t\t\t\t#gallery-0 {\n\t\t\t\t\t\tmargin: auto;\n\t\t\t\t\t}\n\t\t\t\t\t#gallery-0 .gallery-item {\n\t\t\t\t\t\tfloat: left;\n\t\t\t\t\t\tmargin-top: 10px;\n\t\t\t\t\t\ttext-align: center;\n\t\t\t\t\t\twidth: 32%;\n\t\t\t\t\t}\n\t\t\t\t\t#gallery-0 img {\n\t\t\t\t\t\tborder: 2px solid #cfcfcf;\n\t\t\t\t\t}\n\t\t\t\t\t#gallery-0 .gallery-caption {\n\t\t\t\t\t\tmargin-left: 0;\n\t\t\t\t\t}\n\t<\/style>\n<script type=\"text\/javascript\">\n$(document).ready(function() {\n\t\/*\n\t *  Simple image gallery. Uses default settings\n\t *\/\n\n\t$(\".fancybox\").fancybox({\n\t\t\"transitionIn\"\t\t: \"none\",\n\t\t\"transitionOut\"\t\t: \"none\",\n\t\t\"titlePosition\" \t: \"over\"\n\n\t});\n});\n<\/script>\n\n\t<div id=\"gallery-0\" class=\"gallery galleryid-0 gallery-size-thumbnail\" style=\"\"><dl class=\"gallery-item\"><dt class=\"gallery-icon\">\n\t\t<a class=\"fancybox\" href=\"https:\/\/www.funiculart.fr\/ressources\/wp-content\/uploads\/2019\/10\/Mahjoub-BEN-BELLA-722x1024.jpg\" rel=\"gallery-0\"><img loading=\"lazy\" decoding=\"async\" width=\"150\" height=\"300\" class=\"attachment-thumbnail\" alt=\"\" src=\"https:\/\/www.funiculart.fr\/ressources\/wp-content\/uploads\/2019\/10\/Mahjoub-BEN-BELLA-150x300.jpg\" \/><\/a><\/dt><\/dl>\n\n<dl class=\"gallery-item\"><dt class=\"gallery-icon\">\n\t\t<a class=\"fancybox\" href=\"https:\/\/www.funiculart.fr\/ressources\/wp-content\/uploads\/2019\/10\/TemplOeuvres-dart-2019-1024x681.jpg\" rel=\"gallery-0\"><img loading=\"lazy\" decoding=\"async\" width=\"150\" height=\"300\" class=\"attachment-thumbnail\" alt=\"\" src=\"https:\/\/www.funiculart.fr\/ressources\/wp-content\/uploads\/2019\/10\/TemplOeuvres-dart-2019-150x300.jpg\" \/><\/a><\/dt><\/dl>\n\n<dl class=\"gallery-item\"><dt class=\"gallery-icon\">\n\t\t<a class=\"fancybox\" href=\"https:\/\/www.funiculart.fr\/ressources\/wp-content\/uploads\/2019\/10\/TemplOeuvres-dart-2019-pevele-1024x681.jpg\" rel=\"gallery-0\"><img loading=\"lazy\" decoding=\"async\" width=\"150\" height=\"300\" class=\"attachment-thumbnail\" alt=\"\" src=\"https:\/\/www.funiculart.fr\/ressources\/wp-content\/uploads\/2019\/10\/TemplOeuvres-dart-2019-pevele-150x300.jpg\" \/><\/a><\/dt><\/dl>\n\n<dl class=\"gallery-item\"><dt class=\"gallery-icon\">\n\t\t<a class=\"fancybox\" href=\"https:\/\/www.funiculart.fr\/ressources\/wp-content\/uploads\/2019\/10\/TemplOeuvres-dart-2019-26-artistes-1024x768.jpg\" rel=\"gallery-0\"><img loading=\"lazy\" decoding=\"async\" width=\"150\" height=\"300\" class=\"attachment-thumbnail\" alt=\"\" src=\"https:\/\/www.funiculart.fr\/ressources\/wp-content\/uploads\/2019\/10\/TemplOeuvres-dart-2019-26-artistes-150x300.jpg\" \/><\/a><\/dt><\/dl>\n\n<dl class=\"gallery-item\"><dt class=\"gallery-icon\">\n\t\t<a class=\"fancybox\" href=\"https:\/\/www.funiculart.fr\/ressources\/wp-content\/uploads\/2021\/09\/TemplOeuvres-d-art-2019-1-1024x576.jpg\" rel=\"gallery-0\"><img loading=\"lazy\" decoding=\"async\" width=\"150\" height=\"300\" class=\"attachment-thumbnail\" alt=\"\" src=\"https:\/\/www.funiculart.fr\/ressources\/wp-content\/uploads\/2021\/09\/TemplOeuvres-d-art-2019-1-150x300.jpg\" \/><\/a><\/dt><\/dl>\n\n<dl class=\"gallery-item\"><dt class=\"gallery-icon\">\n\t\t<a class=\"fancybox\" href=\"https:\/\/www.funiculart.fr\/ressources\/wp-content\/uploads\/2021\/09\/TemplOeuvres-d-art-2019-2-1024x576.jpg\" rel=\"gallery-0\"><img loading=\"lazy\" decoding=\"async\" width=\"150\" height=\"300\" class=\"attachment-thumbnail\" alt=\"\" src=\"https:\/\/www.funiculart.fr\/ressources\/wp-content\/uploads\/2021\/09\/TemplOeuvres-d-art-2019-2-150x300.jpg\" \/><\/a><\/dt><\/dl>\n\n<dl class=\"gallery-item\"><dt class=\"gallery-icon\">\n\t\t<a class=\"fancybox\" href=\"https:\/\/www.funiculart.fr\/ressources\/wp-content\/uploads\/2021\/09\/TemplOeuvres-d-art-2019-3-1024x576.jpg\" rel=\"gallery-0\"><img loading=\"lazy\" decoding=\"async\" width=\"150\" height=\"300\" class=\"attachment-thumbnail\" alt=\"\" src=\"https:\/\/www.funiculart.fr\/ressources\/wp-content\/uploads\/2021\/09\/TemplOeuvres-d-art-2019-3-150x300.jpg\" \/><\/a><\/dt><\/dl>\n\n<dl class=\"gallery-item\"><dt class=\"gallery-icon\">\n\t\t<a class=\"fancybox\" href=\"https:\/\/www.funiculart.fr\/ressources\/wp-content\/uploads\/2021\/09\/DSC_0004-1024x584.jpg\" rel=\"gallery-0\"><img loading=\"lazy\" decoding=\"async\" width=\"150\" height=\"300\" class=\"attachment-thumbnail\" alt=\"\" src=\"https:\/\/www.funiculart.fr\/ressources\/wp-content\/uploads\/2021\/09\/DSC_0004-150x300.jpg\" \/><\/a><\/dt><\/dl>\n\n<\/div><br clear=\"all\" \/><!-- Rendered by FancyBox without labels END -->\n\n<\/div>\n<div>\n<hr \/>\n<\/div>\n<h1>La 14\u00e8me \u00e9dition de TemplOeuvres d&rsquo;art aura lieu du 20 octobre au 4 novembre, \u00e0 Templeuve en P\u00e9v\u00e8le.<\/h1>\n<div>\n<!-- Rendered by FancyBox without labels BEGIN -->\n\n\t<style type=\"text\/css\">\n\t\t\t\t\t#gallery-1 {\n\t\t\t\t\t\tmargin: auto;\n\t\t\t\t\t}\n\t\t\t\t\t#gallery-1 .gallery-item {\n\t\t\t\t\t\tfloat: left;\n\t\t\t\t\t\tmargin-top: 10px;\n\t\t\t\t\t\ttext-align: center;\n\t\t\t\t\t\twidth: 32%;\n\t\t\t\t\t}\n\t\t\t\t\t#gallery-1 img {\n\t\t\t\t\t\tborder: 2px solid #cfcfcf;\n\t\t\t\t\t}\n\t\t\t\t\t#gallery-1 .gallery-caption {\n\t\t\t\t\t\tmargin-left: 0;\n\t\t\t\t\t}\n\t<\/style>\n<script type=\"text\/javascript\">\n$(document).ready(function() {\n\t\/*\n\t *  Simple image gallery. Uses default settings\n\t *\/\n\n\t$(\".fancybox\").fancybox({\n\t\t\"transitionIn\"\t\t: \"none\",\n\t\t\"transitionOut\"\t\t: \"none\",\n\t\t\"titlePosition\" \t: \"over\"\n\n\t});\n});\n<\/script>\n\n\t<div id=\"gallery-1\" class=\"gallery galleryid-1 gallery-size-thumbnail\" style=\"\"><dl class=\"gallery-item\"><dt class=\"gallery-icon\">\n\t\t<a class=\"fancybox\" href=\"https:\/\/www.funiculart.fr\/ressources\/wp-content\/uploads\/2018\/09\/templeuve-dart-1.jpg\" rel=\"gallery-1\"><img loading=\"lazy\" decoding=\"async\" width=\"150\" height=\"300\" class=\"attachment-thumbnail\" alt=\"\" src=\"https:\/\/www.funiculart.fr\/ressources\/wp-content\/uploads\/2018\/09\/templeuve-dart-1-150x300.jpg\" \/><\/a><\/dt><\/dl>\n\n<dl class=\"gallery-item\"><dt class=\"gallery-icon\">\n\t\t<a class=\"fancybox\" href=\"https:\/\/www.funiculart.fr\/ressources\/wp-content\/uploads\/2018\/09\/templeuve-dart-2-673x1024.jpg\" rel=\"gallery-1\"><img loading=\"lazy\" decoding=\"async\" width=\"150\" height=\"300\" class=\"attachment-thumbnail\" alt=\"\" src=\"https:\/\/www.funiculart.fr\/ressources\/wp-content\/uploads\/2018\/09\/templeuve-dart-2-150x300.jpg\" \/><\/a><\/dt><\/dl>\n\n<dl class=\"gallery-item\"><dt class=\"gallery-icon\">\n\t\t<a class=\"fancybox\" href=\"https:\/\/www.funiculart.fr\/ressources\/wp-content\/uploads\/2018\/09\/templeuve-dart-3-741x1024.jpg\" rel=\"gallery-1\"><img loading=\"lazy\" decoding=\"async\" width=\"150\" height=\"300\" class=\"attachment-thumbnail\" alt=\"\" src=\"https:\/\/www.funiculart.fr\/ressources\/wp-content\/uploads\/2018\/09\/templeuve-dart-3-150x300.jpg\" \/><\/a><\/dt><\/dl>\n\n<\/div><br clear=\"all\" \/><!-- Rendered by FancyBox without labels END -->\n\n<\/div>\n<h2>TemplOeuvres d\u2019Art &#8211; 13 \u00e8me \u00e9dition<\/h2>\n<p>Le Lions Club de Lille P\u00e9v\u00e8le M\u00e9lantois vous invite \u00e0 d\u00e9couvrir, chaque week-end, du 11 au 26 novembre 2017, sa 13 \u00e8me exposition TemplOeuvres d\u2019art.<br \/>\nCette \u00e9dition vous permettra de d\u00e9couvrir 26 artistes, peintres,\u00a0sculpteurs, c\u00e9ramistes, verriers, photographes, cr\u00e9ateurs de<br \/>\nbijoux\u2026. venus de toute la r\u00e9gion et d\u2019ailleurs. Chacun de ces artistes pr\u00e9sentera ses derni\u00e8res cr\u00e9ations dans le superbe cadre<br \/>\nde la salle d\u2019honneur de l\u2019ancienne mairie de Templeuve-en-P\u00e9v\u00e8le (Place du G\u00e9n\u00e9ral de Gaulle, pr\u00e8s de l\u2019Eglise).<br \/>\nLes invit\u00e9s d&rsquo;honneur seront Thierry MORDANT, peintre, et Bruce CLICQ sculpteur sur pierre&#8230; ENTREE GRATUITE !<a href=\"https:\/\/www.funiculart.fr\/ressources\/wp-content\/uploads\/2012\/09\/Article-presse-2017.doc\">Article presse 2017 temploeuvart<\/a><\/p>\n<hr \/>\n<p>Ann\u00e9e 2017 :<\/p>\n<!-- Rendered by FancyBox without labels BEGIN -->\n\n\t<style type=\"text\/css\">\n\t\t\t\t\t#gallery-2 {\n\t\t\t\t\t\tmargin: auto;\n\t\t\t\t\t}\n\t\t\t\t\t#gallery-2 .gallery-item {\n\t\t\t\t\t\tfloat: left;\n\t\t\t\t\t\tmargin-top: 10px;\n\t\t\t\t\t\ttext-align: center;\n\t\t\t\t\t\twidth: 32%;\n\t\t\t\t\t}\n\t\t\t\t\t#gallery-2 img {\n\t\t\t\t\t\tborder: 2px solid #cfcfcf;\n\t\t\t\t\t}\n\t\t\t\t\t#gallery-2 .gallery-caption {\n\t\t\t\t\t\tmargin-left: 0;\n\t\t\t\t\t}\n\t<\/style>\n<script type=\"text\/javascript\">\n$(document).ready(function() {\n\t\/*\n\t *  Simple image gallery. Uses default settings\n\t *\/\n\n\t$(\".fancybox\").fancybox({\n\t\t\"transitionIn\"\t\t: \"none\",\n\t\t\"transitionOut\"\t\t: \"none\",\n\t\t\"titlePosition\" \t: \"over\"\n\n\t});\n});\n<\/script>\n\n\t<div id=\"gallery-2\" class=\"gallery galleryid-2 gallery-size-thumbnail\" style=\"\"><dl class=\"gallery-item\"><dt class=\"gallery-icon\">\n\t\t<a class=\"fancybox\" href=\"https:\/\/www.funiculart.fr\/ressources\/wp-content\/uploads\/2012\/09\/temploeuvres-d-art-2016-1-1024x681.jpg\" rel=\"gallery-2\"><img loading=\"lazy\" decoding=\"async\" width=\"150\" height=\"300\" class=\"attachment-thumbnail\" alt=\"\" src=\"https:\/\/www.funiculart.fr\/ressources\/wp-content\/uploads\/2012\/09\/temploeuvres-d-art-2016-1-150x300.jpg\" \/><\/a><\/dt><\/dl>\n\n<dl class=\"gallery-item\"><dt class=\"gallery-icon\">\n\t\t<a class=\"fancybox\" href=\"https:\/\/www.funiculart.fr\/ressources\/wp-content\/uploads\/2012\/09\/temploeuvres-d-art-2016-2-1024x681.jpg\" rel=\"gallery-2\"><img loading=\"lazy\" decoding=\"async\" width=\"150\" height=\"300\" class=\"attachment-thumbnail\" alt=\"\" src=\"https:\/\/www.funiculart.fr\/ressources\/wp-content\/uploads\/2012\/09\/temploeuvres-d-art-2016-2-150x300.jpg\" \/><\/a><\/dt><\/dl>\n\n<dl class=\"gallery-item\"><dt class=\"gallery-icon\">\n\t\t<a class=\"fancybox\" href=\"https:\/\/www.funiculart.fr\/ressources\/wp-content\/uploads\/2012\/09\/temploeuvres-d-art-2016-3.jpg\" rel=\"gallery-2\"><img loading=\"lazy\" decoding=\"async\" width=\"150\" height=\"300\" class=\"attachment-thumbnail\" alt=\"\" src=\"https:\/\/www.funiculart.fr\/ressources\/wp-content\/uploads\/2012\/09\/temploeuvres-d-art-2016-3-150x300.jpg\" \/><\/a><\/dt><\/dl>\n\n<\/div><br clear=\"all\" \/><!-- Rendered by FancyBox without labels END -->\n\n<hr \/>\n<p>Cette ann\u00e9e pour notre 11\u00e8me \u00e9dition, <strong>du 7 au 22 novembre 2015<\/strong> nous aurons comme invit\u00e9s d&rsquo;honneur <b>Jacek HAZUKA <\/b>(peinture) et <b>Didier BECQUART<\/b> (sculpture). Ils seront accompagn\u00e9s de 23 artistes dont la plupart n&rsquo;ont pas encore expos\u00e9 dans la cadre de TemplOeuvres d&rsquo;art.<br \/>\nLe vernissage aura lieu le vendredi 6 novembre \u00e0 partir de 18h30.<\/p>\n<p>L&rsquo;entr\u00e9e est toujours gratuite, nous vous y attendons nombreux et nombreuses !<\/p>\n<!-- Rendered by FancyBox without labels BEGIN -->\n\n\t<style type=\"text\/css\">\n\t\t\t\t\t#gallery-3 {\n\t\t\t\t\t\tmargin: auto;\n\t\t\t\t\t}\n\t\t\t\t\t#gallery-3 .gallery-item {\n\t\t\t\t\t\tfloat: left;\n\t\t\t\t\t\tmargin-top: 10px;\n\t\t\t\t\t\ttext-align: center;\n\t\t\t\t\t\twidth: 32%;\n\t\t\t\t\t}\n\t\t\t\t\t#gallery-3 img {\n\t\t\t\t\t\tborder: 2px solid #cfcfcf;\n\t\t\t\t\t}\n\t\t\t\t\t#gallery-3 .gallery-caption {\n\t\t\t\t\t\tmargin-left: 0;\n\t\t\t\t\t}\n\t<\/style>\n<script type=\"text\/javascript\">\n$(document).ready(function() {\n\t\/*\n\t *  Simple image gallery. Uses default settings\n\t *\/\n\n\t$(\".fancybox\").fancybox({\n\t\t\"transitionIn\"\t\t: \"none\",\n\t\t\"transitionOut\"\t\t: \"none\",\n\t\t\"titlePosition\" \t: \"over\"\n\n\t});\n});\n<\/script>\n\n\t<div id=\"gallery-3\" class=\"gallery galleryid-3 gallery-size-thumbnail\" style=\"\"><dl class=\"gallery-item\"><dt class=\"gallery-icon\">\n\t\t<a class=\"fancybox\" href=\"https:\/\/www.funiculart.fr\/ressources\/wp-content\/uploads\/2012\/09\/affiche-TemplOeuvres-d-art-2015-734x1024.jpg\" rel=\"gallery-3\"><img loading=\"lazy\" decoding=\"async\" width=\"150\" height=\"300\" class=\"attachment-thumbnail\" alt=\"Affiche de l&#039;exposition 2015\" src=\"https:\/\/www.funiculart.fr\/ressources\/wp-content\/uploads\/2012\/09\/affiche-TemplOeuvres-d-art-2015-150x300.jpg\" \/><\/a><\/dt><\/dl>\n\n<dl class=\"gallery-item\"><dt class=\"gallery-icon\">\n\t\t<a class=\"fancybox\" href=\"https:\/\/www.funiculart.fr\/ressources\/wp-content\/uploads\/2012\/09\/Becquart-Didier-680x1024.jpg\" rel=\"gallery-3\"><img loading=\"lazy\" decoding=\"async\" width=\"150\" height=\"300\" class=\"attachment-thumbnail\" alt=\"\" src=\"https:\/\/www.funiculart.fr\/ressources\/wp-content\/uploads\/2012\/09\/Becquart-Didier-150x300.jpg\" \/><\/a><\/dt><\/dl>\n\n<dl class=\"gallery-item\"><dt class=\"gallery-icon\">\n\t\t<a class=\"fancybox\" href=\"https:\/\/www.funiculart.fr\/ressources\/wp-content\/uploads\/2012\/09\/Didier-BECQUART-sculpteur.jpg\" rel=\"gallery-3\"><img loading=\"lazy\" decoding=\"async\" width=\"150\" height=\"300\" class=\"attachment-thumbnail\" alt=\"\" src=\"https:\/\/www.funiculart.fr\/ressources\/wp-content\/uploads\/2012\/09\/Didier-BECQUART-sculpteur-150x300.jpg\" \/><\/a><\/dt><\/dl>\n\n<dl class=\"gallery-item\"><dt class=\"gallery-icon\">\n\t\t<a class=\"fancybox\" href=\"https:\/\/www.funiculart.fr\/ressources\/wp-content\/uploads\/2012\/09\/Didier-BECQUART.jpg\" rel=\"gallery-3\"><img loading=\"lazy\" decoding=\"async\" width=\"150\" height=\"300\" class=\"attachment-thumbnail\" alt=\"\" src=\"https:\/\/www.funiculart.fr\/ressources\/wp-content\/uploads\/2012\/09\/Didier-BECQUART-150x300.jpg\" \/><\/a><\/dt><\/dl>\n\n<dl class=\"gallery-item\"><dt class=\"gallery-icon\">\n\t\t<a class=\"fancybox\" href=\"https:\/\/www.funiculart.fr\/ressources\/wp-content\/uploads\/2012\/09\/Jacek-Hazuka-1-1024x1024.jpg\" rel=\"gallery-3\"><img loading=\"lazy\" decoding=\"async\" width=\"150\" height=\"300\" class=\"attachment-thumbnail\" alt=\"\" src=\"https:\/\/www.funiculart.fr\/ressources\/wp-content\/uploads\/2012\/09\/Jacek-Hazuka-1-150x300.jpg\" \/><\/a><\/dt><\/dl>\n\n<dl class=\"gallery-item\"><dt class=\"gallery-icon\">\n\t\t<a class=\"fancybox\" href=\"https:\/\/www.funiculart.fr\/ressources\/wp-content\/uploads\/2012\/09\/Jacek-HAZUKA-peintre.jpg\" rel=\"gallery-3\"><img loading=\"lazy\" decoding=\"async\" width=\"150\" height=\"300\" class=\"attachment-thumbnail\" alt=\"\" src=\"https:\/\/www.funiculart.fr\/ressources\/wp-content\/uploads\/2012\/09\/Jacek-HAZUKA-peintre-150x300.jpg\" \/><\/a><\/dt><\/dl>\n\n<dl class=\"gallery-item\"><dt class=\"gallery-icon\">\n\t\t<a class=\"fancybox\" href=\"https:\/\/www.funiculart.fr\/ressources\/wp-content\/uploads\/2012\/09\/Jacek-HAZUKA.jpg\" rel=\"gallery-3\"><img loading=\"lazy\" decoding=\"async\" width=\"150\" height=\"300\" class=\"attachment-thumbnail\" alt=\"\" src=\"https:\/\/www.funiculart.fr\/ressources\/wp-content\/uploads\/2012\/09\/Jacek-HAZUKA-150x300.jpg\" \/><\/a><\/dt><\/dl>\n\n<\/div><br clear=\"all\" \/><!-- Rendered by FancyBox without labels END -->\n\n<hr \/>\n<p>&nbsp;<\/p>\n<p><strong>Expo 2014 :<\/strong><\/p>\n<p>L&rsquo;exposition TemplOeuvres d&rsquo;art, est reconduite pour la 10\u00e8me ann\u00e9e cons\u00e9cutive du 15 au 30 novembre 2014 (chaque vendredi, samedi et dimanche, de 15h \u00e0 19h00). Afin de marquer cet anniversaire, 20 artistes seront invit\u00e9s, repr\u00e9sentant toutes les disciplines artistiques (peinture, sculpture, c\u00e9ramique&#8230;).<\/p>\n<h2>L&rsquo;invit\u00e9 d&rsquo;honneur en sera Mahjoub BEN BELLA.<\/h2>\n<p>Le lieu : salle d\u2019honneur de l\u2019ancienne mairie de Templeuve (Place du G\u00e9n\u00e9ral de Gaulle).<\/p>\n<!-- Rendered by FancyBox without labels BEGIN -->\n\n\t<style type=\"text\/css\">\n\t\t\t\t\t#gallery-4 {\n\t\t\t\t\t\tmargin: auto;\n\t\t\t\t\t}\n\t\t\t\t\t#gallery-4 .gallery-item {\n\t\t\t\t\t\tfloat: left;\n\t\t\t\t\t\tmargin-top: 10px;\n\t\t\t\t\t\ttext-align: center;\n\t\t\t\t\t\twidth: 32%;\n\t\t\t\t\t}\n\t\t\t\t\t#gallery-4 img {\n\t\t\t\t\t\tborder: 2px solid #cfcfcf;\n\t\t\t\t\t}\n\t\t\t\t\t#gallery-4 .gallery-caption {\n\t\t\t\t\t\tmargin-left: 0;\n\t\t\t\t\t}\n\t<\/style>\n<script type=\"text\/javascript\">\n$(document).ready(function() {\n\t\/*\n\t *  Simple image gallery. Uses default settings\n\t *\/\n\n\t$(\".fancybox\").fancybox({\n\t\t\"transitionIn\"\t\t: \"none\",\n\t\t\"transitionOut\"\t\t: \"none\",\n\t\t\"titlePosition\" \t: \"over\"\n\n\t});\n});\n<\/script>\n\n\t<div id=\"gallery-4\" class=\"gallery galleryid-4 gallery-size-thumbnail\" style=\"\"><dl class=\"gallery-item\"><dt class=\"gallery-icon\">\n\t\t<a class=\"fancybox\" href=\"https:\/\/www.funiculart.fr\/ressources\/wp-content\/uploads\/2012\/09\/Ben-Bella-1-BD-1024x679.jpg\" rel=\"gallery-4\"><img loading=\"lazy\" decoding=\"async\" width=\"150\" height=\"300\" class=\"attachment-thumbnail\" alt=\"\" src=\"https:\/\/www.funiculart.fr\/ressources\/wp-content\/uploads\/2012\/09\/Ben-Bella-1-BD-150x300.jpg\" \/><\/a><\/dt><\/dl>\n\n<dl class=\"gallery-item\"><dt class=\"gallery-icon\">\n\t\t<a class=\"fancybox\" href=\"https:\/\/www.funiculart.fr\/ressources\/wp-content\/uploads\/2012\/09\/Ben-Bella-1-BDef.-1012x1024.jpg\" rel=\"gallery-4\"><img loading=\"lazy\" decoding=\"async\" width=\"150\" height=\"300\" class=\"attachment-thumbnail\" alt=\"\" src=\"https:\/\/www.funiculart.fr\/ressources\/wp-content\/uploads\/2012\/09\/Ben-Bella-1-BDef.-150x300.jpg\" \/><\/a><\/dt><\/dl>\n\n<dl class=\"gallery-item\"><dt class=\"gallery-icon\">\n\t\t<a class=\"fancybox\" href=\"https:\/\/www.funiculart.fr\/ressources\/wp-content\/uploads\/2012\/09\/Templ-oeuvre-dart-2014.jpg\" rel=\"gallery-4\"><img loading=\"lazy\" decoding=\"async\" width=\"150\" height=\"300\" class=\"attachment-thumbnail\" alt=\"\" src=\"https:\/\/www.funiculart.fr\/ressources\/wp-content\/uploads\/2012\/09\/Templ-oeuvre-dart-2014-150x300.jpg\" \/><\/a><\/dt><\/dl>\n\n<\/div><br clear=\"all\" \/><!-- Rendered by FancyBox without labels END -->\n\n<p>Lieu propos\u00e9 par Xavier De Wambrechies<\/p>\n","protected":false},"excerpt":{"rendered":"<p>Le Lions club de Lille P\u00e9v\u00e8le-M\u00e9lantois organise le salon \u00a0\u00bb Templ&rsquo;oeuvre d&rsquo;art\u00a0\u00bb \u00a0chaque ann\u00e9e pendant 3 week-end (en novembre) \u00e0 Templeuve. Mr Dobbelaere, membre du club rencontre chaque artiste et s\u00e9lectionne lui m\u00eame les oeuvres. Les travaux des artistes sont pr\u00e9sent\u00e9s avec le plus grand soin (\u00e9clairage de chaque cimaise, harmonie des couleurs\u2026). Sont accueillis [&hellip;]<\/p>\n","protected":false},"author":1,"featured_media":0,"parent":0,"menu_order":0,"comment_status":"open","ping_status":"open","template":"","meta":{"footnotes":""},"class_list":["post-262","page","type-page","status-publish","hentry"],"aioseo_notices":[],"_links":{"self":[{"href":"https:\/\/www.funiculart.fr\/ressources\/wp-json\/wp\/v2\/pages\/262","targetHints":{"allow":["GET"]}}],"collection":[{"href":"https:\/\/www.funiculart.fr\/ressources\/wp-json\/wp\/v2\/pages"}],"about":[{"href":"https:\/\/www.funiculart.fr\/ressources\/wp-json\/wp\/v2\/types\/page"}],"author":[{"embeddable":true,"href":"https:\/\/www.funiculart.fr\/ressources\/wp-json\/wp\/v2\/users\/1"}],"replies":[{"embeddable":true,"href":"https:\/\/www.funiculart.fr\/ressources\/wp-json\/wp\/v2\/comments?post=262"}],"version-history":[{"count":2,"href":"https:\/\/www.funiculart.fr\/ressources\/wp-json\/wp\/v2\/pages\/262\/revisions"}],"predecessor-version":[{"id":3925,"href":"https:\/\/www.funiculart.fr\/ressources\/wp-json\/wp\/v2\/pages\/262\/revisions\/3925"}],"wp:attachment":[{"href":"https:\/\/www.funiculart.fr\/ressources\/wp-json\/wp\/v2\/media?parent=262"}],"curies":[{"name":"wp","href":"https:\/\/api.w.org\/{rel}","templated":true}]}}