{"id":2613,"date":"2018-06-21T09:14:03","date_gmt":"2018-06-21T07:14:03","guid":{"rendered":"https:\/\/www.funiculart.fr\/ressources\/?page_id=2613"},"modified":"2025-02-18T10:54:26","modified_gmt":"2025-02-18T08:54:26","slug":"modeles-femmes-ou-homme-pour-sculpteurs-et-ou-peintres","status":"publish","type":"page","link":"https:\/\/www.funiculart.fr\/ressources\/modeles-femmes-ou-homme-pour-sculpteurs-et-ou-peintres\/","title":{"rendered":"Mod\u00e8les femmes ou hommes Hauts-de-France et Belgique"},"content":{"rendered":"<h1>Je suis mod\u00e8le \/ je propose mes services :<\/h1>\n<p>Il est parfois difficile (notamment pour les sculpteurs) de trouver un mod\u00e8le. Proposez votre candidature sur Funiculart, ou exprimez vos recherches : n&rsquo;h\u00e9sitez pas, c&rsquo;est gratuit !<\/p>\n<p><strong>Pour supprimer ou changer votre page, merci de prendre contact avec nous directement.\u00a0<\/strong>Cette page contient de nombreux liens avec diff\u00e9rentes propositions et surtout diff\u00e9rents profiles. Nous avons donc mis en place un syst\u00e8me de recherche interne propre \u00e0 funiculart : <strong>\u00ab\u00a0RECHERCHEZ SUR FUNICULART\u00a0\u00bb<\/strong> . Il r\u00e9pondra le mieux possible aux mots cl\u00e9s qui concernent vos attentes : lieux, r\u00e9gions, secteurs etc&#8230; et vous fera gagner du temps !<\/p>\n<h3>Mod\u00e8les r\u00e9gion Hauts-de-France et Belgique cherchent \u00e0 poser :<\/h3>\n<p><a href=\"https:\/\/www.funiculart.fr\/ressources\/delezenne-kelian-pose-sur-lille\/\">-Kelian pose sur Lille (tatou\u00e9).<\/a><br \/>\n<a href=\"https:\/\/www.funiculart.fr\/ressources\/dollfus-nicolas-pose-dans-les-hauts-de-france\/\">-Nicolas pose dans les hauts-de-france.<\/a><br \/>\n<a href=\"https:\/\/www.funiculart.fr\/ressources\/fred-et-clo-region-parisienne-haut-de-france-bourgogne\/\">-Fred et Clo (un couple) posent partout en HDF et \u00e0 Paris.<\/a><br \/>\n<a href=\"https:\/\/www.funiculart.fr\/ressources\/misha-modele-homme-pose-a-dunkerque-et-lille\/\">-Misha mod\u00e8le homme pose \u00e0 Dunkerque et sur Lille.<\/a><br \/>\n<a href=\"https:\/\/www.funiculart.fr\/ressources\/bernard-capliez-de-seclin-59\/\">-Bernard Capliez Seclin-59.<\/a><br \/>\n<a href=\"https:\/\/www.funiculart.fr\/ressources\/colin-dyment-sur-lille\/\">-Colin Dyment pose sur lille.<\/a><br \/>\n<a href=\"https:\/\/www.funiculart.fr\/ressources\/jose-pose-dans-le-nord\/\">-Jos\u00e9 pose dans le Nord de la france.<\/a><br \/>\n<a href=\"https:\/\/www.funiculart.fr\/ressources\/abdel-pose-dans-les-hauts-de-france\/\">-Abdel pose dans les Hauts-de-france.<\/a><br \/>\n<a href=\"https:\/\/www.funiculart.fr\/ressources\/anne-est-dispo-sur-lille-roubaix-tourcoing\/\">-Anne disponible sur Lille Roubaix Tourcoing.<\/a><br \/>\n<a href=\"https:\/\/www.funiculart.fr\/ressources\/valerie-pose-sur-secteur-cote-dopale\/\" target=\"_blank\" rel=\"noopener noreferrer\">-Val\u00e9rie se propose en secteur C\u00f4te d&rsquo;Opale.<\/a><br \/>\n<a href=\"https:\/\/www.funiculart.fr\/ressources\/batoum-jjacques-pose-a-la-madeleine\/\">-Jean-Jacques pose \u00e0 La Madeleine. <\/a><br \/>\n<a href=\"https:\/\/www.funiculart.fr\/ressources\/matt-pose-nu-pour-artistes-lillois\/\">-Matt pose sur Lille. <\/a><br \/>\n<a href=\"https:\/\/www.funiculart.fr\/ressources\/pat-modele-dispo-dans-le-nord-et-la-belgique\/\">-Pat est disponible dans le Nord et la Belgique.<\/a><br \/>\n<a href=\"https:\/\/www.funiculart.fr\/ressources\/damien-se-deplace-dans-le-nord-pas-de-calais\/\">-Damien se d\u00e9place sur toute la r\u00e9gion NPDC.<br \/>\n<\/a><a href=\"https:\/\/www.funiculart.fr\/ressources\/cyrielle-pose-en-metropole-lilloise\/\">-Cyrielle pose en m\u00e9tropole Lilloise.<\/a><br \/>\n<a href=\"https:\/\/www.funiculart.fr\/ressources\/michael-vasseur-pose-sur-la-ville-de-calais\/\">-Michael pose sur Calais.<\/a><br \/>\n<a href=\"https:\/\/www.funiculart.fr\/ressources\/leconte-thomas-amiens-picardie\/\">-Thomas est dispo sur Amiens-picardie.<\/a><br \/>\n<a href=\"https:\/\/www.funiculart.fr\/ressources\/cottin-occitane-amiens\/\">-Occitane pose sur le secteur d&rsquo;Amiens.<\/a><br \/>\n<a href=\"https:\/\/www.funiculart.fr\/ressources\/pauline-se-deplace-sur-lille-amiens-saint-quentin-reims-et-soissons\/\">-Pauline pose sur lille-amiens-saint-quentin-reims-et-soissons.<\/a><br \/>\n<a href=\"https:\/\/www.funiculart.fr\/ressources\/grand-laurent-2m07-dans-loise\/\">-Laurent, mod\u00e8le de grande taille : 2m07.<\/a><br \/>\n<a href=\"https:\/\/www.funiculart.fr\/ressources\/frederic-pose-sur-lille-roubaix\/\">-Fr\u00e9d\u00e9ric pose sur Lille et Roubaix.<\/a><br \/>\n<a href=\"https:\/\/www.funiculart.fr\/ressources\/rupart-pose-sur-lille-et-ses-environs\/\">-Rupart de la m\u00e9tropole Lilloise.<\/a><br \/>\n<a href=\"https:\/\/www.funiculart.fr\/ressources\/michelfer-de-caudry\/\">-Michelfer de Caudry, pose dans le nord : Mod\u00e8le exp\u00e9riment\u00e9.<\/a><br \/>\n<a href=\"https:\/\/www.funiculart.fr\/ressources\/olivier-de-lille\/\">-Olivier de Lille<\/a>.<br \/>\n<a href=\"https:\/\/www.funiculart.fr\/ressources\/griset-anthony-modele-artistique-masculin\/\">-Anthony pose sur Lille et le Nord de la France.<\/a><br \/>\n<a href=\"https:\/\/www.funiculart.fr\/ressources\/axel-modele-entre-cambrai-et-valenciennes\/\">-Axel du secteur nord de France entre Cambrai et Valenciennes.<\/a><br \/>\n<a href=\"https:\/\/www.funiculart.fr\/ressources\/regis-hogsonn-modele-sur-region-lilloise\/\">-R\u00e9gis pose sur r\u00e9gion Lilloise.<\/a><br \/>\n<a href=\"https:\/\/www.funiculart.fr\/ressources\/jean-renaud-toussent-modele-pour-artistes\/\">-Jean-Renaud pose pour vous dans le nord Pas-de-Calais.<\/a><br \/>\n<a href=\"https:\/\/www.funiculart.fr\/ressources\/mareva-cherche-artistes-pour-poser\/\">-Mar\u00e9va mod\u00e8le m\u00e9tisse de 21 ans dispo sur Lille.<\/a><br \/>\n<a href=\"https:\/\/www.funiculart.fr\/ressources\/thierry-modele-pour-peintres-ou-sculpteurs-pas-de-calais\/\">-Thierry pose dans le secteur du Pas-de-Calais et en France.<\/a><br \/>\n<a href=\"https:\/\/www.funiculart.fr\/ressources\/spruyt-damien-modele\/\">-Je pose pour les artistes : Spruyt Damien de Lille.<\/a><br \/>\n<a href=\"https:\/\/www.funiculart.fr\/ressources\/catalin-oprea-modele-homme-pour-artistes\/\">-Catalin mod\u00e8le homme 29 ans.<\/a><br \/>\n<a href=\"https:\/\/www.funiculart.fr\/ressources\/john-men-modele-experimente-pour-artistes\/\">-John, mod\u00e8le exp\u00e9riment\u00e9 secteur Ile de France, Normandie, Nord Picardie.<\/a><br \/>\n<a href=\"https:\/\/www.funiculart.fr\/ressources\/modele-origina-africaine-en-picardie-soissons\/\">-Maimouna pose dans la r\u00e9gion picarde.<\/a><br \/>\n<a href=\"https:\/\/www.funiculart.fr\/ressources\/anais-20-ans-pose-en-idf-et-picardie-oise\/\">-Anais pose en r\u00e9gion OISE.<\/a><br \/>\n<a href=\"https:\/\/www.funiculart.fr\/ressources\/izaora-modele-en-picardie\/\">-Izaora est modele en Picardie.<\/a><br \/>\n<a href=\"https:\/\/www.funiculart.fr\/ressources\/gilbert-stephane-pose-en-belgique\/\">-Gilbert St\u00e9phane pose en Belgique et HDF.<\/a><br \/>\n<a href=\"https:\/\/www.funiculart.fr\/ressources\/yves-anna-dans-le-brabant-wallon\/\">-Yves dans le Brabant Wallon.<\/a><br \/>\n<a href=\"https:\/\/www.funiculart.fr\/ressources\/damien-pose-dans-le-nord-de-la-france-et-en-belgique\/\">-Damien pour le Nord et la Belgique.<\/a><br \/>\n<a href=\"https:\/\/www.funiculart.fr\/ressources\/modele-en-belgique\/\">-Georges mod\u00e8le homme de Belgique.<\/a><br \/>\n<a href=\"https:\/\/www.funiculart.fr\/ressources\/modele-pour-artistes-belges\/\">-Carl pose pour la Belgique.<\/a><br \/>\n<a href=\"https:\/\/www.funiculart.fr\/ressources\/quentin-pose-en-belgique-et-le-nord-de-la-france\/\">-Quentin pose dans le Nord et la Belgique.<\/a><\/p>\n<p>&nbsp;<\/p>\n<hr \/>\n<p>Vous d\u00e9sirez vous aussi poser comme mod\u00e8le, cette aventure est \u00e0 vivre en toute simplicit\u00e9 et pourra vous aider \u00e0 mieux prendre confiance en vous. L&rsquo;Artiste qui vous accueillera saura vous mettre \u00e0 l&rsquo;aise et c&rsquo;est un v\u00e9ritable moment de complicit\u00e9 qui s&rsquo;installera entre vous, lui et ses \u00e9l\u00e8ves. Il vous sera par contre demand\u00e9 une rigueur au niveau de votre disponibilit\u00e9, une assiduit\u00e9 au niveau des poses car tout travail commenc\u00e9 en votre pr\u00e9sence sera mis en \u00e9chec par votre absence&#8230; Le reste ne sera que plaisir et partage !<\/p>\n<p>En cas de changement de situation ou par simple d\u00e9cision de votre part, vous disposez d&rsquo;un droit de retrait de votre annonce. Pour cela merci de la formuler \u00e0 l&rsquo;adresse funiculart@gmail.com<\/p>\n","protected":false},"excerpt":{"rendered":"<p>Je suis mod\u00e8le \/ je propose mes services : Il est parfois difficile (notamment pour les sculpteurs) de trouver un mod\u00e8le. Proposez votre candidature sur Funiculart, ou exprimez vos recherches : n&rsquo;h\u00e9sitez pas, c&rsquo;est gratuit ! Pour supprimer ou changer votre page, merci de prendre contact avec nous directement.\u00a0Cette page contient de nombreux liens avec [&hellip;]<\/p>\n","protected":false},"author":1,"featured_media":0,"parent":0,"menu_order":0,"comment_status":"closed","ping_status":"closed","template":"","meta":{"footnotes":""},"class_list":["post-2613","page","type-page","status-publish","hentry"],"aioseo_notices":[],"_links":{"self":[{"href":"https:\/\/www.funiculart.fr\/ressources\/wp-json\/wp\/v2\/pages\/2613","targetHints":{"allow":["GET"]}}],"collection":[{"href":"https:\/\/www.funiculart.fr\/ressources\/wp-json\/wp\/v2\/pages"}],"about":[{"href":"https:\/\/www.funiculart.fr\/ressources\/wp-json\/wp\/v2\/types\/page"}],"author":[{"embeddable":true,"href":"https:\/\/www.funiculart.fr\/ressources\/wp-json\/wp\/v2\/users\/1"}],"replies":[{"embeddable":true,"href":"https:\/\/www.funiculart.fr\/ressources\/wp-json\/wp\/v2\/comments?post=2613"}],"version-history":[{"count":39,"href":"https:\/\/www.funiculart.fr\/ressources\/wp-json\/wp\/v2\/pages\/2613\/revisions"}],"predecessor-version":[{"id":4208,"href":"https:\/\/www.funiculart.fr\/ressources\/wp-json\/wp\/v2\/pages\/2613\/revisions\/4208"}],"wp:attachment":[{"href":"https:\/\/www.funiculart.fr\/ressources\/wp-json\/wp\/v2\/media?parent=2613"}],"curies":[{"name":"wp","href":"https:\/\/api.w.org\/{rel}","templated":true}]}}