{"id":2599,"date":"2018-06-21T08:46:57","date_gmt":"2018-06-21T06:46:57","guid":{"rendered":"https:\/\/www.funiculart.fr\/ressources\/?page_id=2599"},"modified":"2023-10-23T11:18:19","modified_gmt":"2023-10-23T09:18:19","slug":"galeries-musees-lieux-expositions-nord-pas-de-calais-picardie","status":"publish","type":"page","link":"https:\/\/www.funiculart.fr\/ressources\/galeries-musees-lieux-expositions-nord-pas-de-calais-picardie\/","title":{"rendered":"Galeries mus\u00e9es et Lieux d&rsquo;expositions en Nord, Pas-de-Calais et Picardie (Hauts-de-France)"},"content":{"rendered":"<p><strong>Fonctionnement :<\/strong><br \/>\nCliquez sur le lien d\u00e9sir\u00e9, tous les d\u00e9tails importants autour de l&rsquo;endroit vous seront livr\u00e9s : adresse, contact, avis, photos, etc&#8230; Vous pourrez \u00e9galement poster des messages pour ajouter des d\u00e9tails importants ou approuver \/ d\u00e9sapprouver l&rsquo;endroit&#8230;\u00a0 <strong>Seuls les artistes pourront valoriser ces lieux d&rsquo;expo r\u00e9gionaux.<\/strong><br \/>\n<script async src=\"\/\/pagead2.googlesyndication.com\/pagead\/js\/adsbygoogle.js\"><\/script><br \/>\n<!-- funiculart textuelle --><br \/>\n<ins class=\"adsbygoogle\" style=\"display: block;\" data-ad-client=\"ca-pub-9056633368196356\" data-ad-slot=\"2685689544\" data-ad-format=\"auto\"><\/ins><br \/>\n<script>\n(adsbygoogle = window.adsbygoogle || []).push({});\n<\/script><\/p>\n<p>&nbsp;<\/p>\n<table cellspacing=\"4\" bgcolor=\"#F2F2F2\">\n<tbody>\n<tr>\n<td><a href=\"https:\/\/www.funiculart.fr\/ressources\/la-barjo-salle-dexpo-a-onnaing\/\">\u00ab\u00a0la Barjo\u00a0\u00bb dans une ancienne brasserie \u00e0 Onnaing.<\/a><\/td>\n<td bgcolor=\"#999999\" width=\"68\"><img loading=\"lazy\" decoding=\"async\" src=\"https:\/\/www.funiculart.fr\/logos\/pasdecalais.png\" alt=\"pas de calais\" width=\"68\" height=\"27\" \/><\/td>\n<td bgcolor=\"#999999\" width=\"59\"><img loading=\"lazy\" decoding=\"async\" src=\"https:\/\/www.funiculart.fr\/logos\/gratuit.png\" alt=\"gratuit\" width=\"59\" height=\"27\" \/><\/td>\n<td bgcolor=\"#999999\" width=\"69\"><\/td>\n<\/tr>\n<tr>\n<td><a href=\"https:\/\/www.funiculart.fr\/ressources\/tribunal-de-commerce-de-saint-valery\/\">Tribunal de Commerce de Saint-Valery.<\/a><\/td>\n<td bgcolor=\"#999999\" width=\"68\"><img loading=\"lazy\" decoding=\"async\" class=\"alignnone\" src=\"https:\/\/www.funiculart.fr\/logos\/picardie.png\" alt=\"picardie\" width=\"68\" height=\"27\" \/><\/td>\n<td bgcolor=\"#999999\" width=\"59\"><\/td>\n<td bgcolor=\"#999999\" width=\"69\"><\/td>\n<\/tr>\n<tr>\n<td><a href=\"https:\/\/www.funiculart.fr\/ressources\/galerie-associative-loeil-du-chas-ville-darras\/\">Galerie associative L&rsquo;\u0152il du Chas \u00e0 Arras.<\/a><\/td>\n<td bgcolor=\"#999999\" width=\"68\"><img loading=\"lazy\" decoding=\"async\" src=\"https:\/\/www.funiculart.fr\/logos\/pasdecalais.png\" alt=\"pas de calais\" width=\"68\" height=\"27\" \/><\/td>\n<td bgcolor=\"#999999\" width=\"59\"><\/td>\n<td bgcolor=\"#999999\" width=\"69\"><img loading=\"lazy\" decoding=\"async\" src=\"https:\/\/www.funiculart.fr\/logos\/mda.png\" alt=\"maison artistes\" width=\"68\" height=\"27\" \/><\/td>\n<\/tr>\n<tr>\n<td><a href=\"https:\/\/www.funiculart.fr\/ressources\/exposer-a-loffice-de-tourisme-de-labbevillois\/\">Office de tourisme d&rsquo;Abbeville.<\/a><\/td>\n<td bgcolor=\"#999999\" width=\"68\"><img loading=\"lazy\" decoding=\"async\" src=\"https:\/\/www.funiculart.fr\/logos\/picardie.png\" alt=\"picardie\" width=\"68\" height=\"27\" \/><\/td>\n<td bgcolor=\"#999999\" width=\"59\"><\/td>\n<td bgcolor=\"#999999\" width=\"69\"><\/td>\n<\/tr>\n<tr>\n<td><a href=\"https:\/\/www.funiculart.fr\/ressources\/abbaye-de-belval-rencart\/\">Abbaye de Belval : Renc&rsquo;Art.<\/a><\/td>\n<td bgcolor=\"#999999\" width=\"68\"><img loading=\"lazy\" decoding=\"async\" src=\"https:\/\/www.funiculart.fr\/logos\/pasdecalais.png\" alt=\"pas de calais\" width=\"68\" height=\"27\" \/><\/td>\n<td bgcolor=\"#999999\" width=\"59\"><\/td>\n<td bgcolor=\"#999999\" width=\"69\"><\/td>\n<\/tr>\n<tr>\n<td><a href=\"https:\/\/www.funiculart.fr\/ressources\/le-printemps-des-artistes-village-de-lavaqueresse-02450\/\">Le \u00ab\u00a0Printemps des Artistes\u00a0\u00bb Lavaqueresse.<\/a><\/td>\n<td bgcolor=\"#999999\" width=\"68\"><img loading=\"lazy\" decoding=\"async\" src=\"https:\/\/www.funiculart.fr\/logos\/picardie.png\" alt=\"picardie\" width=\"68\" height=\"27\" \/><\/td>\n<td bgcolor=\"#999999\" width=\"59\"><img loading=\"lazy\" decoding=\"async\" src=\"https:\/\/www.funiculart.fr\/logos\/gratuit.png\" alt=\"gratuit\" width=\"59\" height=\"27\" \/><\/td>\n<td rowspan=\"2\" bgcolor=\"#999999\" width=\"69\"><\/td>\n<\/tr>\n<tr>\n<td><a href=\"https:\/\/www.funiculart.fr\/ressources\/eglise-st-pierre-amiens\/\">L&rsquo;\u00e9glise Saint-Pierre d&rsquo;Amiens.<\/a><\/td>\n<td bgcolor=\"#999999\" width=\"68\"><img loading=\"lazy\" decoding=\"async\" src=\"https:\/\/www.funiculart.fr\/logos\/picardie.png\" alt=\"picardie\" width=\"68\" height=\"27\" \/><\/td>\n<td bgcolor=\"#999999\" width=\"59\"><img loading=\"lazy\" decoding=\"async\" src=\"https:\/\/www.funiculart.fr\/logos\/gratuit.png\" alt=\"gratuit\" width=\"59\" height=\"27\" \/><\/td>\n<\/tr>\n<tr>\n<td><a href=\"https:\/\/www.funiculart.fr\/ressources\/salon-des-peintres-du-touquet-paris-plage\/\">Salon des Peintres du Touquet-Paris-Plage.<\/a><\/td>\n<td bgcolor=\"#999999\" width=\"68\"><img loading=\"lazy\" decoding=\"async\" src=\"https:\/\/www.funiculart.fr\/logos\/pasdecalais.png\" alt=\"pas de calais\" width=\"68\" height=\"27\" \/><\/td>\n<td bgcolor=\"#999999\" width=\"59\"><img loading=\"lazy\" decoding=\"async\" src=\"https:\/\/www.funiculart.fr\/logos\/gratuit.png\" alt=\"gratuit\" width=\"59\" height=\"27\" \/><\/td>\n<td bgcolor=\"#999999\" width=\"69\"><\/td>\n<\/tr>\n<tr>\n<td><a href=\"https:\/\/www.funiculart.fr\/ressources\/pasino-de-saint-amand-les-eaux\/\">\u00ab\u00a0Pasino\u00a0\u00bb de Saint-Amand-les-Eaux :<\/a><\/td>\n<td bgcolor=\"#999999\"><img loading=\"lazy\" decoding=\"async\" src=\"https:\/\/www.funiculart.fr\/logos\/nord.png\" alt=\"nord\" width=\"68\" height=\"27\" \/><\/td>\n<td bgcolor=\"#999999\"><img loading=\"lazy\" decoding=\"async\" src=\"https:\/\/www.funiculart.fr\/logos\/gratuit.png\" alt=\"gratuit\" width=\"59\" height=\"27\" \/><\/td>\n<td bgcolor=\"#999999\"><\/td>\n<\/tr>\n<tr>\n<td><a href=\"https:\/\/www.funiculart.fr\/ressources\/chapelle-saint-pierre-place-adrien-huguet-saint-valery\/\">Chapelle Saint Pierre \u00e0 Saint-Val\u00e9ry-sur-Somme<\/a> :<\/td>\n<td bgcolor=\"#999999\"><img loading=\"lazy\" decoding=\"async\" src=\"https:\/\/www.funiculart.fr\/logos\/picardie.png\" alt=\"picardie\" width=\"68\" height=\"27\" \/><\/td>\n<td bgcolor=\"#999999\"><\/td>\n<td bgcolor=\"#999999\"><\/td>\n<\/tr>\n<tr>\n<td><a href=\"https:\/\/www.funiculart.fr\/ressources\/atelier-capifrance-a-lille\/\">Galerie Capifrance \u00e0 Lille :<\/a><\/td>\n<td bgcolor=\"#999999\"><img loading=\"lazy\" decoding=\"async\" src=\"https:\/\/www.funiculart.fr\/logos\/nord.png\" alt=\"nord\" width=\"68\" height=\"27\" \/><\/td>\n<td bgcolor=\"#999999\"><\/td>\n<td bgcolor=\"#999999\"><\/td>\n<\/tr>\n<tr>\n<td><a href=\"https:\/\/www.funiculart.fr\/ressources\/galerie-excentric-maubeuge\/\">Galerie Excentric Maubeuge : <\/a><\/td>\n<td bgcolor=\"#999999\"><img loading=\"lazy\" decoding=\"async\" src=\"https:\/\/www.funiculart.fr\/logos\/nord.png\" alt=\"nord\" width=\"68\" height=\"27\" \/><\/td>\n<td bgcolor=\"#999999\"><\/td>\n<td bgcolor=\"#999999\"><\/td>\n<\/tr>\n<tr>\n<td><a href=\"https:\/\/www.funiculart.fr\/ressources\/latelier-dencadrement-bailleul\/\">Atelier d&rsquo;encadrement \u00e0 Bailleul : <\/a><\/td>\n<td bgcolor=\"#999999\"><img loading=\"lazy\" decoding=\"async\" src=\"https:\/\/www.funiculart.fr\/logos\/nord.png\" alt=\"nord\" width=\"68\" height=\"27\" \/><\/td>\n<td bgcolor=\"#999999\"><\/td>\n<td bgcolor=\"#999999\"><\/td>\n<\/tr>\n<tr>\n<td><a href=\"https:\/\/www.funiculart.fr\/ressources\/le-chemin-des-arts-a-gravelines\/\">Le Chemin des Arts \u00e0 Gravelines :<\/a><\/td>\n<td bgcolor=\"#999999\"><img loading=\"lazy\" decoding=\"async\" src=\"https:\/\/www.funiculart.fr\/logos\/nord.png\" alt=\"nord\" width=\"68\" height=\"27\" \/><\/td>\n<td bgcolor=\"#999999\"><\/td>\n<td bgcolor=\"#999999\"><\/td>\n<\/tr>\n<tr>\n<td><\/td>\n<td bgcolor=\"#999999\"><\/td>\n<td bgcolor=\"#999999\"><\/td>\n<td bgcolor=\"#999999\"><\/td>\n<\/tr>\n<tr>\n<td><a href=\"https:\/\/www.funiculart.fr\/ressources\/cabaret-saint-omer\/\">Le cabaret \u00e0 Saint Omer : <\/a><\/td>\n<td bgcolor=\"#999999\"><img loading=\"lazy\" decoding=\"async\" src=\"https:\/\/www.funiculart.fr\/logos\/pasdecalais.png\" alt=\"pas de calais\" width=\"68\" height=\"27\" \/><\/td>\n<td bgcolor=\"#999999\"><\/td>\n<td bgcolor=\"#999999\"><\/td>\n<\/tr>\n<tr>\n<td><a href=\"https:\/\/www.funiculart.fr\/ressources\/la-corderie-a-marcq-en-baroeul\/\">La Corderie \u00e0 Marcq en Baroeul :<\/a><\/td>\n<td bgcolor=\"#999999\"><img loading=\"lazy\" decoding=\"async\" src=\"https:\/\/www.funiculart.fr\/logos\/nord.png\" alt=\"nord\" width=\"68\" height=\"27\" \/><\/td>\n<td bgcolor=\"#999999\"><\/td>\n<td bgcolor=\"#999999\"><\/td>\n<\/tr>\n<tr>\n<td><a href=\"https:\/\/www.funiculart.fr\/ressources\/salon-contrastes-ensait-roubaix\/\">Salon Contrastes &#8211; ENSAIT &#8211; Roubaix :<\/a><\/td>\n<td bgcolor=\"#999999\"><img loading=\"lazy\" decoding=\"async\" src=\"https:\/\/www.funiculart.fr\/logos\/nord.png\" alt=\"nord\" width=\"68\" height=\"27\" \/><\/td>\n<td bgcolor=\"#999999\"><img loading=\"lazy\" decoding=\"async\" src=\"https:\/\/www.funiculart.fr\/logos\/gratuit.png\" alt=\"gratuit\" width=\"59\" height=\"27\" \/><\/td>\n<td bgcolor=\"#999999\"><\/td>\n<\/tr>\n<tr>\n<td><a href=\"https:\/\/www.funiculart.fr\/ressources\/la-carderie-atelier-de-sculpture-chantal-heuva\/\">LA CARDERIE- atelier de sculpture Villeneuve d&rsquo;Ascq <\/a> :<\/td>\n<td bgcolor=\"#999999\"><img loading=\"lazy\" decoding=\"async\" src=\"https:\/\/www.funiculart.fr\/logos\/nord.png\" alt=\"nord\" width=\"68\" height=\"27\" \/><\/td>\n<td bgcolor=\"#999999\"><img loading=\"lazy\" decoding=\"async\" src=\"https:\/\/www.funiculart.fr\/logos\/gratuit.png\" alt=\"gratuit\" width=\"59\" height=\"27\" \/><\/td>\n<td bgcolor=\"#999999\"><\/td>\n<\/tr>\n<tr>\n<td><a href=\"https:\/\/www.funiculart.fr\/ressources\/galerie-nl-de-saint-omer\/\">Galerie NL de Saint Omer :<\/a><\/td>\n<td bgcolor=\"#999999\"><img loading=\"lazy\" decoding=\"async\" src=\"https:\/\/www.funiculart.fr\/logos\/pasdecalais.png\" alt=\"pas de calais\" width=\"68\" height=\"27\" \/><\/td>\n<td bgcolor=\"#999999\"><\/td>\n<td bgcolor=\"#999999\"><img loading=\"lazy\" decoding=\"async\" src=\"https:\/\/www.funiculart.fr\/logos\/mda.png\" alt=\"maison artistes\" width=\"68\" height=\"27\" \/><\/td>\n<\/tr>\n<tr>\n<td><a href=\"https:\/\/www.funiculart.fr\/ressources\/espace-dexpo-au-club-gay-friendly-a-lille\/\">Freedom Club \u00e0 Lille :<\/a><\/td>\n<td bgcolor=\"#999999\"><img loading=\"lazy\" decoding=\"async\" src=\"https:\/\/www.funiculart.fr\/logos\/nord.png\" alt=\"nord\" width=\"68\" height=\"27\" \/><\/td>\n<td bgcolor=\"#999999\"><img loading=\"lazy\" decoding=\"async\" src=\"https:\/\/www.funiculart.fr\/logos\/gratuit.png\" alt=\"gratuit\" width=\"59\" height=\"27\" \/><\/td>\n<td bgcolor=\"#999999\"><\/td>\n<\/tr>\n<tr>\n<td><a href=\"https:\/\/www.funiculart.fr\/ressources\/la-maison-du-patrimoine-de-gravelines\/\">La Maison du Patrimoine de Gravelines :<\/a><\/td>\n<td bgcolor=\"#999999\"><img loading=\"lazy\" decoding=\"async\" src=\"https:\/\/www.funiculart.fr\/logos\/nord.png\" alt=\"nord\" width=\"68\" height=\"27\" \/><\/td>\n<td bgcolor=\"#999999\"><\/td>\n<td bgcolor=\"#999999\"><\/td>\n<\/tr>\n<tr>\n<td><a href=\"https:\/\/www.funiculart.fr\/ressources\/centre-artistique-francois-mitterrand-a-gravelines\/\">Centre Artistique Fran\u00e7ois Mitterrand \u00e0 Gravelines :<\/a><\/td>\n<td bgcolor=\"#999999\"><img loading=\"lazy\" decoding=\"async\" src=\"https:\/\/www.funiculart.fr\/logos\/nord.png\" alt=\"nord\" width=\"68\" height=\"27\" \/><\/td>\n<td bgcolor=\"#999999\"><\/td>\n<td bgcolor=\"#999999\"><\/td>\n<\/tr>\n<tr>\n<td><a href=\"https:\/\/www.funiculart.fr\/ressources\/galerie-robespierre-de-grande-synthe\/\">Galerie Robespierre de Grande-Synthe :<\/a><\/td>\n<td bgcolor=\"#999999\"><img loading=\"lazy\" decoding=\"async\" src=\"https:\/\/www.funiculart.fr\/logos\/nord.png\" alt=\"nord\" width=\"68\" height=\"27\" \/><\/td>\n<td bgcolor=\"#999999\"><\/td>\n<td bgcolor=\"#999999\"><\/td>\n<\/tr>\n<tr>\n<td><a href=\"https:\/\/www.funiculart.fr\/ressources\/maison-folie-maubeuge\/\">Maison folie Maubeuge :<\/a><\/td>\n<td bgcolor=\"#999999\"><img loading=\"lazy\" decoding=\"async\" src=\"https:\/\/www.funiculart.fr\/logos\/nord.png\" alt=\"nord\" width=\"68\" height=\"27\" \/><\/td>\n<td bgcolor=\"#999999\"><img loading=\"lazy\" decoding=\"async\" src=\"https:\/\/www.funiculart.fr\/logos\/gratuit.png\" alt=\"gratuit\" width=\"59\" height=\"27\" \/><\/td>\n<td bgcolor=\"#999999\"><\/td>\n<\/tr>\n<tr>\n<td><a href=\"https:\/\/www.funiculart.fr\/ressources\/galerie-la-clairon-conde-sur-escaut\/\">Galerie La Clairon, Cond\u00e9 sur l&rsquo;Escaut :<\/a><\/td>\n<td bgcolor=\"#999999\"><img loading=\"lazy\" decoding=\"async\" src=\"https:\/\/www.funiculart.fr\/logos\/nord.png\" alt=\"nord\" width=\"68\" height=\"27\" \/><\/td>\n<td bgcolor=\"#999999\"><img loading=\"lazy\" decoding=\"async\" src=\"https:\/\/www.funiculart.fr\/logos\/gratuit.png\" alt=\"gratuit\" width=\"59\" height=\"27\" \/><\/td>\n<td bgcolor=\"#999999\"><\/td>\n<\/tr>\n<tr>\n<td><a href=\"https:\/\/www.funiculart.fr\/ressources\/salon-des-arts-de-phalempin\/\">Salon des arts de Phalempin : <\/a><\/td>\n<td bgcolor=\"#999999\"><img loading=\"lazy\" decoding=\"async\" src=\"https:\/\/www.funiculart.fr\/logos\/nord.png\" alt=\"pas de calais\" width=\"68\" height=\"27\" \/><\/td>\n<td bgcolor=\"#999999\"><img loading=\"lazy\" decoding=\"async\" src=\"https:\/\/www.funiculart.fr\/logos\/gratuit.png\" alt=\"gratuit\" width=\"59\" height=\"27\" \/><\/td>\n<td bgcolor=\"#999999\"><\/td>\n<\/tr>\n<tr>\n<td><a href=\"https:\/\/www.funiculart.fr\/ressources\/restaurant-galerie-lironie-des-sens-lille\/\">Restaurant Galerie \u00ab\u00a0l&rsquo;ironie des sens\u00a0\u00bb , Lille :<\/a><\/td>\n<td bgcolor=\"#999999\"><img loading=\"lazy\" decoding=\"async\" src=\"https:\/\/www.funiculart.fr\/logos\/nord.png\" alt=\"nord\" width=\"68\" height=\"27\" \/><\/td>\n<td bgcolor=\"#999999\"><\/td>\n<td bgcolor=\"#999999\"><\/td>\n<\/tr>\n<tr>\n<td><a href=\"https:\/\/www.funiculart.fr\/ressources\/lillustration-bar-galerie-a-lille\/\">L&rsquo;Illustration bar galerie \u00e0 Lille :<\/a><\/td>\n<td bgcolor=\"#999999\"><img loading=\"lazy\" decoding=\"async\" src=\"https:\/\/www.funiculart.fr\/logos\/nord.png\" alt=\"nord\" width=\"68\" height=\"27\" \/><\/td>\n<td bgcolor=\"#999999\"><\/td>\n<td bgcolor=\"#999999\"><\/td>\n<\/tr>\n<tr>\n<td><a href=\"https:\/\/www.funiculart.fr\/ressources\/mediatheque-de-saint-etienne-au-mont\/\">M\u00e9diath\u00e8que Saint Etienne au Mont :<\/a><\/td>\n<td bgcolor=\"#999999\"><img loading=\"lazy\" decoding=\"async\" src=\"https:\/\/www.funiculart.fr\/logos\/pasdecalais.png\" alt=\"pas de calais\" width=\"68\" height=\"27\" \/><\/td>\n<td bgcolor=\"#999999\"><img loading=\"lazy\" decoding=\"async\" src=\"https:\/\/www.funiculart.fr\/logos\/gratuit.png\" alt=\"gratuit\" width=\"59\" height=\"27\" \/><\/td>\n<td bgcolor=\"#999999\"><\/td>\n<\/tr>\n<tr>\n<td><a href=\"https:\/\/www.funiculart.fr\/ressources\/rotary-club-de-tourcoing-ouest\/\">Expo du Rotary club de Tourcoing-ouest :<\/a><\/td>\n<td bgcolor=\"#999999\"><img loading=\"lazy\" decoding=\"async\" src=\"https:\/\/www.funiculart.fr\/logos\/nord.png\" alt=\"nord\" width=\"68\" height=\"27\" \/><\/td>\n<td bgcolor=\"#999999\"><\/td>\n<td bgcolor=\"#999999\"><\/td>\n<\/tr>\n<tr>\n<td><a href=\"https:\/\/www.funiculart.fr\/ressources\/lions-club-de-pevele-en-melantois\/\">Lions Club de P\u00e9v\u00e8le M\u00e9lantois : Temploeuvre d&rsquo;Art<\/a><\/td>\n<td bgcolor=\"#999999\"><img loading=\"lazy\" decoding=\"async\" src=\"https:\/\/www.funiculart.fr\/logos\/nord.png\" alt=\"nord\" width=\"68\" height=\"27\" \/><\/td>\n<td bgcolor=\"#999999\"><img loading=\"lazy\" decoding=\"async\" src=\"https:\/\/www.funiculart.fr\/logos\/gratuit.png\" alt=\"gratuit\" width=\"59\" height=\"27\" \/><\/td>\n<td bgcolor=\"#999999\"><\/td>\n<\/tr>\n<tr>\n<td><a href=\"https:\/\/www.funiculart.fr\/ressources\/salon-annuel-du-groupe-artistique-du-calaisis-calais\/\">Salon du groupe artistique du calaisis &#8211; calais :<\/a><\/td>\n<td bgcolor=\"#999999\"><img loading=\"lazy\" decoding=\"async\" src=\"https:\/\/www.funiculart.fr\/logos\/pasdecalais.png\" alt=\"pas de calais\" width=\"68\" height=\"27\" \/><\/td>\n<td bgcolor=\"#999999\"><img loading=\"lazy\" decoding=\"async\" src=\"https:\/\/www.funiculart.fr\/logos\/gratuit.png\" alt=\"gratuit\" width=\"59\" height=\"27\" \/><\/td>\n<td bgcolor=\"#999999\"><\/td>\n<\/tr>\n<tr>\n<td><a href=\"https:\/\/www.funiculart.fr\/ressources\/salles-dexposition-de-larsenal-de-maubeuge\/\">Salles de l&rsquo;Arsenal de Maubeuge :<\/a><\/td>\n<td bgcolor=\"#999999\"><img loading=\"lazy\" decoding=\"async\" src=\"https:\/\/www.funiculart.fr\/logos\/nord.png\" alt=\"nord\" width=\"68\" height=\"27\" \/><\/td>\n<td bgcolor=\"#999999\"><\/td>\n<td bgcolor=\"#999999\"><\/td>\n<\/tr>\n<tr>\n<td><a href=\"https:\/\/www.funiculart.fr\/ressources\/salon-des-arts-a-caudry\/\">Salon des arts \u00e0 Caudry :<\/a><\/td>\n<td bgcolor=\"#999999\"><img loading=\"lazy\" decoding=\"async\" src=\"https:\/\/www.funiculart.fr\/logos\/nord.png\" alt=\"nord\" width=\"68\" height=\"27\" \/><\/td>\n<td bgcolor=\"#999999\"><img loading=\"lazy\" decoding=\"async\" src=\"https:\/\/www.funiculart.fr\/logos\/gratuit.png\" alt=\"gratuit\" width=\"59\" height=\"27\" \/><\/td>\n<td bgcolor=\"#999999\"><\/td>\n<\/tr>\n<tr>\n<td><a href=\"https:\/\/www.funiculart.fr\/ressources\/la-cour-dartistes-de-calais\/\">La cour d&rsquo;artistes \u00e0 Calais :<\/a><\/td>\n<td bgcolor=\"#999999\"><img loading=\"lazy\" decoding=\"async\" src=\"https:\/\/www.funiculart.fr\/logos\/pasdecalais.png\" alt=\"pas de calais\" width=\"68\" height=\"27\" \/><\/td>\n<td bgcolor=\"#999999\"><img loading=\"lazy\" decoding=\"async\" src=\"https:\/\/www.funiculart.fr\/logos\/gratuit.png\" alt=\"gratuit\" width=\"59\" height=\"27\" \/><\/td>\n<td bgcolor=\"#999999\"><\/td>\n<\/tr>\n<tr>\n<td><a href=\"https:\/\/www.funiculart.fr\/ressources\/espace-culturel-franchomme-de-hem\/\">Espace culturel Franchomme \u00e0 Hem :<\/a><\/td>\n<td bgcolor=\"#999999\"><img loading=\"lazy\" decoding=\"async\" src=\"https:\/\/www.funiculart.fr\/logos\/nord.png\" alt=\"nord\" width=\"68\" height=\"27\" \/><\/td>\n<td bgcolor=\"#999999\"><\/td>\n<td bgcolor=\"#999999\"><\/td>\n<\/tr>\n<tr>\n<td><a href=\"https:\/\/www.funiculart.fr\/ressources\/petit-salon-du-grand-format-corbie-somme\/\">Petit salon du grand format \u00e0 Corbie : <\/a><\/td>\n<td bgcolor=\"#999999\"><img loading=\"lazy\" decoding=\"async\" src=\"https:\/\/www.funiculart.fr\/logos\/picardie.png\" alt=\"picardie\" width=\"68\" height=\"27\" \/><\/td>\n<td bgcolor=\"#999999\"><\/td>\n<td bgcolor=\"#999999\"><\/td>\n<\/tr>\n<tr>\n<td><a href=\"https:\/\/www.funiculart.fr\/ressources\/chateau-des-lumieres-a-saint-blimont-picardie\/\">Ch\u00e2teau des lumi\u00e8res \u00e0 Saint-blimont : <\/a><\/td>\n<td bgcolor=\"#999999\"><img loading=\"lazy\" decoding=\"async\" src=\"https:\/\/www.funiculart.fr\/logos\/picardie.png\" alt=\"picardie\" width=\"68\" height=\"27\" \/><\/td>\n<td bgcolor=\"#999999\"><img loading=\"lazy\" decoding=\"async\" src=\"https:\/\/www.funiculart.fr\/logos\/gratuit.png\" alt=\"gratuit\" width=\"59\" height=\"27\" \/><\/td>\n<td bgcolor=\"#999999\"><\/td>\n<\/tr>\n<tr>\n<td><a style=\"font-size: 14.4px;\" href=\"https:\/\/www.funiculart.fr\/ressources\/centre-effel-a-carvin\/\">Centre Effel \u00e0 Carvin :<\/a><\/td>\n<td bgcolor=\"#999999\"><img loading=\"lazy\" decoding=\"async\" src=\"https:\/\/www.funiculart.fr\/logos\/pasdecalais.png\" alt=\"pas de calais\" width=\"68\" height=\"27\" \/><\/td>\n<td bgcolor=\"#999999\"><\/td>\n<td bgcolor=\"#999999\"><\/td>\n<\/tr>\n<tr>\n<td><a style=\"font-size: 14.4px;\" href=\"https:\/\/www.funiculart.fr\/ressources\/galerie-yvert-a-amiens\/\">Galerie Yvert et Tellier \u00e0 Amiens :<\/a><\/td>\n<td bgcolor=\"#999999\"><img loading=\"lazy\" decoding=\"async\" src=\"https:\/\/www.funiculart.fr\/logos\/picardie.png\" alt=\"picardie\" width=\"68\" height=\"27\" \/><\/td>\n<td bgcolor=\"#999999\"><\/td>\n<td bgcolor=\"#999999\"><img loading=\"lazy\" decoding=\"async\" src=\"https:\/\/www.funiculart.fr\/logos\/mda.png\" alt=\"maison artistes\" width=\"68\" height=\"27\" \/><\/td>\n<\/tr>\n<tr>\n<td><\/td>\n<td bgcolor=\"#999999\"><\/td>\n<td bgcolor=\"#999999\"><\/td>\n<td bgcolor=\"#999999\"><\/td>\n<\/tr>\n<tr>\n<td><\/td>\n<td bgcolor=\"#999999\"><\/td>\n<td bgcolor=\"#999999\"><\/td>\n<td bgcolor=\"#999999\"><\/td>\n<\/tr>\n<tr>\n<td><\/td>\n<td><\/td>\n<td><\/td>\n<\/tr>\n<tr>\n<td><\/td>\n<td><\/td>\n<td><\/td>\n<td><\/td>\n<\/tr>\n<tr>\n<td colspan=\"4\" bgcolor=\"#CCCCCC\">Exposer sur le net et dans la presse sp\u00e9cialis\u00e9e :<\/td>\n<\/tr>\n<tr>\n<td><a href=\"https:\/\/www.funiculart.fr\/ressources\/plateforme-artistique-artquid\/\" target=\"_blank\" rel=\"noopener noreferrer\">Plateforme artistique Artquid.<\/a><\/td>\n<td colspan=\"3\" rowspan=\"8\" bgcolor=\"#999999\"><\/td>\n<\/tr>\n<tr>\n<td><a href=\"https:\/\/www.funiculart.fr\/ressources\/le-site-crea-magazine\/\" target=\"_blank\" rel=\"noopener noreferrer\">Le site cr\u00e9a Magazine.<\/a><\/td>\n<\/tr>\n<tr>\n<td><\/td>\n<\/tr>\n<tr>\n<td><\/td>\n<\/tr>\n<tr>\n<td><\/td>\n<\/tr>\n<tr>\n<td><\/td>\n<\/tr>\n<tr>\n<td><\/td>\n<\/tr>\n<tr>\n<td colspan=\"4\" bgcolor=\"#CCCCCC\">Les artistes aiment aussi ces lieux\/plans\/dates, dans le reste de la France et en Belgique :<\/td>\n<\/tr>\n<tr>\n<td><a href=\"https:\/\/www.funiculart.fr\/ressources\/marche-de-lart-de-st-germain-en-laye\/\">Le march\u00e9 de l&rsquo;art de saint Germain-en-laye.<\/a><\/td>\n<td colspan=\"3\" rowspan=\"10\" bgcolor=\"#999999\"><\/td>\n<\/tr>\n<tr>\n<td><a href=\"https:\/\/www.funiculart.fr\/ressources\/le-marche-de-la-creation-de-bastille\/\">Le march\u00e9 de la cr\u00e9ation De Bastille.<\/a><\/td>\n<\/tr>\n<tr>\n<td><a href=\"https:\/\/www.funiculart.fr\/ressources\/la-paile-dor-a-mons-belgique\/\">La Paile d&rsquo;or \u00e0 Mons (Belgique)<\/a>.<\/td>\n<\/tr>\n<tr>\n<td><a href=\"https:\/\/www.funiculart.fr\/ressources\/le-chant-du-fou-a-mons-belgique\/\">Le chant du fou \u00e0 Mons (Belgique).<\/a><\/td>\n<\/tr>\n<tr>\n<td><a href=\"https:\/\/www.funiculart.fr\/ressources\/lestampille-espace-rencontre-a-bruxelles\/\">L&rsquo;estampille\u00a0\u00bbespace-rencontre\u00a0\u00bb \u00e0 Bruxelles (Belgique).<\/a><\/td>\n<\/tr>\n<tr>\n<td><a href=\"https:\/\/www.funiculart.fr\/ressources\/salon-du-parc-des-expositions-cergy-pontoise\/\">Salon du parc des expositions Cergy Pontoise.<\/a><\/td>\n<\/tr>\n<tr>\n<td><a href=\"https:\/\/www.funiculart.fr\/ressources\/salon-automedon-parc-des-expositions-du-bourget\/\">Salon Autom\u00e9don parc des Expositions du Bourget.<\/a><\/td>\n<\/tr>\n<tr>\n<td><a href=\"https:\/\/www.funiculart.fr\/ressources\/espace-dexpo-lentrepot-a-paris\/\">L&rsquo;entrep\u00f4t \u00e0 Paris (14eme).<\/a><\/td>\n<\/tr>\n<tr>\n<td><a href=\"https:\/\/www.funiculart.fr\/ressources\/la-chapelle-du-college-de-la-ville-deu\/\">La chapelle du coll\u00e8ge de la ville d&rsquo; Eu (Normandie)<\/a>.<\/td>\n<\/tr>\n<tr>\n<td><\/td>\n<\/tr>\n<\/tbody>\n<\/table>\n","protected":false},"excerpt":{"rendered":"<p>Fonctionnement : Cliquez sur le lien d\u00e9sir\u00e9, tous les d\u00e9tails importants autour de l&rsquo;endroit vous seront livr\u00e9s : adresse, contact, avis, photos, etc&#8230; Vous pourrez \u00e9galement poster des messages pour ajouter des d\u00e9tails importants ou approuver \/ d\u00e9sapprouver l&rsquo;endroit&#8230;\u00a0 Seuls les artistes pourront valoriser ces lieux d&rsquo;expo r\u00e9gionaux. &nbsp; \u00ab\u00a0la Barjo\u00a0\u00bb dans une ancienne brasserie [&hellip;]<\/p>\n","protected":false},"author":1,"featured_media":0,"parent":0,"menu_order":0,"comment_status":"closed","ping_status":"closed","template":"","meta":{"footnotes":""},"class_list":["post-2599","page","type-page","status-publish","hentry"],"aioseo_notices":[],"_links":{"self":[{"href":"https:\/\/www.funiculart.fr\/ressources\/wp-json\/wp\/v2\/pages\/2599","targetHints":{"allow":["GET"]}}],"collection":[{"href":"https:\/\/www.funiculart.fr\/ressources\/wp-json\/wp\/v2\/pages"}],"about":[{"href":"https:\/\/www.funiculart.fr\/ressources\/wp-json\/wp\/v2\/types\/page"}],"author":[{"embeddable":true,"href":"https:\/\/www.funiculart.fr\/ressources\/wp-json\/wp\/v2\/users\/1"}],"replies":[{"embeddable":true,"href":"https:\/\/www.funiculart.fr\/ressources\/wp-json\/wp\/v2\/comments?post=2599"}],"version-history":[{"count":6,"href":"https:\/\/www.funiculart.fr\/ressources\/wp-json\/wp\/v2\/pages\/2599\/revisions"}],"predecessor-version":[{"id":4113,"href":"https:\/\/www.funiculart.fr\/ressources\/wp-json\/wp\/v2\/pages\/2599\/revisions\/4113"}],"wp:attachment":[{"href":"https:\/\/www.funiculart.fr\/ressources\/wp-json\/wp\/v2\/media?parent=2599"}],"curies":[{"name":"wp","href":"https:\/\/api.w.org\/{rel}","templated":true}]}}