{"id":2310,"date":"2017-02-21T12:00:41","date_gmt":"2017-02-21T10:00:41","guid":{"rendered":"https:\/\/www.funiculart.fr\/ressources\/?page_id=2310"},"modified":"2017-02-21T12:00:41","modified_gmt":"2017-02-21T10:00:41","slug":"souane-kioreo-pose-sur-paris-pour-payer-ses-etudes","status":"publish","type":"page","link":"https:\/\/www.funiculart.fr\/ressources\/souane-kioreo-pose-sur-paris-pour-payer-ses-etudes\/","title":{"rendered":"Souane Kioreo pose sur Paris pour payer ses \u00e9tudes."},"content":{"rendered":"<p>Souane &lt;<a href=\"mailto:souanekioreo@gmail.com\">souanekioreo@gmail.com<\/a>&gt;<\/p>\n<p>Femme costaude de 37 ans.\u00a0Habite en banlieue parisienne dans le 94. Je peux me d\u00e9placer sans aucun soucis.<\/p>\n<p>Je pose\u00a0pour peintres et dessinateurs mais pas pour les photographes.<br \/>\nJe demande 20 euros minimum de l&rsquo;heure, cet argent me permettant de payer mon \u00e9cole de cin\u00e9ma-th\u00e9atre.<br \/>\nJe suis joignable \u00e0 ce num\u00e9ro pour plus de renseignements : 0627347243<br \/>\n\u00c0 bientot<\/p>\n<!-- Rendered by FancyBox without labels BEGIN -->\n\n\t<style type=\"text\/css\">\n\t\t\t\t\t#gallery-0 {\n\t\t\t\t\t\tmargin: auto;\n\t\t\t\t\t}\n\t\t\t\t\t#gallery-0 .gallery-item {\n\t\t\t\t\t\tfloat: left;\n\t\t\t\t\t\tmargin-top: 10px;\n\t\t\t\t\t\ttext-align: center;\n\t\t\t\t\t\twidth: 32%;\n\t\t\t\t\t}\n\t\t\t\t\t#gallery-0 img {\n\t\t\t\t\t\tborder: 2px solid #cfcfcf;\n\t\t\t\t\t}\n\t\t\t\t\t#gallery-0 .gallery-caption {\n\t\t\t\t\t\tmargin-left: 0;\n\t\t\t\t\t}\n\t<\/style>\n<script type=\"text\/javascript\">\n$(document).ready(function() {\n\t\/*\n\t *  Simple image gallery. Uses default settings\n\t *\/\n\n\t$(\".fancybox\").fancybox({\n\t\t\"transitionIn\"\t\t: \"none\",\n\t\t\"transitionOut\"\t\t: \"none\",\n\t\t\"titlePosition\" \t: \"over\"\n\n\t});\n});\n<\/script>\n\n\t<div id=\"gallery-0\" class=\"gallery galleryid-0 gallery-size-thumbnail\" style=\"\"><dl class=\"gallery-item\"><dt class=\"gallery-icon\">\n\t\t<a class=\"fancybox\" href=\"https:\/\/www.funiculart.fr\/ressources\/wp-content\/uploads\/2017\/02\/Souane-kioreo-1-1024x579.jpg\" rel=\"gallery-0\"><img loading=\"lazy\" decoding=\"async\" width=\"150\" height=\"300\" class=\"attachment-thumbnail\" alt=\"\" src=\"https:\/\/www.funiculart.fr\/ressources\/wp-content\/uploads\/2017\/02\/Souane-kioreo-1-150x300.jpg\" \/><\/a><\/dt><\/dl>\n\n<dl class=\"gallery-item\"><dt class=\"gallery-icon\">\n\t\t<a class=\"fancybox\" href=\"https:\/\/www.funiculart.fr\/ressources\/wp-content\/uploads\/2017\/02\/Souane-kioreo-2.jpg\" rel=\"gallery-0\"><img loading=\"lazy\" decoding=\"async\" width=\"150\" height=\"300\" class=\"attachment-thumbnail\" alt=\"\" src=\"https:\/\/www.funiculart.fr\/ressources\/wp-content\/uploads\/2017\/02\/Souane-kioreo-2-150x300.jpg\" \/><\/a><\/dt><\/dl>\n\n<\/div><br clear=\"all\" \/><!-- Rendered by FancyBox without labels END -->\n\n","protected":false},"excerpt":{"rendered":"<p>Souane &lt;souanekioreo@gmail.com&gt; Femme costaude de 37 ans.\u00a0Habite en banlieue parisienne dans le 94. Je peux me d\u00e9placer sans aucun soucis. Je pose\u00a0pour peintres et dessinateurs mais pas pour les photographes. Je demande 20 euros minimum de l&rsquo;heure, cet argent me permettant de payer mon \u00e9cole de cin\u00e9ma-th\u00e9atre. Je suis joignable \u00e0 ce num\u00e9ro pour plus [&hellip;]<\/p>\n","protected":false},"author":1,"featured_media":0,"parent":0,"menu_order":0,"comment_status":"closed","ping_status":"closed","template":"","meta":{"footnotes":""},"class_list":["post-2310","page","type-page","status-publish","hentry"],"aioseo_notices":[],"_links":{"self":[{"href":"https:\/\/www.funiculart.fr\/ressources\/wp-json\/wp\/v2\/pages\/2310","targetHints":{"allow":["GET"]}}],"collection":[{"href":"https:\/\/www.funiculart.fr\/ressources\/wp-json\/wp\/v2\/pages"}],"about":[{"href":"https:\/\/www.funiculart.fr\/ressources\/wp-json\/wp\/v2\/types\/page"}],"author":[{"embeddable":true,"href":"https:\/\/www.funiculart.fr\/ressources\/wp-json\/wp\/v2\/users\/1"}],"replies":[{"embeddable":true,"href":"https:\/\/www.funiculart.fr\/ressources\/wp-json\/wp\/v2\/comments?post=2310"}],"version-history":[{"count":0,"href":"https:\/\/www.funiculart.fr\/ressources\/wp-json\/wp\/v2\/pages\/2310\/revisions"}],"wp:attachment":[{"href":"https:\/\/www.funiculart.fr\/ressources\/wp-json\/wp\/v2\/media?parent=2310"}],"curies":[{"name":"wp","href":"https:\/\/api.w.org\/{rel}","templated":true}]}}