{"id":2293,"date":"2017-02-21T11:32:37","date_gmt":"2017-02-21T09:32:37","guid":{"rendered":"https:\/\/www.funiculart.fr\/ressources\/?page_id=2293"},"modified":"2017-02-21T11:32:37","modified_gmt":"2017-02-21T09:32:37","slug":"stephane-sculpteur-cherche-modele","status":"publish","type":"page","link":"https:\/\/www.funiculart.fr\/ressources\/stephane-sculpteur-cherche-modele\/","title":{"rendered":"St\u00e9phane sculpteur cherche mod\u00e8le"},"content":{"rendered":"<p>stephane &lt;<a href=\"mailto:landes5967@gmail.com\">landes5967@gmail.com<\/a>&gt;<\/p>\n<p>je cherche un mod\u00e8le homme.<br \/>\nbonjour, je suis sculpteur et je cherche un jeune homme brun, ou m\u00e9tis ou noir. Je propose une s\u00e9ance de plusieurs jours (h\u00e9berg\u00e9) . En toute confiance. Aquitaine, dans un tr\u00e8s bel endroit. Conditions \u00e0 discuter.<\/p>\n","protected":false},"excerpt":{"rendered":"<p>stephane &lt;landes5967@gmail.com&gt; je cherche un mod\u00e8le homme. bonjour, je suis sculpteur et je cherche un jeune homme brun, ou m\u00e9tis ou noir. Je propose une s\u00e9ance de plusieurs jours (h\u00e9berg\u00e9) . En toute confiance. Aquitaine, dans un tr\u00e8s bel endroit. Conditions \u00e0 discuter.<\/p>\n","protected":false},"author":1,"featured_media":0,"parent":0,"menu_order":0,"comment_status":"closed","ping_status":"closed","template":"","meta":{"footnotes":""},"class_list":["post-2293","page","type-page","status-publish","hentry"],"aioseo_notices":[],"_links":{"self":[{"href":"https:\/\/www.funiculart.fr\/ressources\/wp-json\/wp\/v2\/pages\/2293","targetHints":{"allow":["GET"]}}],"collection":[{"href":"https:\/\/www.funiculart.fr\/ressources\/wp-json\/wp\/v2\/pages"}],"about":[{"href":"https:\/\/www.funiculart.fr\/ressources\/wp-json\/wp\/v2\/types\/page"}],"author":[{"embeddable":true,"href":"https:\/\/www.funiculart.fr\/ressources\/wp-json\/wp\/v2\/users\/1"}],"replies":[{"embeddable":true,"href":"https:\/\/www.funiculart.fr\/ressources\/wp-json\/wp\/v2\/comments?post=2293"}],"version-history":[{"count":0,"href":"https:\/\/www.funiculart.fr\/ressources\/wp-json\/wp\/v2\/pages\/2293\/revisions"}],"wp:attachment":[{"href":"https:\/\/www.funiculart.fr\/ressources\/wp-json\/wp\/v2\/media?parent=2293"}],"curies":[{"name":"wp","href":"https:\/\/api.w.org\/{rel}","templated":true}]}}