{"id":2198,"date":"2016-11-28T17:05:42","date_gmt":"2016-11-28T15:05:42","guid":{"rendered":"https:\/\/www.funiculart.fr\/ressources\/?page_id=2198"},"modified":"2016-11-28T17:05:42","modified_gmt":"2016-11-28T15:05:42","slug":"pat-modele-dispo-dans-le-nord-et-la-belgique","status":"publish","type":"page","link":"https:\/\/www.funiculart.fr\/ressources\/pat-modele-dispo-dans-le-nord-et-la-belgique\/","title":{"rendered":"Pat mod\u00e8le dispo dans le nord et la Belgique"},"content":{"rendered":"<p>Pat &lt;<a href=\"mailto:pat.modelevivant@gmail.com\">pat.modelevivant@gmail.com<\/a>&gt;<\/p>\n<p>Modele vivant<br \/>\nBonjour,<\/p>\n<p>Je me propose comme mod\u00e8le vivant, grand mince -1m87\/88kg ch\u00e2tain aux yeux bleus, tr\u00e8s dessin\u00e9, pour nu artistique en dessin, peinture, sculpture, bodypaint et photographie, pour ateliers priv\u00e9s ou collectifs, d\u00e9butants ou avanc\u00e9s. Exp\u00e9rience relative acquise depuis 13 ans au gr\u00e9 de la demande pour divers Ateliers priv\u00e9s et Acad\u00e9mies.<\/p>\n<p>J&rsquo;accepte toute proposition de th\u00e8me, n&rsquo;h\u00e9sitez pas a me contacter!<\/p>\n<p>Je me d\u00e9place partout en Belgique et le Nord de la France.<br \/>\nArtistiquement v\u00f4tre!<\/p>\n<p>Pat<\/p>\n<!-- Rendered by FancyBox without labels BEGIN -->\n\n\t<style type=\"text\/css\">\n\t\t\t\t\t#gallery-0 {\n\t\t\t\t\t\tmargin: auto;\n\t\t\t\t\t}\n\t\t\t\t\t#gallery-0 .gallery-item {\n\t\t\t\t\t\tfloat: left;\n\t\t\t\t\t\tmargin-top: 10px;\n\t\t\t\t\t\ttext-align: center;\n\t\t\t\t\t\twidth: 32%;\n\t\t\t\t\t}\n\t\t\t\t\t#gallery-0 img {\n\t\t\t\t\t\tborder: 2px solid #cfcfcf;\n\t\t\t\t\t}\n\t\t\t\t\t#gallery-0 .gallery-caption {\n\t\t\t\t\t\tmargin-left: 0;\n\t\t\t\t\t}\n\t<\/style>\n<script type=\"text\/javascript\">\n$(document).ready(function() {\n\t\/*\n\t *  Simple image gallery. Uses default settings\n\t *\/\n\n\t$(\".fancybox\").fancybox({\n\t\t\"transitionIn\"\t\t: \"none\",\n\t\t\"transitionOut\"\t\t: \"none\",\n\t\t\"titlePosition\" \t: \"over\"\n\n\t});\n});\n<\/script>\n\n\t<div id=\"gallery-0\" class=\"gallery galleryid-0 gallery-size-thumbnail\" style=\"\"><dl class=\"gallery-item\"><dt class=\"gallery-icon\">\n\t\t<a class=\"fancybox\" href=\"https:\/\/www.funiculart.fr\/ressources\/wp-content\/uploads\/2016\/11\/pat-lille-1024x768.jpg\" rel=\"gallery-0\"><img loading=\"lazy\" decoding=\"async\" width=\"150\" height=\"300\" class=\"attachment-thumbnail\" alt=\"\" src=\"https:\/\/www.funiculart.fr\/ressources\/wp-content\/uploads\/2016\/11\/pat-lille-150x300.jpg\" \/><\/a><\/dt><\/dl>\n\n<dl class=\"gallery-item\"><dt class=\"gallery-icon\">\n\t\t<a class=\"fancybox\" href=\"https:\/\/www.funiculart.fr\/ressources\/wp-content\/uploads\/2016\/11\/pat.jpg\" rel=\"gallery-0\"><img loading=\"lazy\" decoding=\"async\" width=\"150\" height=\"300\" class=\"attachment-thumbnail\" alt=\"\" src=\"https:\/\/www.funiculart.fr\/ressources\/wp-content\/uploads\/2016\/11\/pat-150x300.jpg\" \/><\/a><\/dt><\/dl>\n\n<dl class=\"gallery-item\"><dt class=\"gallery-icon\">\n\t\t<a class=\"fancybox\" href=\"https:\/\/www.funiculart.fr\/ressources\/wp-content\/uploads\/2016\/11\/pat-dessin.jpg\" rel=\"gallery-0\"><img loading=\"lazy\" decoding=\"async\" width=\"150\" height=\"300\" class=\"attachment-thumbnail\" alt=\"\" src=\"https:\/\/www.funiculart.fr\/ressources\/wp-content\/uploads\/2016\/11\/pat-dessin-150x300.jpg\" \/><\/a><\/dt><\/dl>\n\n<\/div><br clear=\"all\" \/><!-- Rendered by FancyBox without labels END -->\n\n","protected":false},"excerpt":{"rendered":"<p>Pat &lt;pat.modelevivant@gmail.com&gt; Modele vivant Bonjour, Je me propose comme mod\u00e8le vivant, grand mince -1m87\/88kg ch\u00e2tain aux yeux bleus, tr\u00e8s dessin\u00e9, pour nu artistique en dessin, peinture, sculpture, bodypaint et photographie, pour ateliers priv\u00e9s ou collectifs, d\u00e9butants ou avanc\u00e9s. Exp\u00e9rience relative acquise depuis 13 ans au gr\u00e9 de la demande pour divers Ateliers priv\u00e9s et Acad\u00e9mies. [&hellip;]<\/p>\n","protected":false},"author":1,"featured_media":0,"parent":0,"menu_order":0,"comment_status":"closed","ping_status":"closed","template":"","meta":{"footnotes":""},"class_list":["post-2198","page","type-page","status-publish","hentry"],"aioseo_notices":[],"_links":{"self":[{"href":"https:\/\/www.funiculart.fr\/ressources\/wp-json\/wp\/v2\/pages\/2198","targetHints":{"allow":["GET"]}}],"collection":[{"href":"https:\/\/www.funiculart.fr\/ressources\/wp-json\/wp\/v2\/pages"}],"about":[{"href":"https:\/\/www.funiculart.fr\/ressources\/wp-json\/wp\/v2\/types\/page"}],"author":[{"embeddable":true,"href":"https:\/\/www.funiculart.fr\/ressources\/wp-json\/wp\/v2\/users\/1"}],"replies":[{"embeddable":true,"href":"https:\/\/www.funiculart.fr\/ressources\/wp-json\/wp\/v2\/comments?post=2198"}],"version-history":[{"count":0,"href":"https:\/\/www.funiculart.fr\/ressources\/wp-json\/wp\/v2\/pages\/2198\/revisions"}],"wp:attachment":[{"href":"https:\/\/www.funiculart.fr\/ressources\/wp-json\/wp\/v2\/media?parent=2198"}],"curies":[{"name":"wp","href":"https:\/\/api.w.org\/{rel}","templated":true}]}}