{"id":2196,"date":"2016-11-28T17:01:26","date_gmt":"2016-11-28T15:01:26","guid":{"rendered":"https:\/\/www.funiculart.fr\/ressources\/?page_id=2196"},"modified":"2019-10-30T11:30:12","modified_gmt":"2019-10-30T09:30:12","slug":"cours-darts-plastiques-pour-enfants-a-saint-andre-lez-lille","status":"publish","type":"page","link":"https:\/\/www.funiculart.fr\/ressources\/cours-darts-plastiques-pour-enfants-a-saint-andre-lez-lille\/","title":{"rendered":"cours d&rsquo;arts plastiques pour enfants \u00e0 Saint Andr\u00e9 lez Lille"},"content":{"rendered":"<p>Rouze Catherine &lt;<a href=\"mailto:rouzecath@gmail.com\">rouzecath@gmail.com<\/a>&gt;<br \/>\ncours d&rsquo;arts plastiques pour enfants<\/p>\n<p>l&rsquo;Atelier du Petit Cr\u00e9ateur proposent des cours d&rsquo;Arts Plastiques chaque mercredi de septembre \u00e0 juin hors vacances scolaires.<br \/>\nLes cours ont lieu chaque mercredi de :<br \/>\n9h30 \u00e0 11h30 pour les cours du matin<br \/>\n14h30 \u00e0 16h30 pour les cours de l&rsquo;apr\u00e8s-midi<br \/>\nles cours se d\u00e9roulent au 2 rue des alouettes \u00e0 Saint Andr\u00e9 lez Lille<\/p>\n<p>le tarif annuel pour 33 cours est de 405 \u20ac adh\u00e9sion et mat\u00e9riel inclus<br \/>\npour tous renseignements contactez Catherine Rouz\u00e9 sur <a href=\"mailto:rouzecath@gmail.com\">rouzecath@gmail.com<\/a><\/p>\n","protected":false},"excerpt":{"rendered":"<p>Rouze Catherine &lt;rouzecath@gmail.com&gt; cours d&rsquo;arts plastiques pour enfants l&rsquo;Atelier du Petit Cr\u00e9ateur proposent des cours d&rsquo;Arts Plastiques chaque mercredi de septembre \u00e0 juin hors vacances scolaires. Les cours ont lieu chaque mercredi de : 9h30 \u00e0 11h30 pour les cours du matin 14h30 \u00e0 16h30 pour les cours de l&rsquo;apr\u00e8s-midi les cours se d\u00e9roulent au [&hellip;]<\/p>\n","protected":false},"author":1,"featured_media":0,"parent":0,"menu_order":0,"comment_status":"closed","ping_status":"closed","template":"","meta":{"footnotes":""},"class_list":["post-2196","page","type-page","status-publish","hentry"],"aioseo_notices":[],"_links":{"self":[{"href":"https:\/\/www.funiculart.fr\/ressources\/wp-json\/wp\/v2\/pages\/2196","targetHints":{"allow":["GET"]}}],"collection":[{"href":"https:\/\/www.funiculart.fr\/ressources\/wp-json\/wp\/v2\/pages"}],"about":[{"href":"https:\/\/www.funiculart.fr\/ressources\/wp-json\/wp\/v2\/types\/page"}],"author":[{"embeddable":true,"href":"https:\/\/www.funiculart.fr\/ressources\/wp-json\/wp\/v2\/users\/1"}],"replies":[{"embeddable":true,"href":"https:\/\/www.funiculart.fr\/ressources\/wp-json\/wp\/v2\/comments?post=2196"}],"version-history":[{"count":0,"href":"https:\/\/www.funiculart.fr\/ressources\/wp-json\/wp\/v2\/pages\/2196\/revisions"}],"wp:attachment":[{"href":"https:\/\/www.funiculart.fr\/ressources\/wp-json\/wp\/v2\/media?parent=2196"}],"curies":[{"name":"wp","href":"https:\/\/api.w.org\/{rel}","templated":true}]}}