{"id":2175,"date":"2016-11-28T16:38:38","date_gmt":"2016-11-28T14:38:38","guid":{"rendered":"https:\/\/www.funiculart.fr\/ressources\/?page_id=2175"},"modified":"2017-10-30T07:40:42","modified_gmt":"2017-10-30T05:40:42","slug":"gendret-jean-pierre-cherche-egerie-sur-amiens","status":"publish","type":"page","link":"https:\/\/www.funiculart.fr\/ressources\/gendret-jean-pierre-cherche-egerie-sur-amiens\/","title":{"rendered":"Gendret  jean-pierre cherche \u00e9g\u00e9rie sur Amiens"},"content":{"rendered":"<p>Annonce supprim\u00e9e.<\/p>\n","protected":false},"excerpt":{"rendered":"<p>Annonce supprim\u00e9e.<\/p>\n","protected":false},"author":1,"featured_media":0,"parent":0,"menu_order":0,"comment_status":"closed","ping_status":"closed","template":"","meta":{"footnotes":""},"class_list":["post-2175","page","type-page","status-publish","hentry"],"aioseo_notices":[],"_links":{"self":[{"href":"https:\/\/www.funiculart.fr\/ressources\/wp-json\/wp\/v2\/pages\/2175","targetHints":{"allow":["GET"]}}],"collection":[{"href":"https:\/\/www.funiculart.fr\/ressources\/wp-json\/wp\/v2\/pages"}],"about":[{"href":"https:\/\/www.funiculart.fr\/ressources\/wp-json\/wp\/v2\/types\/page"}],"author":[{"embeddable":true,"href":"https:\/\/www.funiculart.fr\/ressources\/wp-json\/wp\/v2\/users\/1"}],"replies":[{"embeddable":true,"href":"https:\/\/www.funiculart.fr\/ressources\/wp-json\/wp\/v2\/comments?post=2175"}],"version-history":[{"count":0,"href":"https:\/\/www.funiculart.fr\/ressources\/wp-json\/wp\/v2\/pages\/2175\/revisions"}],"wp:attachment":[{"href":"https:\/\/www.funiculart.fr\/ressources\/wp-json\/wp\/v2\/media?parent=2175"}],"curies":[{"name":"wp","href":"https:\/\/api.w.org\/{rel}","templated":true}]}}