{"id":199,"date":"2012-09-10T15:29:53","date_gmt":"2012-09-10T13:29:53","guid":{"rendered":"https:\/\/www.funiculart.fr\/ressources\/?page_id=199"},"modified":"2021-05-26T11:33:03","modified_gmt":"2021-05-26T09:33:03","slug":"galerie-robespierre-de-grande-synthe","status":"publish","type":"page","link":"https:\/\/www.funiculart.fr\/ressources\/galerie-robespierre-de-grande-synthe\/","title":{"rendered":"Galerie Robespierre de Grande-Synthe"},"content":{"rendered":"<p>La galerie Robespierre de Grande-Synthe se situe place de l&rsquo;Europe (59760). Le lieu est riche et accueillant. En ce qui concerne les ventes, c&rsquo;est selon l&rsquo;appr\u00e9ciation du public. N\u00e9anmoins comme il y a de plus en plus d&rsquo;exposants ce m\u00eame public n&rsquo;a que l&#8217;embarras du choix. Galerie Robespierre : Place de l&rsquo;Europe, 59760 GRANDE-SYNTHE. T\u00e9l. : 03.28.23.66.35 <a href=\"mailto:galerier@ville-grande-synthe.fr\">galerier@ville-grande-synthe.fr<\/a>Gallery is empty!<br \/>\nLieu conseill\u00e9 par Anna Fontiny.<\/p>\n","protected":false},"excerpt":{"rendered":"<p>La galerie Robespierre de Grande-Synthe se situe place de l&rsquo;Europe (59760). Le lieu est riche et accueillant. En ce qui concerne les ventes, c&rsquo;est selon l&rsquo;appr\u00e9ciation du public. N\u00e9anmoins comme il y a de plus en plus d&rsquo;exposants ce m\u00eame public n&rsquo;a que l&#8217;embarras du choix. Galerie Robespierre : Place de l&rsquo;Europe, 59760 GRANDE-SYNTHE. T\u00e9l. [&hellip;]<\/p>\n","protected":false},"author":1,"featured_media":0,"parent":0,"menu_order":0,"comment_status":"open","ping_status":"open","template":"","meta":{"footnotes":""},"class_list":["post-199","page","type-page","status-publish","hentry"],"aioseo_notices":[],"_links":{"self":[{"href":"https:\/\/www.funiculart.fr\/ressources\/wp-json\/wp\/v2\/pages\/199","targetHints":{"allow":["GET"]}}],"collection":[{"href":"https:\/\/www.funiculart.fr\/ressources\/wp-json\/wp\/v2\/pages"}],"about":[{"href":"https:\/\/www.funiculart.fr\/ressources\/wp-json\/wp\/v2\/types\/page"}],"author":[{"embeddable":true,"href":"https:\/\/www.funiculart.fr\/ressources\/wp-json\/wp\/v2\/users\/1"}],"replies":[{"embeddable":true,"href":"https:\/\/www.funiculart.fr\/ressources\/wp-json\/wp\/v2\/comments?post=199"}],"version-history":[{"count":0,"href":"https:\/\/www.funiculart.fr\/ressources\/wp-json\/wp\/v2\/pages\/199\/revisions"}],"wp:attachment":[{"href":"https:\/\/www.funiculart.fr\/ressources\/wp-json\/wp\/v2\/media?parent=199"}],"curies":[{"name":"wp","href":"https:\/\/api.w.org\/{rel}","templated":true}]}}