{"id":190,"date":"2012-09-10T15:00:29","date_gmt":"2012-09-10T13:00:29","guid":{"rendered":"https:\/\/www.funiculart.fr\/ressources\/?page_id=190"},"modified":"2021-05-26T11:32:59","modified_gmt":"2021-05-26T09:32:59","slug":"la-maison-du-patrimoine-de-gravelines","status":"publish","type":"page","link":"https:\/\/www.funiculart.fr\/ressources\/la-maison-du-patrimoine-de-gravelines\/","title":{"rendered":"La Maison du Patrimoine de Gravelines"},"content":{"rendered":"<p>LA MAISON DU PATRIMOINE propose au gr\u00e8s des saisons diverses expositions de qualit\u00e9. Les peintres peuvent y exposer surtout en fin d&rsquo;ann\u00e9e. Pour les contacter :\u00a0Service Groupes, Promotion et Communication ; 2 rue L\u00e9on Blum BP 139 59820 GRAVELINES\u00a0T\u00e9l : 03 28 51 84 84 E-mail : <a href=\"mailto:maisondupatrimoine@wanadoo.fr\">maisondupatrimoine@wanadoo.frGallery is empty!<\/p>\n<p><\/a><\/p>\n<p>Ce lieu d&rsquo;expo est conseill\u00e9 par Anna Fontiny.<\/p>\n","protected":false},"excerpt":{"rendered":"<p>LA MAISON DU PATRIMOINE propose au gr\u00e8s des saisons diverses expositions de qualit\u00e9. Les peintres peuvent y exposer surtout en fin d&rsquo;ann\u00e9e. Pour les contacter :\u00a0Service Groupes, Promotion et Communication ; 2 rue L\u00e9on Blum BP 139 59820 GRAVELINES\u00a0T\u00e9l : 03 28 51 84 84 E-mail : maisondupatrimoine@wanadoo.fr Ce lieu d&rsquo;expo est conseill\u00e9 par Anna [&hellip;]<\/p>\n","protected":false},"author":1,"featured_media":0,"parent":0,"menu_order":0,"comment_status":"open","ping_status":"open","template":"","meta":{"footnotes":""},"class_list":["post-190","page","type-page","status-publish","hentry"],"aioseo_notices":[],"_links":{"self":[{"href":"https:\/\/www.funiculart.fr\/ressources\/wp-json\/wp\/v2\/pages\/190","targetHints":{"allow":["GET"]}}],"collection":[{"href":"https:\/\/www.funiculart.fr\/ressources\/wp-json\/wp\/v2\/pages"}],"about":[{"href":"https:\/\/www.funiculart.fr\/ressources\/wp-json\/wp\/v2\/types\/page"}],"author":[{"embeddable":true,"href":"https:\/\/www.funiculart.fr\/ressources\/wp-json\/wp\/v2\/users\/1"}],"replies":[{"embeddable":true,"href":"https:\/\/www.funiculart.fr\/ressources\/wp-json\/wp\/v2\/comments?post=190"}],"version-history":[{"count":0,"href":"https:\/\/www.funiculart.fr\/ressources\/wp-json\/wp\/v2\/pages\/190\/revisions"}],"wp:attachment":[{"href":"https:\/\/www.funiculart.fr\/ressources\/wp-json\/wp\/v2\/media?parent=190"}],"curies":[{"name":"wp","href":"https:\/\/api.w.org\/{rel}","templated":true}]}}