{"id":1792,"date":"2015-11-12T18:10:30","date_gmt":"2015-11-12T16:10:30","guid":{"rendered":"https:\/\/www.funiculart.fr\/ressources\/?page_id=1792"},"modified":"2019-05-23T13:02:28","modified_gmt":"2019-05-23T11:02:28","slug":"rouaud-cherche-un-modele-sur-alencon","status":"publish","type":"page","link":"https:\/\/www.funiculart.fr\/ressources\/rouaud-cherche-un-modele-sur-alencon\/","title":{"rendered":"Rouaud cherche un mod\u00e8le sur ALENCON"},"content":{"rendered":"<p>ROUAUD &lt;<a href=\"mailto:rouaud-peintre@orange.fr\">rouaud-peintre@orange.fr<\/a>&gt;<\/p>\n<p>Cherche un mod\u00e8le sur ALENCON<br \/>\nMademoiselle, madame,<br \/>\nUn mod\u00e8le \u00e0 proximit\u00e9 d&rsquo;Alen\u00e7on nous int\u00e9resse pour des s\u00e9ances de dessin et peinture. C&rsquo;est tr\u00e8s diff\u00e9rent de la photographie: il faut garder la pose! le nu est souhait\u00e9, sachez toutefois qu&rsquo;on ne vous reconnaitra pas sur nos dessins. (par ailleurs les photos sont interdites, vous conserverez ainsi votre anonymat). Nous sommes un petit groupe d&rsquo;artistes qui fr\u00e9quente aussi\u00a0 le centre d&rsquo;art contemporain d&rsquo;Alen\u00e7on et les beaux-arts du Mans. Les s\u00e9ances se d\u00e9rouleraient \u00e0 Oisseau (10 km sud d&rsquo;Alen\u00e7on). Vous avez devin\u00e9 que cette d\u00e9marche est \u00e0 l&rsquo;inverse, en tous points de celle d&rsquo;un photographe. Si cela vous attire veuillez prendre contact avec nous, merci d&rsquo;avance. Jean-Paul Rouaud.<br \/>\nles s\u00e9ances sont bien s\u00fbr r\u00e9mun\u00e9r\u00e9es.<\/p>\n<!-- Rendered by FancyBox without labels BEGIN -->\n\n\t<style type=\"text\/css\">\n\t\t\t\t\t#gallery-0 {\n\t\t\t\t\t\tmargin: auto;\n\t\t\t\t\t}\n\t\t\t\t\t#gallery-0 .gallery-item {\n\t\t\t\t\t\tfloat: left;\n\t\t\t\t\t\tmargin-top: 10px;\n\t\t\t\t\t\ttext-align: center;\n\t\t\t\t\t\twidth: 32%;\n\t\t\t\t\t}\n\t\t\t\t\t#gallery-0 img {\n\t\t\t\t\t\tborder: 2px solid #cfcfcf;\n\t\t\t\t\t}\n\t\t\t\t\t#gallery-0 .gallery-caption {\n\t\t\t\t\t\tmargin-left: 0;\n\t\t\t\t\t}\n\t<\/style>\n<script type=\"text\/javascript\">\n$(document).ready(function() {\n\t\/*\n\t *  Simple image gallery. Uses default settings\n\t *\/\n\n\t$(\".fancybox\").fancybox({\n\t\t\"transitionIn\"\t\t: \"none\",\n\t\t\"transitionOut\"\t\t: \"none\",\n\t\t\"titlePosition\" \t: \"over\"\n\n\t});\n});\n<\/script>\n\n\t<div id=\"gallery-0\" class=\"gallery galleryid-0 gallery-size-thumbnail\" style=\"\"><dl class=\"gallery-item\"><dt class=\"gallery-icon\">\n\t\t<a class=\"fancybox\" href=\"https:\/\/www.funiculart.fr\/ressources\/wp-content\/uploads\/2019\/05\/nu-dehanche-gauche-677x1024.jpg\" rel=\"gallery-0\"><img loading=\"lazy\" decoding=\"async\" width=\"150\" height=\"300\" class=\"attachment-thumbnail\" alt=\"\" src=\"https:\/\/www.funiculart.fr\/ressources\/wp-content\/uploads\/2019\/05\/nu-dehanche-gauche-150x300.jpg\" \/><\/a><\/dt><\/dl>\n\n<dl class=\"gallery-item\"><dt class=\"gallery-icon\">\n\t\t<a class=\"fancybox\" href=\"https:\/\/www.funiculart.fr\/ressources\/wp-content\/uploads\/2019\/05\/Nu-grise-666x1024.jpg\" rel=\"gallery-0\"><img loading=\"lazy\" decoding=\"async\" width=\"150\" height=\"300\" class=\"attachment-thumbnail\" alt=\"\" src=\"https:\/\/www.funiculart.fr\/ressources\/wp-content\/uploads\/2019\/05\/Nu-grise-150x300.jpg\" \/><\/a><\/dt><\/dl>\n\n<dl class=\"gallery-item\"><dt class=\"gallery-icon\">\n\t\t<a class=\"fancybox\" href=\"https:\/\/www.funiculart.fr\/ressources\/wp-content\/uploads\/2019\/05\/20161017-patrick-768x1024.jpg\" rel=\"gallery-0\"><img loading=\"lazy\" decoding=\"async\" width=\"150\" height=\"300\" class=\"attachment-thumbnail\" alt=\"\" src=\"https:\/\/www.funiculart.fr\/ressources\/wp-content\/uploads\/2019\/05\/20161017-patrick-150x300.jpg\" \/><\/a><\/dt><\/dl>\n\n<\/div><br clear=\"all\" \/><!-- Rendered by FancyBox without labels END -->\n\n","protected":false},"excerpt":{"rendered":"<p>ROUAUD &lt;rouaud-peintre@orange.fr&gt; Cherche un mod\u00e8le sur ALENCON Mademoiselle, madame, Un mod\u00e8le \u00e0 proximit\u00e9 d&rsquo;Alen\u00e7on nous int\u00e9resse pour des s\u00e9ances de dessin et peinture. C&rsquo;est tr\u00e8s diff\u00e9rent de la photographie: il faut garder la pose! le nu est souhait\u00e9, sachez toutefois qu&rsquo;on ne vous reconnaitra pas sur nos dessins. (par ailleurs les photos sont interdites, vous [&hellip;]<\/p>\n","protected":false},"author":1,"featured_media":0,"parent":0,"menu_order":0,"comment_status":"closed","ping_status":"closed","template":"","meta":{"footnotes":""},"class_list":["post-1792","page","type-page","status-publish","hentry"],"aioseo_notices":[],"_links":{"self":[{"href":"https:\/\/www.funiculart.fr\/ressources\/wp-json\/wp\/v2\/pages\/1792","targetHints":{"allow":["GET"]}}],"collection":[{"href":"https:\/\/www.funiculart.fr\/ressources\/wp-json\/wp\/v2\/pages"}],"about":[{"href":"https:\/\/www.funiculart.fr\/ressources\/wp-json\/wp\/v2\/types\/page"}],"author":[{"embeddable":true,"href":"https:\/\/www.funiculart.fr\/ressources\/wp-json\/wp\/v2\/users\/1"}],"replies":[{"embeddable":true,"href":"https:\/\/www.funiculart.fr\/ressources\/wp-json\/wp\/v2\/comments?post=1792"}],"version-history":[{"count":0,"href":"https:\/\/www.funiculart.fr\/ressources\/wp-json\/wp\/v2\/pages\/1792\/revisions"}],"wp:attachment":[{"href":"https:\/\/www.funiculart.fr\/ressources\/wp-json\/wp\/v2\/media?parent=1792"}],"curies":[{"name":"wp","href":"https:\/\/api.w.org\/{rel}","templated":true}]}}