{"id":169,"date":"2012-09-07T19:12:22","date_gmt":"2012-09-07T17:12:22","guid":{"rendered":"https:\/\/www.funiculart.fr\/ressources\/?page_id=169"},"modified":"2021-05-26T11:32:24","modified_gmt":"2021-05-26T09:32:24","slug":"salon-contrastes-ensait-roubaix","status":"publish","type":"page","link":"https:\/\/www.funiculart.fr\/ressources\/salon-contrastes-ensait-roubaix\/","title":{"rendered":"Salon Contrastes &#8211; ENSAIT &#8211; Roubaix"},"content":{"rendered":"<p>Le salon CONTRASTES &#8211; ENSAIT- ROUBAIX se tient avenue Jean-Baptiste Lebas \u00e0 Roubaix.<br \/>\nUne expo organis\u00e9e par le Rotary club Roubaix-Est qui a lieu tous les 2 ans en Mars, pendant 2 jours et demi. Expo collective \u00e0 but caritatif sur laquelle on notera les points positifs suivants : <strong>tr\u00e8s bonne communication<\/strong>, bonne organisation sur un petit p\u00e9rim\u00e8tre individuel qu&rsquo;on am\u00e9nage \u00e0 son besoin ( suffisant \u00e0 condition de pas vouloir en mettre trop). L&rsquo;\u00e9change entre artistes y est propice. Beaucoup, beaucoup de monde avec d&rsquo;excellentes retomb\u00e9es ! Le local de l&rsquo;ENSAIT \u00e0 Roubaix est superbe : monument class\u00e9.Gratuit pour l&rsquo;artiste, \u00e0 ces conditions : 25 % laiss\u00e9 pour le Rotary par \u0153uvre vendue, 1 \u0153uvre \u00e0 titre de don pour la vente aux ench\u00e8res organis\u00e9e pendant le salon.<\/p>\n<p>Seul b\u00e9mol : la vente aux ench\u00e8res n&rsquo;est (pour le moment) pas assez mise en valeur. N\u00e9anmoins cela va \u00eatre am\u00e9lior\u00e9.<\/p>\n<p>Contact : Monsieur Olivier Thomas <a href=\"mailto:Oliv.thom@neuf.fr\">Oliv.thom@neuf.fr<\/a><img loading=\"lazy\" decoding=\"async\" class=\"aligncenter size-medium wp-image-170\" title=\"Salon Contraste \u00e0 Roubaix\" src=\"https:\/\/www.funiculart.fr\/ressources\/wp-content\/uploads\/2012\/09\/CUC-300x249.jpg\" alt=\"\" width=\"300\" height=\"249\" srcset=\"https:\/\/www.funiculart.fr\/ressources\/wp-content\/uploads\/2012\/09\/CUC-300x249.jpg 300w, https:\/\/www.funiculart.fr\/ressources\/wp-content\/uploads\/2012\/09\/CUC-600x498.jpg 600w, https:\/\/www.funiculart.fr\/ressources\/wp-content\/uploads\/2012\/09\/CUC.jpg 654w\" sizes=\"auto, (max-width: 300px) 100vw, 300px\" \/><\/p>\n<p>Lieu propos\u00e9 par Chantal Cheuva.<\/p>\n","protected":false},"excerpt":{"rendered":"<p>Le salon CONTRASTES &#8211; ENSAIT- ROUBAIX se tient avenue Jean-Baptiste Lebas \u00e0 Roubaix. Une expo organis\u00e9e par le Rotary club Roubaix-Est qui a lieu tous les 2 ans en Mars, pendant 2 jours et demi. Expo collective \u00e0 but caritatif sur laquelle on notera les points positifs suivants : tr\u00e8s bonne communication, bonne organisation sur [&hellip;]<\/p>\n","protected":false},"author":1,"featured_media":0,"parent":0,"menu_order":0,"comment_status":"open","ping_status":"open","template":"","meta":{"footnotes":""},"class_list":["post-169","page","type-page","status-publish","hentry"],"aioseo_notices":[],"_links":{"self":[{"href":"https:\/\/www.funiculart.fr\/ressources\/wp-json\/wp\/v2\/pages\/169","targetHints":{"allow":["GET"]}}],"collection":[{"href":"https:\/\/www.funiculart.fr\/ressources\/wp-json\/wp\/v2\/pages"}],"about":[{"href":"https:\/\/www.funiculart.fr\/ressources\/wp-json\/wp\/v2\/types\/page"}],"author":[{"embeddable":true,"href":"https:\/\/www.funiculart.fr\/ressources\/wp-json\/wp\/v2\/users\/1"}],"replies":[{"embeddable":true,"href":"https:\/\/www.funiculart.fr\/ressources\/wp-json\/wp\/v2\/comments?post=169"}],"version-history":[{"count":0,"href":"https:\/\/www.funiculart.fr\/ressources\/wp-json\/wp\/v2\/pages\/169\/revisions"}],"wp:attachment":[{"href":"https:\/\/www.funiculart.fr\/ressources\/wp-json\/wp\/v2\/media?parent=169"}],"curies":[{"name":"wp","href":"https:\/\/api.w.org\/{rel}","templated":true}]}}