{"id":1673,"date":"2015-08-31T16:13:08","date_gmt":"2015-08-31T14:13:08","guid":{"rendered":"https:\/\/www.funiculart.fr\/ressources\/?page_id=1673"},"modified":"2019-08-27T07:39:36","modified_gmt":"2019-08-27T05:39:36","slug":"atelier-herlanes-montreuil-bellay","status":"publish","type":"page","link":"https:\/\/www.funiculart.fr\/ressources\/atelier-herlanes-montreuil-bellay\/","title":{"rendered":"Atelier Herla\u00f1es Montreuil Bellay"},"content":{"rendered":"<p>Atelier Herla\u00f1es &lt;<a href=\"mailto:herlanes@herlanes.com\">herlanes@herlanes.com<\/a>&gt;<\/p>\n<p>www.herlanes.com<br \/>\nAtelier de peinture cherche mod\u00e8le homme ou femme \u00e0 peindre en 4 s\u00e9ances de 4\/5 h . R\u00e9alisation de portrait uniquement. Atelier situ\u00e9 \u00e0 Montreuil Bellay, dans les environs de Saumur. P\u00e9riode souhait\u00e9e, mi- ao\u00fbt\/ d\u00e9but septembre.\u00a0 Merci de me contacter par mail pour les modalit\u00e9s.<\/p>\n<p><a href=\"https:\/\/www.funiculart.fr\/ressources\/wp-content\/uploads\/2015\/08\/dsc_0131-reduit-40.jpg\"><img loading=\"lazy\" decoding=\"async\" class=\"aligncenter wp-image-1674 size-large\" src=\"https:\/\/www.funiculart.fr\/ressources\/wp-content\/uploads\/2015\/08\/dsc_0131-reduit-40-1024x683.jpg\" alt=\"Atelier Herla\u00f1es\" width=\"630\" height=\"420\" srcset=\"https:\/\/www.funiculart.fr\/ressources\/wp-content\/uploads\/2015\/08\/dsc_0131-reduit-40-1024x683.jpg 1024w, https:\/\/www.funiculart.fr\/ressources\/wp-content\/uploads\/2015\/08\/dsc_0131-reduit-40-600x400.jpg 600w\" sizes=\"auto, (max-width: 630px) 100vw, 630px\" \/><\/a><\/p>\n","protected":false},"excerpt":{"rendered":"<p>Atelier Herla\u00f1es &lt;herlanes@herlanes.com&gt; www.herlanes.com Atelier de peinture cherche mod\u00e8le homme ou femme \u00e0 peindre en 4 s\u00e9ances de 4\/5 h . R\u00e9alisation de portrait uniquement. Atelier situ\u00e9 \u00e0 Montreuil Bellay, dans les environs de Saumur. P\u00e9riode souhait\u00e9e, mi- ao\u00fbt\/ d\u00e9but septembre.\u00a0 Merci de me contacter par mail pour les modalit\u00e9s.<\/p>\n","protected":false},"author":1,"featured_media":0,"parent":0,"menu_order":0,"comment_status":"closed","ping_status":"closed","template":"","meta":{"footnotes":""},"class_list":["post-1673","page","type-page","status-publish","hentry"],"aioseo_notices":[],"_links":{"self":[{"href":"https:\/\/www.funiculart.fr\/ressources\/wp-json\/wp\/v2\/pages\/1673","targetHints":{"allow":["GET"]}}],"collection":[{"href":"https:\/\/www.funiculart.fr\/ressources\/wp-json\/wp\/v2\/pages"}],"about":[{"href":"https:\/\/www.funiculart.fr\/ressources\/wp-json\/wp\/v2\/types\/page"}],"author":[{"embeddable":true,"href":"https:\/\/www.funiculart.fr\/ressources\/wp-json\/wp\/v2\/users\/1"}],"replies":[{"embeddable":true,"href":"https:\/\/www.funiculart.fr\/ressources\/wp-json\/wp\/v2\/comments?post=1673"}],"version-history":[{"count":0,"href":"https:\/\/www.funiculart.fr\/ressources\/wp-json\/wp\/v2\/pages\/1673\/revisions"}],"wp:attachment":[{"href":"https:\/\/www.funiculart.fr\/ressources\/wp-json\/wp\/v2\/media?parent=1673"}],"curies":[{"name":"wp","href":"https:\/\/api.w.org\/{rel}","templated":true}]}}