{"id":1661,"date":"2015-08-31T16:05:43","date_gmt":"2015-08-31T14:05:43","guid":{"rendered":"https:\/\/www.funiculart.fr\/ressources\/?page_id=1661"},"modified":"2017-11-28T13:10:31","modified_gmt":"2017-11-28T11:10:31","slug":"cherche-modele-feminin-sur-marseille","status":"publish","type":"page","link":"https:\/\/www.funiculart.fr\/ressources\/cherche-modele-feminin-sur-marseille\/","title":{"rendered":"Cherche mod\u00e8le f\u00e9minin sur Marseille"},"content":{"rendered":"<p>Annonce supprim\u00e9e<\/p>\n","protected":false},"excerpt":{"rendered":"<p>Annonce supprim\u00e9e<\/p>\n","protected":false},"author":1,"featured_media":0,"parent":0,"menu_order":0,"comment_status":"closed","ping_status":"closed","template":"","meta":{"footnotes":""},"class_list":["post-1661","page","type-page","status-publish","hentry"],"aioseo_notices":[],"_links":{"self":[{"href":"https:\/\/www.funiculart.fr\/ressources\/wp-json\/wp\/v2\/pages\/1661","targetHints":{"allow":["GET"]}}],"collection":[{"href":"https:\/\/www.funiculart.fr\/ressources\/wp-json\/wp\/v2\/pages"}],"about":[{"href":"https:\/\/www.funiculart.fr\/ressources\/wp-json\/wp\/v2\/types\/page"}],"author":[{"embeddable":true,"href":"https:\/\/www.funiculart.fr\/ressources\/wp-json\/wp\/v2\/users\/1"}],"replies":[{"embeddable":true,"href":"https:\/\/www.funiculart.fr\/ressources\/wp-json\/wp\/v2\/comments?post=1661"}],"version-history":[{"count":0,"href":"https:\/\/www.funiculart.fr\/ressources\/wp-json\/wp\/v2\/pages\/1661\/revisions"}],"wp:attachment":[{"href":"https:\/\/www.funiculart.fr\/ressources\/wp-json\/wp\/v2\/media?parent=1661"}],"curies":[{"name":"wp","href":"https:\/\/api.w.org\/{rel}","templated":true}]}}