{"id":1640,"date":"2015-07-21T11:19:01","date_gmt":"2015-07-21T09:19:01","guid":{"rendered":"https:\/\/www.funiculart.fr\/ressources\/?page_id=1640"},"modified":"2015-07-21T11:19:01","modified_gmt":"2015-07-21T09:19:01","slug":"cherche-un-modele-feminin-dans-le-departement-29-finistere-sud","status":"publish","type":"page","link":"https:\/\/www.funiculart.fr\/ressources\/cherche-un-modele-feminin-dans-le-departement-29-finistere-sud\/","title":{"rendered":"Cherche un mod\u00e8le f\u00e9minin dans le d\u00e9partement 29: Finist\u00e8re sud."},"content":{"rendered":"<p>Alain &lt;<a href=\"mailto:alain.vgx@gmail.com\">alain.vgx@gmail.com<\/a>&gt;<\/p>\n<p>Je cherche un mod\u00e8le f\u00e9minin dans le d\u00e9partement 29: Finist\u00e8re sud.<\/p>\n<p><a href=\"https:\/\/www.funiculart.fr\/ressources\/wp-content\/uploads\/2015\/07\/20150714_115654.jpg\"><img loading=\"lazy\" decoding=\"async\" class=\"aligncenter size-full wp-image-1641\" src=\"https:\/\/www.funiculart.fr\/ressources\/wp-content\/uploads\/2015\/07\/20150714_115654.jpg\" alt=\"Alain vgx\" width=\"640\" height=\"480\" srcset=\"https:\/\/www.funiculart.fr\/ressources\/wp-content\/uploads\/2015\/07\/20150714_115654.jpg 640w, https:\/\/www.funiculart.fr\/ressources\/wp-content\/uploads\/2015\/07\/20150714_115654-533x400.jpg 533w, https:\/\/www.funiculart.fr\/ressources\/wp-content\/uploads\/2015\/07\/20150714_115654-600x450.jpg 600w\" sizes=\"auto, (max-width: 640px) 100vw, 640px\" \/><\/a><\/p>\n","protected":false},"excerpt":{"rendered":"<p>Alain &lt;alain.vgx@gmail.com&gt; Je cherche un mod\u00e8le f\u00e9minin dans le d\u00e9partement 29: Finist\u00e8re sud.<\/p>\n","protected":false},"author":1,"featured_media":0,"parent":0,"menu_order":0,"comment_status":"open","ping_status":"open","template":"","meta":{"footnotes":""},"class_list":["post-1640","page","type-page","status-publish","hentry"],"aioseo_notices":[],"_links":{"self":[{"href":"https:\/\/www.funiculart.fr\/ressources\/wp-json\/wp\/v2\/pages\/1640","targetHints":{"allow":["GET"]}}],"collection":[{"href":"https:\/\/www.funiculart.fr\/ressources\/wp-json\/wp\/v2\/pages"}],"about":[{"href":"https:\/\/www.funiculart.fr\/ressources\/wp-json\/wp\/v2\/types\/page"}],"author":[{"embeddable":true,"href":"https:\/\/www.funiculart.fr\/ressources\/wp-json\/wp\/v2\/users\/1"}],"replies":[{"embeddable":true,"href":"https:\/\/www.funiculart.fr\/ressources\/wp-json\/wp\/v2\/comments?post=1640"}],"version-history":[{"count":0,"href":"https:\/\/www.funiculart.fr\/ressources\/wp-json\/wp\/v2\/pages\/1640\/revisions"}],"wp:attachment":[{"href":"https:\/\/www.funiculart.fr\/ressources\/wp-json\/wp\/v2\/media?parent=1640"}],"curies":[{"name":"wp","href":"https:\/\/api.w.org\/{rel}","templated":true}]}}