{"id":1596,"date":"2015-05-21T11:07:45","date_gmt":"2015-05-21T09:07:45","guid":{"rendered":"https:\/\/www.funiculart.fr\/ressources\/?page_id=1596"},"modified":"2015-05-21T11:07:45","modified_gmt":"2015-05-21T09:07:45","slug":"atelier-de-neuilly-plaisance-cherche-modeles","status":"publish","type":"page","link":"https:\/\/www.funiculart.fr\/ressources\/atelier-de-neuilly-plaisance-cherche-modeles\/","title":{"rendered":"Atelier de Neuilly Plaisance cherche mod\u00e8les"},"content":{"rendered":"<p>SERGE &lt;<a href=\"mailto:bordenaveserge44@gmail.com\">bordenaveserge44@gmail.com<\/a>&gt;<\/p>\n<p>nous sommes toujours \u00e0 la recherche de mod\u00e8les pour notre atelier \u00e0 Neuilly Plaisance : 40 adherants .<\/p>\n<p>Cours les lundi, mercredi et vendredi apr\u00e8s midi et samedi matin soit plus de 15 mod\u00e8les par an , pay\u00e9s 70\u20ac par s\u00e9ance de 3 h<\/p>\n","protected":false},"excerpt":{"rendered":"<p>SERGE &lt;bordenaveserge44@gmail.com&gt; nous sommes toujours \u00e0 la recherche de mod\u00e8les pour notre atelier \u00e0 Neuilly Plaisance : 40 adherants . Cours les lundi, mercredi et vendredi apr\u00e8s midi et samedi matin soit plus de 15 mod\u00e8les par an , pay\u00e9s 70\u20ac par s\u00e9ance de 3 h<\/p>\n","protected":false},"author":1,"featured_media":0,"parent":0,"menu_order":0,"comment_status":"open","ping_status":"open","template":"","meta":{"footnotes":""},"class_list":["post-1596","page","type-page","status-publish","hentry"],"aioseo_notices":[],"_links":{"self":[{"href":"https:\/\/www.funiculart.fr\/ressources\/wp-json\/wp\/v2\/pages\/1596","targetHints":{"allow":["GET"]}}],"collection":[{"href":"https:\/\/www.funiculart.fr\/ressources\/wp-json\/wp\/v2\/pages"}],"about":[{"href":"https:\/\/www.funiculart.fr\/ressources\/wp-json\/wp\/v2\/types\/page"}],"author":[{"embeddable":true,"href":"https:\/\/www.funiculart.fr\/ressources\/wp-json\/wp\/v2\/users\/1"}],"replies":[{"embeddable":true,"href":"https:\/\/www.funiculart.fr\/ressources\/wp-json\/wp\/v2\/comments?post=1596"}],"version-history":[{"count":0,"href":"https:\/\/www.funiculart.fr\/ressources\/wp-json\/wp\/v2\/pages\/1596\/revisions"}],"wp:attachment":[{"href":"https:\/\/www.funiculart.fr\/ressources\/wp-json\/wp\/v2\/media?parent=1596"}],"curies":[{"name":"wp","href":"https:\/\/api.w.org\/{rel}","templated":true}]}}