{"id":1505,"date":"2015-04-20T09:23:46","date_gmt":"2015-04-20T07:23:46","guid":{"rendered":"https:\/\/www.funiculart.fr\/ressources\/?page_id=1505"},"modified":"2015-04-20T09:53:50","modified_gmt":"2015-04-20T07:53:50","slug":"pauline-se-deplace-sur-lille-amiens-saint-quentin-reims-et-soissons","status":"publish","type":"page","link":"https:\/\/www.funiculart.fr\/ressources\/pauline-se-deplace-sur-lille-amiens-saint-quentin-reims-et-soissons\/","title":{"rendered":"Pauline se d\u00e9place sur Lille, Amiens, Saint quentin, Reims et Soissons"},"content":{"rendered":"<p>pauline &lt;<a href=\"mailto:p.cytise@orange.fr\">p.cytise@orange.fr<\/a>&gt;<\/p>\n<p>Bonjour,<br \/>\nJe suis mod\u00e8le photo je souhaite poser pour des peintres, sculpteurs ou autres artistes.Je suis une femme de 26 ans qui aime poser. Je me d\u00e9place sur Lille, Amiens, Saint quentin, Reims et Soissons<\/p>\n<p>Si vous \u00eates int\u00e9ress\u00e9, contactez moi.<\/p>\n<!-- Rendered by FancyBox without labels BEGIN -->\n\n\t<style type=\"text\/css\">\n\t\t\t\t\t#gallery-0 {\n\t\t\t\t\t\tmargin: auto;\n\t\t\t\t\t}\n\t\t\t\t\t#gallery-0 .gallery-item {\n\t\t\t\t\t\tfloat: left;\n\t\t\t\t\t\tmargin-top: 10px;\n\t\t\t\t\t\ttext-align: center;\n\t\t\t\t\t\twidth: 32%;\n\t\t\t\t\t}\n\t\t\t\t\t#gallery-0 img {\n\t\t\t\t\t\tborder: 2px solid #cfcfcf;\n\t\t\t\t\t}\n\t\t\t\t\t#gallery-0 .gallery-caption {\n\t\t\t\t\t\tmargin-left: 0;\n\t\t\t\t\t}\n\t<\/style>\n<script type=\"text\/javascript\">\n$(document).ready(function() {\n\t\/*\n\t *  Simple image gallery. Uses default settings\n\t *\/\n\n\t$(\".fancybox\").fancybox({\n\t\t\"transitionIn\"\t\t: \"none\",\n\t\t\"transitionOut\"\t\t: \"none\",\n\t\t\"titlePosition\" \t: \"over\"\n\n\t});\n});\n<\/script>\n\n\t<div id=\"gallery-0\" class=\"gallery galleryid-0 gallery-size-thumbnail\" style=\"\"><dl class=\"gallery-item\"><dt class=\"gallery-icon\">\n\t\t<a class=\"fancybox\" href=\"https:\/\/www.funiculart.fr\/ressources\/wp-content\/uploads\/2015\/04\/Pauline-Boudoir-5_1-953x1024.jpg\" rel=\"gallery-0\"><img loading=\"lazy\" decoding=\"async\" width=\"150\" height=\"300\" class=\"attachment-thumbnail\" alt=\"Pauline Cytise\" src=\"https:\/\/www.funiculart.fr\/ressources\/wp-content\/uploads\/2015\/04\/Pauline-Boudoir-5_1-150x300.jpg\" \/><\/a><\/dt><\/dl>\n\n<dl class=\"gallery-item\"><dt class=\"gallery-icon\">\n\t\t<a class=\"fancybox\" href=\"https:\/\/www.funiculart.fr\/ressources\/wp-content\/uploads\/2015\/04\/10430476_10203220345623183_502027231272577379_n.jpg\" rel=\"gallery-0\"><img loading=\"lazy\" decoding=\"async\" width=\"150\" height=\"300\" class=\"attachment-thumbnail\" alt=\"Pauline Cytise\" src=\"https:\/\/www.funiculart.fr\/ressources\/wp-content\/uploads\/2015\/04\/10430476_10203220345623183_502027231272577379_n-150x300.jpg\" \/><\/a><\/dt><\/dl>\n\n<\/div><br clear=\"all\" \/><!-- Rendered by FancyBox without labels END -->\n\n<p>&nbsp;<\/p>\n","protected":false},"excerpt":{"rendered":"<p>pauline &lt;p.cytise@orange.fr&gt; Bonjour, Je suis mod\u00e8le photo je souhaite poser pour des peintres, sculpteurs ou autres artistes.Je suis une femme de 26 ans qui aime poser. Je me d\u00e9place sur Lille, Amiens, Saint quentin, Reims et Soissons Si vous \u00eates int\u00e9ress\u00e9, contactez moi. &nbsp;<\/p>\n","protected":false},"author":1,"featured_media":0,"parent":0,"menu_order":0,"comment_status":"open","ping_status":"open","template":"","meta":{"footnotes":""},"class_list":["post-1505","page","type-page","status-publish","hentry"],"aioseo_notices":[],"_links":{"self":[{"href":"https:\/\/www.funiculart.fr\/ressources\/wp-json\/wp\/v2\/pages\/1505","targetHints":{"allow":["GET"]}}],"collection":[{"href":"https:\/\/www.funiculart.fr\/ressources\/wp-json\/wp\/v2\/pages"}],"about":[{"href":"https:\/\/www.funiculart.fr\/ressources\/wp-json\/wp\/v2\/types\/page"}],"author":[{"embeddable":true,"href":"https:\/\/www.funiculart.fr\/ressources\/wp-json\/wp\/v2\/users\/1"}],"replies":[{"embeddable":true,"href":"https:\/\/www.funiculart.fr\/ressources\/wp-json\/wp\/v2\/comments?post=1505"}],"version-history":[{"count":0,"href":"https:\/\/www.funiculart.fr\/ressources\/wp-json\/wp\/v2\/pages\/1505\/revisions"}],"wp:attachment":[{"href":"https:\/\/www.funiculart.fr\/ressources\/wp-json\/wp\/v2\/media?parent=1505"}],"curies":[{"name":"wp","href":"https:\/\/api.w.org\/{rel}","templated":true}]}}