{"id":1501,"date":"2015-04-20T09:18:28","date_gmt":"2015-04-20T07:18:28","guid":{"rendered":"https:\/\/www.funiculart.fr\/ressources\/?page_id=1501"},"modified":"2015-04-20T09:19:17","modified_gmt":"2015-04-20T07:19:17","slug":"cherche-modeles-pour-poser-dans-le-nord","status":"publish","type":"page","link":"https:\/\/www.funiculart.fr\/ressources\/cherche-modeles-pour-poser-dans-le-nord\/","title":{"rendered":"Cherche mod\u00e8les pour poser dans le nord."},"content":{"rendered":"<p>patrick &lt;<a href=\"mailto:photography59@yahoo.fr\">photography59@yahoo.fr<\/a>&gt;<\/p>\n<p>En r\u00e9gion Nord, photographe recherche jeunes filles pour poser (je recherche 26 filles) en individuelle et groupes pour la marque C-S-fabricant am\u00e9ricain de couteaux. De 18 a 40 ans, ce travail sera r\u00e9alis\u00e9 dans le but de repr\u00e9senter la marque C-S.<\/p>\n<p>Merci de m&rsquo;envoyer 1 ou 2 photo de vous si mon annonce vous int\u00e9resse.<\/p>\n<p><a href=\"https:\/\/www.funiculart.fr\/ressources\/wp-content\/uploads\/2015\/04\/01.jpg\"><img loading=\"lazy\" decoding=\"async\" class=\"aligncenter wp-image-1502 size-large\" src=\"https:\/\/www.funiculart.fr\/ressources\/wp-content\/uploads\/2015\/04\/01-1024x326.jpg\" alt=\"01\" width=\"630\" height=\"201\" srcset=\"https:\/\/www.funiculart.fr\/ressources\/wp-content\/uploads\/2015\/04\/01-1024x326.jpg 1024w, https:\/\/www.funiculart.fr\/ressources\/wp-content\/uploads\/2015\/04\/01-600x191.jpg 600w, https:\/\/www.funiculart.fr\/ressources\/wp-content\/uploads\/2015\/04\/01.jpg 1614w\" sizes=\"auto, (max-width: 630px) 100vw, 630px\" \/><\/a><\/p>\n","protected":false},"excerpt":{"rendered":"<p>patrick &lt;photography59@yahoo.fr&gt; En r\u00e9gion Nord, photographe recherche jeunes filles pour poser (je recherche 26 filles) en individuelle et groupes pour la marque C-S-fabricant am\u00e9ricain de couteaux. De 18 a 40 ans, ce travail sera r\u00e9alis\u00e9 dans le but de repr\u00e9senter la marque C-S. Merci de m&rsquo;envoyer 1 ou 2 photo de vous si mon annonce [&hellip;]<\/p>\n","protected":false},"author":1,"featured_media":0,"parent":0,"menu_order":0,"comment_status":"open","ping_status":"open","template":"","meta":{"footnotes":""},"class_list":["post-1501","page","type-page","status-publish","hentry"],"aioseo_notices":[],"_links":{"self":[{"href":"https:\/\/www.funiculart.fr\/ressources\/wp-json\/wp\/v2\/pages\/1501","targetHints":{"allow":["GET"]}}],"collection":[{"href":"https:\/\/www.funiculart.fr\/ressources\/wp-json\/wp\/v2\/pages"}],"about":[{"href":"https:\/\/www.funiculart.fr\/ressources\/wp-json\/wp\/v2\/types\/page"}],"author":[{"embeddable":true,"href":"https:\/\/www.funiculart.fr\/ressources\/wp-json\/wp\/v2\/users\/1"}],"replies":[{"embeddable":true,"href":"https:\/\/www.funiculart.fr\/ressources\/wp-json\/wp\/v2\/comments?post=1501"}],"version-history":[{"count":0,"href":"https:\/\/www.funiculart.fr\/ressources\/wp-json\/wp\/v2\/pages\/1501\/revisions"}],"wp:attachment":[{"href":"https:\/\/www.funiculart.fr\/ressources\/wp-json\/wp\/v2\/media?parent=1501"}],"curies":[{"name":"wp","href":"https:\/\/api.w.org\/{rel}","templated":true}]}}