{"id":1487,"date":"2015-04-13T10:41:55","date_gmt":"2015-04-13T08:41:55","guid":{"rendered":"https:\/\/www.funiculart.fr\/ressources\/?page_id=1487"},"modified":"2015-04-13T10:41:55","modified_gmt":"2015-04-13T08:41:55","slug":"anne-est-dispo-sur-lille-roubaix-tourcoing","status":"publish","type":"page","link":"https:\/\/www.funiculart.fr\/ressources\/anne-est-dispo-sur-lille-roubaix-tourcoing\/","title":{"rendered":"Anne est dispo sur Lille Roubaix Tourcoing."},"content":{"rendered":"<p>Anne &lt;<a href=\"mailto:anne.selliez@wanadoo.fr\">anne.selliez@wanadoo.fr<\/a>&gt;<\/p>\n<p>Mod\u00e8le exp\u00e9riment\u00e9e pour les cours d&rsquo;arts plastiques . Sculpture,dessin,peinture je vous propose d&rsquo;\u00eatre votre mod\u00e8le.<br \/>\nGrande exp\u00e9rience en danse,yoga &#8230; N&rsquo;h\u00e9sitez-pas \u00e0 prendre contact je suis dispo sur Lille Roubaix Tourcoing..<br \/>\ncordialement, Anne.<a href=\"https:\/\/www.funiculart.fr\/ressources\/wp-content\/uploads\/2015\/04\/placement-corporel-assouplissement-equilibre-detente-posture_209100.jpg\"><img loading=\"lazy\" decoding=\"async\" class=\"aligncenter size-full wp-image-1488\" src=\"https:\/\/www.funiculart.fr\/ressources\/wp-content\/uploads\/2015\/04\/placement-corporel-assouplissement-equilibre-detente-posture_209100.jpg\" alt=\"placement-corporel-assouplissement-equilibre-detente-posture_209100\" width=\"675\" height=\"450\" srcset=\"https:\/\/www.funiculart.fr\/ressources\/wp-content\/uploads\/2015\/04\/placement-corporel-assouplissement-equilibre-detente-posture_209100.jpg 675w, https:\/\/www.funiculart.fr\/ressources\/wp-content\/uploads\/2015\/04\/placement-corporel-assouplissement-equilibre-detente-posture_209100-600x400.jpg 600w\" sizes=\"auto, (max-width: 675px) 100vw, 675px\" \/><\/a><\/p>\n","protected":false},"excerpt":{"rendered":"<p>Anne &lt;anne.selliez@wanadoo.fr&gt; Mod\u00e8le exp\u00e9riment\u00e9e pour les cours d&rsquo;arts plastiques . Sculpture,dessin,peinture je vous propose d&rsquo;\u00eatre votre mod\u00e8le. Grande exp\u00e9rience en danse,yoga &#8230; N&rsquo;h\u00e9sitez-pas \u00e0 prendre contact je suis dispo sur Lille Roubaix Tourcoing.. cordialement, Anne.<\/p>\n","protected":false},"author":1,"featured_media":0,"parent":0,"menu_order":0,"comment_status":"open","ping_status":"open","template":"","meta":{"footnotes":""},"class_list":["post-1487","page","type-page","status-publish","hentry"],"aioseo_notices":[],"_links":{"self":[{"href":"https:\/\/www.funiculart.fr\/ressources\/wp-json\/wp\/v2\/pages\/1487","targetHints":{"allow":["GET"]}}],"collection":[{"href":"https:\/\/www.funiculart.fr\/ressources\/wp-json\/wp\/v2\/pages"}],"about":[{"href":"https:\/\/www.funiculart.fr\/ressources\/wp-json\/wp\/v2\/types\/page"}],"author":[{"embeddable":true,"href":"https:\/\/www.funiculart.fr\/ressources\/wp-json\/wp\/v2\/users\/1"}],"replies":[{"embeddable":true,"href":"https:\/\/www.funiculart.fr\/ressources\/wp-json\/wp\/v2\/comments?post=1487"}],"version-history":[{"count":0,"href":"https:\/\/www.funiculart.fr\/ressources\/wp-json\/wp\/v2\/pages\/1487\/revisions"}],"wp:attachment":[{"href":"https:\/\/www.funiculart.fr\/ressources\/wp-json\/wp\/v2\/media?parent=1487"}],"curies":[{"name":"wp","href":"https:\/\/api.w.org\/{rel}","templated":true}]}}